{"id":547,"date":"2025-04-27T13:55:55","date_gmt":"2025-04-27T13:55:55","guid":{"rendered":"https:\/\/hlm.ro\/en\/?page_id=547"},"modified":"2025-06-05T11:03:14","modified_gmt":"2025-06-05T11:03:14","slug":"pako","status":"publish","type":"page","link":"https:\/\/hlm.ro\/en\/german-shepherd\/males\/pako\/","title":{"rendered":"Pako"},"content":{"rendered":"<section class=\"bde-section-547-100 bde-section\">\n              \n  \n  \n\t\n\n  <div class=\"section-background-overlay\"><\/div>\n\n\n<div class=\"section-container\"><div class=\"bde-fancy-divider-547-102 bde-fancy-divider\">\n\n\n<div class=\"bde-fancy-divider__wrapper\">\n  <div class=\"bde-fancy-divider__separator   \">\n  \t  <\/div>\n<\/div>\n\n<\/div><h1 class=\"bde-heading-547-103 bde-heading\">\nPako von<br>Hingabe\n<\/h1><\/div>\n<\/section><section class=\"bde-section-547-105 bde-section\">\n  \n  \n\t\n\n\n\n<div class=\"section-container\"><div class=\"bde-columns-547-261 bde-columns\"><div class=\"bde-column-547-264 bde-column\">\n  \n  \n\t\n\n\n\n<div class=\"bde-columns-547-356 bde-columns\"><div class=\"bde-column-547-357 bde-column\">\n  \n  \n\t\n\n\n\n<div class=\"bde-div-547-360 bde-div\">\n              \n  \n  \n\t\n\n\n\n<h4 class=\"bde-heading-547-361 bde-heading\">\nInfo\n<\/h4>\n<\/div><div class=\"bde-rich-text-547-362 bde-rich-text breakdance-rich-text-styles\">\n<div style=\"font-family: 'Helvetica Neue', sans-serif; font-size: 12px; color: #333; line-height: 1.6; max-width: 300px;\">\n  <dl>\n    <div style=\"display: flex; margin-bottom: 8px;\">\n      <dt style=\"width: 120px;\">Kennel<\/dt><dd>Casa di Arancina<\/dd>\n    <\/div>\n    <div style=\"display: flex; margin-bottom: 8px;\">\n      <dt style=\"width: 120px;\">Hair<\/dt><dd>Stockhair<\/dd>\n    <\/div>\n    <div style=\"display: flex; margin-bottom: 8px;\">\n      <dt style=\"width: 120px;\">Sire born:<\/dt><dd>22 March 2024<\/dd>\n    <\/div>\n    <div style=\"display: flex; margin-bottom: 8px;\">\n      <dt style=\"width: 120px;\">Pedigree:<\/dt><dd>ROI - 24\/47324<\/dd>\n    <\/div>\n    <div style=\"display: flex; margin-bottom: 8px;\">\n      <dt style=\"width: 120px;\">Microchip:<\/dt><dd>380260102756391<\/dd>\n    <\/div>\n    <div style=\"display: flex; margin-bottom: 8px;\">\n      <dt style=\"width: 120px;\">DNA:<\/dt><dd>Gepr\u00fcft<\/dd>\n    <\/div>\n    <div style=\"display: flex; margin-bottom: 8px;\">\n      <dt style=\"width: 120px;\">HD:<\/dt><dd>Normal<\/dd>\n    <\/div>\n    <div style=\"display: flex; margin-bottom: 8px;\">\n      <dt style=\"width: 120px;\">ED:<\/dt><dd>Normal<\/dd>\n    <\/div>\n  <\/dl>\n<\/div>\n\n<\/div>\n<\/div><div class=\"bde-column-547-370 bde-column\">\n  \n  \n\t\n\n\n\n<div class=\"bde-div-547-371 bde-div\">\n              \n  \n  \n\t\n\n\n\n<h4 class=\"bde-heading-547-372 bde-heading\">\nResults\n<\/h4>\n<\/div><div class=\"bde-rich-text-547-373 bde-rich-text breakdance-rich-text-styles\">\n<p>WesenTest<\/p>\n<\/div>\n<\/div><\/div><div class=\"bde-fancy-divider-547-354 bde-fancy-divider\">\n\n\n<div class=\"bde-fancy-divider__wrapper\">\n  <div class=\"bde-fancy-divider__separator   \">\n  \t  <\/div>\n<\/div>\n\n<\/div><a class=\"bde-container-link-547-375 bde-container-link breakdance-link\" href=\"https:\/\/hlm.ro\/wp-content\/uploads\/2025\/04\/Pako-e1745746218352.jpg\" target=\"_self\" data-lightbox-id=\"547-264\" data-type=\"lightbox\">\n  \n  \n\t\n\n\n\n<h3 class=\"bde-heading-547-376 bde-heading\">\nPako v. Hingabe\n<\/h3><img decoding=\"async\" class=\"bde-image2-547-377 bde-image2\" src=\"https:\/\/hlm.ro\/wp-content\/uploads\/2025\/04\/Pako-e1745746218352-213x300.jpg\" alt=\"Pako von Hingabe - Mascul Ciobanesc German\" loading=\"lazy\" srcset=\"https:\/\/hlm.ro\/wp-content\/uploads\/2025\/04\/Pako-e1745746218352.jpg 400w, https:\/\/hlm.ro\/wp-content\/uploads\/2025\/04\/Pako-e1745746218352-213x300.jpg 213w\" sizes=\"(max-width: 400px) 100vw, 400px\">\n\n<\/a><div class=\"bde-rich-text-547-366 bde-rich-text breakdance-rich-text-styles\">\n<p><strong>Pako v. Hingabe<\/strong> is a young male <strong>German Shepherd<\/strong> with exceptional genetics and remarkable results. In 2025, Pako achieved <strong>3rd place at the specialty exhibition in Amara<\/strong>, confirming his potential as a future champion.<\/p>\n<p>This dog comes from a <strong>top bloodline<\/strong>, being the son of <strong>Iris v. Hingabe<\/strong> and <strong>Cosmo di Casa Beggiato<\/strong>, two well-known names in the German Shepherd world:<\/p>\n<ul>\n<li>\n<p>His mother, <strong>Iris v. Hingabe<\/strong>, ranked <strong>21st out of 97 dogs at the 2023 Italian Championship<\/strong>, a result that attests to her exceptional structure and temperament qualities.<\/p>\n<\/li>\n<li>\n<p>His father, <strong>Cosmo di Casa Beggiato<\/strong>, achieved <strong>V27 place at the 2024 World Championship<\/strong>, demonstrating value and performance at the highest level.<\/p>\n<\/li>\n<\/ul>\n<p><strong>Pako v. Hingabe<\/strong> inherits the ideal characteristics for a <strong>German Shepherd for both show and work<\/strong>: a robust build, fluid movement, a noble expression, and a perfect balance between temperament and stability.<\/p>\n<p>Due to his exceptional pedigree and early results, <strong>Pako v. Hingabe<\/strong> is a reference dog for future owners or breeders passionate about quality and performance.<\/p>\n\n<\/div><h4 class=\"bde-heading-547-367 bde-heading\">\nPedigree\n<\/h4><div class=\"bde-fancy-divider-547-355 bde-fancy-divider\">\n\n\n<div class=\"bde-fancy-divider__wrapper\">\n  <div class=\"bde-fancy-divider__separator   \">\n  \t  <\/div>\n<\/div>\n\n<\/div><div class=\"bde-code-block-547-365 bde-code-block\">\n\n  <style>\n    table {\n        border: 1px solid #666;\n        border-collapse: collapse;\n    }\n    \n    td {\n        border: none;\n    }\n    \n    table tr td {\n        border-bottom: thin solid #666;\n        background: url(https:\/\/hlm.ro\/wp-content\/uploads\/2025\/04\/acoloada_mare-1.png.webp);\n        background-repeat: no-repeat;\n        background-position: right 0;\n        -moz-background-size: contain;\n        -webkit-background-size: contain;\n        background-size: contain;\n        margin-left: 20px;\n        padding: 5px !important;\n        color: #4f6d90;\n    }\n    \n    table thead tr th, table tfoot tr th, table tbody tr td, table tr td, table tfoot tr td {\n        font-size: 12px;\n        line-height: 18px;\n    }\n    \n    td {\n        display: table-cell;\n        vertical-align: inherit;\n    }\n\n    \/* Crearea unui spa\u021biu \u00eentre grupurile de str\u0103bunici *\/\n    tr.strabunici {\n        margin-bottom: 20px;\n    }\n  \n<\/style>\n\n    <table style=\"width: 100%; height: 300px; background: #d9e8eb; padding: 5px;\">\n        <!-- Titlu pentru tabel -->\n        <caption style=\"font-size: 14px; font-weight: bold; margin-bottom: 10px;\">Dog Pedigree <\/caption>\n        \n        <tbody>\n            <!-- Grupul 1 de str\u0103bunici -->\n            <tr class=\"strabunici\">\n                <td rowspan=\"4\" style=\"width: 25%;\">Cosmo di Casa Beggiato<\/td>\n                <td rowspan=\"2\" style=\"width: 35%;\">Quantum von Sch\u00f6nen Rosen<\/td>\n                <td style=\"background: none !important; width: 40%;\">Mondo di Casa Palomba<\/td>\n            <\/tr>\n            <tr>\n                <td style=\"background: none !important; width: 40%;\">Ima vom Pendler<\/td>\n            <\/tr>\n            <tr class=\"strabunici\">\n                <td rowspan=\"2\">Jaquelyne di Casa Beggiato<\/td>\n                <td style=\"background: none !important; width: 40%;\">Leon III di Casa Beggiato<\/td>\n            <\/tr>\n            <tr>\n                <td style=\"background: none !important; width: 40%;\">Nausicaa di Casa Beggiato<\/td>\n            <\/tr>\n\n            <!-- Grupul 2 de str\u0103bunici -->\n            <tr class=\"strabunici\">\n                <td rowspan=\"4\">Iris von Hingabe<\/td>\n                <td rowspan=\"2\">Quaskal di Casa Beggiato<\/td>\n                <td style=\"background: none !important; width: 40%;\">Robin di Casa Beggiato<\/td>\n            <\/tr>\n            <tr>\n                <td style=\"background: none !important; width: 40%;\">Nulla di Casa Beggiato<\/td>\n            <\/tr>\n            <tr class=\"strabunici\">\n                <td rowspan=\"2\">Brenda von Hingabe<\/td>\n                <td style=\"background: none !important; width: 40%;\">Haldo di Ca' San Marco<\/td>\n            <\/tr>\n            <tr>\n                <td style=\"background: none !important; width: 40%;\">Haifa vom Fichtenschlag<\/td>\n            <\/tr>\n        <\/tbody>\n    <\/table>\n\n\n\n\n<\/div><div class=\"bde-columns-547-309 bde-columns\"><div class=\"bde-column-547-310 bde-column\">\n  \n  \n\t\n\n\n\n<h3 class=\"bde-heading-547-311 bde-heading\">\nGerman Shepherd Kennel - Casa di Arancina\n<\/h3><div class=\"bde-fancy-divider-547-312 bde-fancy-divider\">\n\n\n<div class=\"bde-fancy-divider__wrapper\">\n  <div class=\"bde-fancy-divider__separator   \">\n  \t  <\/div>\n<\/div>\n\n<\/div><div class=\"bde-fancy-divider-547-313 bde-fancy-divider\">\n\n\n<div class=\"bde-fancy-divider__wrapper\">\n  <div class=\"bde-fancy-divider__separator   \">\n  \t  <\/div>\n<\/div>\n\n<\/div><div class=\"bde-rich-text-547-314 bde-rich-text breakdance-rich-text-styles\">\n<p>Casa di Arancina, a kennel specialized in breeding\u00a0<a href=\"https:\/\/hlm.ro\/en\/\">German Shepherds<\/a>, was founded in 2015 in Bucharest. Ara was the source of inspiration for our passion and the development of this kennel. We collaborate with other exceptional kennels to obtain remarkable specimens and to select individuals with excellent genetics.<\/p>\n<\/div>\n<\/div><div class=\"bde-column-547-315 bde-column\">\n  \n  \n\t\n\n\n\n<h3 class=\"bde-heading-547-316 bde-heading\">\nVideo Gallery\n<\/h3><div class=\"bde-fancy-divider-547-317 bde-fancy-divider\">\n\n\n<div class=\"bde-fancy-divider__wrapper\">\n  <div class=\"bde-fancy-divider__separator   \">\n  \t  <\/div>\n<\/div>\n\n<\/div><div class=\"bde-image-hover-card-547-318 bde-image-hover-card galerie-video\">\n           \n            \n            \n\n    \n    \n    \n    \n    \n    <a class=\"breakdance-link\" href=\"https:\/\/hlm.ro\/en\/german-shepherd\/gallery\/\" target=\"_self\" data-type=\"url\"  >\n\n<figure class=\"ee-imagehover c4-izmir c4-border-bottom c4-image-pan-down\">\n    <img decoding=\"async\" class=\"breakdance-image-object\" src=\"https:\/\/hlm.ro\/wp-content\/uploads\/2025\/04\/ciobanesc-german-padure.webp\" width=\"500\" height=\"313\" srcset=\"https:\/\/hlm.ro\/wp-content\/uploads\/2025\/04\/ciobanesc-german-padure.webp 500w, https:\/\/hlm.ro\/wp-content\/uploads\/2025\/04\/ciobanesc-german-padure-300x188.webp 300w\" sizes=\"auto, (max-width: 500px) 100vw, 500px\" alt=\"femela ciobanesc german din canisa noastra in padure\" loading=\"lazy\">\n  <figcaption class=\"c4-layout-top-right\">\n                <div class=\"c4-rotate-down-right c4-delay-200\">\n              <h4 class=\"ee-imagehover-title\">Gallery<\/h4>\n      <\/div>\n                <div class=\"c4-rotate-down-left c4-delay-400\">\n              <h4 class=\"ee-imagehover-title\">Arancina<\/h4>\n      <\/div>\n      <\/figcaption>\n<\/figure>\n      <\/a>\n\n<\/div>\n<\/div><\/div>\n<\/div><\/div><\/div>\n<\/section>","protected":false},"excerpt":{"rendered":"<p>Pako vonHingabe Info KennelCasa di Arancina HairStockhair Sire born:22 March 2024 Pedigree:ROI &#8211; 24\/47324 Microchip:380260102756391 DNA:Gepr\u00fcft HD:Normal ED:Normal Results WesenTest Pako v. Hingabe Pako v. Hingabe is a young male German Shepherd with exceptional genetics and remarkable results. In 2025, Pako achieved 3rd place at the specialty exhibition in Amara, confirming his potential as a [&hellip;]<\/p>\n","protected":false},"author":1,"featured_media":0,"parent":420,"menu_order":0,"comment_status":"closed","ping_status":"closed","template":"","meta":{"_breakdance_hide_in_design_set":false,"_breakdance_tags":"","footnotes":""},"class_list":["post-547","page","type-page","status-publish","hentry"],"yoast_head":"<!-- This site is optimized with the Yoast SEO plugin v26.5 - https:\/\/yoast.com\/wordpress\/plugins\/seo\/ -->\n<title>German Shepherd Pako | Casa di Arancina Kennel<\/title>\n<meta name=\"description\" content=\"Meet Pako, our German Shepherd top male with top pedigree, health-tested (DNA &amp; hips), and excellent temperament. Raised with care.\" \/>\n<meta name=\"robots\" content=\"index, follow, max-snippet:-1, max-image-preview:large, max-video-preview:-1\" \/>\n<link rel=\"canonical\" href=\"https:\/\/hlm.ro\/en\/german-shepherd\/males\/pako\/\" \/>\n<meta property=\"og:locale\" content=\"en_US\" \/>\n<meta property=\"og:type\" content=\"article\" \/>\n<meta property=\"og:title\" content=\"German Shepherd Pako | Casa di Arancina Kennel\" \/>\n<meta property=\"og:description\" content=\"Meet Pako, our German Shepherd top male with top pedigree, health-tested (DNA &amp; hips), and excellent temperament. Raised with care.\" \/>\n<meta property=\"og:url\" content=\"https:\/\/hlm.ro\/en\/german-shepherd\/males\/pako\/\" \/>\n<meta property=\"og:site_name\" content=\"German Shepherd Puppies with Pedigree \u2013 Certified Breeder in Romania\" \/>\n<meta property=\"article:publisher\" content=\"https:\/\/www.facebook.com\/canisaciobanescgerman\" \/>\n<meta property=\"article:modified_time\" content=\"2025-06-05T11:03:14+00:00\" \/>\n<meta property=\"og:image\" content=\"https:\/\/hlm.ro\/en\/wp-content\/uploads\/2025\/04\/pui-ciobanesc-german-pe-covor.webp\" \/>\n\t<meta property=\"og:image:width\" content=\"1600\" \/>\n\t<meta property=\"og:image:height\" content=\"1066\" \/>\n\t<meta property=\"og:image:type\" content=\"image\/webp\" \/>\n<meta name=\"twitter:card\" content=\"summary_large_image\" \/>\n<meta name=\"twitter:label1\" content=\"Est. reading time\" \/>\n\t<meta name=\"twitter:data1\" content=\"2 minutes\" \/>\n<script type=\"application\/ld+json\" class=\"yoast-schema-graph\">{\"@context\":\"https:\/\/schema.org\",\"@graph\":[{\"@type\":\"WebPage\",\"@id\":\"https:\/\/hlm.ro\/en\/german-shepherd\/males\/pako\/\",\"url\":\"https:\/\/hlm.ro\/en\/german-shepherd\/males\/pako\/\",\"name\":\"German Shepherd Pako | Casa di Arancina Kennel\",\"isPartOf\":{\"@id\":\"https:\/\/hlm.ro\/en\/#website\"},\"datePublished\":\"2025-04-27T13:55:55+00:00\",\"dateModified\":\"2025-06-05T11:03:14+00:00\",\"description\":\"Meet Pako, our German Shepherd top male with top pedigree, health-tested (DNA & hips), and excellent temperament. Raised with care.\",\"breadcrumb\":{\"@id\":\"https:\/\/hlm.ro\/en\/german-shepherd\/males\/pako\/#breadcrumb\"},\"inLanguage\":\"en-US\",\"potentialAction\":[{\"@type\":\"ReadAction\",\"target\":[\"https:\/\/hlm.ro\/en\/german-shepherd\/males\/pako\/\"]}]},{\"@type\":\"BreadcrumbList\",\"@id\":\"https:\/\/hlm.ro\/en\/german-shepherd\/males\/pako\/#breadcrumb\",\"itemListElement\":[{\"@type\":\"ListItem\",\"position\":1,\"name\":\"Home\",\"item\":\"https:\/\/hlm.ro\/en\/\"},{\"@type\":\"ListItem\",\"position\":2,\"name\":\"German Shepherd\",\"item\":\"https:\/\/hlm.ro\/en\/german-shepherd\/\"},{\"@type\":\"ListItem\",\"position\":3,\"name\":\"German Shepherd > Males\",\"item\":\"https:\/\/hlm.ro\/en\/german-shepherd\/males\/\"},{\"@type\":\"ListItem\",\"position\":4,\"name\":\"Males > Pako\"}]},{\"@type\":\"WebSite\",\"@id\":\"https:\/\/hlm.ro\/en\/#website\",\"url\":\"https:\/\/hlm.ro\/en\/\",\"name\":\"HLM.ro - Canisa Ciob\u0103nesc German Bucure\u0219ti\",\"description\":\" Purebred German Shepherd Puppies \u2013 Responsible Breeding, Guaranteed Pedigree\",\"publisher\":{\"@id\":\"https:\/\/hlm.ro\/en\/#organization\"},\"alternateName\":\"Casa di Arancina - Pui Ciob\u0103nesc German de Ras\u0103 Pur\u0103\",\"potentialAction\":[{\"@type\":\"SearchAction\",\"target\":{\"@type\":\"EntryPoint\",\"urlTemplate\":\"https:\/\/hlm.ro\/en\/?s={search_term_string}\"},\"query-input\":{\"@type\":\"PropertyValueSpecification\",\"valueRequired\":true,\"valueName\":\"search_term_string\"}}],\"inLanguage\":\"en-US\"},{\"@type\":\"Organization\",\"@id\":\"https:\/\/hlm.ro\/en\/#organization\",\"name\":\"Casa di Arancina\",\"alternateName\":\"HLM\",\"url\":\"https:\/\/hlm.ro\/en\/\",\"logo\":{\"@type\":\"ImageObject\",\"inLanguage\":\"en-US\",\"@id\":\"https:\/\/hlm.ro\/en\/#\/schema\/logo\/image\/\",\"url\":\"https:\/\/hlm.ro\/en\/wp-content\/uploads\/2025\/04\/golden_final-e1745963534137.png\",\"contentUrl\":\"https:\/\/hlm.ro\/en\/wp-content\/uploads\/2025\/04\/golden_final-e1745963534137.png\",\"width\":180,\"height\":101,\"caption\":\"Casa di Arancina\"},\"image\":{\"@id\":\"https:\/\/hlm.ro\/en\/#\/schema\/logo\/image\/\"},\"sameAs\":[\"https:\/\/www.facebook.com\/canisaciobanescgerman\",\"https:\/\/www.instagram.com\/casa_di_arancina\/\"]}]}<\/script>\n<!-- \/ Yoast SEO plugin. -->","yoast_head_json":{"title":"German Shepherd Pako | Casa di Arancina Kennel","description":"Meet Pako, our German Shepherd top male with top pedigree, health-tested (DNA & hips), and excellent temperament. Raised with care.","robots":{"index":"index","follow":"follow","max-snippet":"max-snippet:-1","max-image-preview":"max-image-preview:large","max-video-preview":"max-video-preview:-1"},"canonical":"https:\/\/hlm.ro\/en\/german-shepherd\/males\/pako\/","og_locale":"en_US","og_type":"article","og_title":"German Shepherd Pako | Casa di Arancina Kennel","og_description":"Meet Pako, our German Shepherd top male with top pedigree, health-tested (DNA & hips), and excellent temperament. Raised with care.","og_url":"https:\/\/hlm.ro\/en\/german-shepherd\/males\/pako\/","og_site_name":"German Shepherd Puppies with Pedigree \u2013 Certified Breeder in Romania","article_publisher":"https:\/\/www.facebook.com\/canisaciobanescgerman","article_modified_time":"2025-06-05T11:03:14+00:00","og_image":[{"width":1600,"height":1066,"url":"https:\/\/hlm.ro\/en\/wp-content\/uploads\/2025\/04\/pui-ciobanesc-german-pe-covor.webp","type":"image\/webp"}],"twitter_card":"summary_large_image","twitter_misc":{"Est. reading time":"2 minutes"},"schema":{"@context":"https:\/\/schema.org","@graph":[{"@type":"WebPage","@id":"https:\/\/hlm.ro\/en\/german-shepherd\/males\/pako\/","url":"https:\/\/hlm.ro\/en\/german-shepherd\/males\/pako\/","name":"German Shepherd Pako | Casa di Arancina Kennel","isPartOf":{"@id":"https:\/\/hlm.ro\/en\/#website"},"datePublished":"2025-04-27T13:55:55+00:00","dateModified":"2025-06-05T11:03:14+00:00","description":"Meet Pako, our German Shepherd top male with top pedigree, health-tested (DNA & hips), and excellent temperament. Raised with care.","breadcrumb":{"@id":"https:\/\/hlm.ro\/en\/german-shepherd\/males\/pako\/#breadcrumb"},"inLanguage":"en-US","potentialAction":[{"@type":"ReadAction","target":["https:\/\/hlm.ro\/en\/german-shepherd\/males\/pako\/"]}]},{"@type":"BreadcrumbList","@id":"https:\/\/hlm.ro\/en\/german-shepherd\/males\/pako\/#breadcrumb","itemListElement":[{"@type":"ListItem","position":1,"name":"Home","item":"https:\/\/hlm.ro\/en\/"},{"@type":"ListItem","position":2,"name":"German Shepherd","item":"https:\/\/hlm.ro\/en\/german-shepherd\/"},{"@type":"ListItem","position":3,"name":"German Shepherd > Males","item":"https:\/\/hlm.ro\/en\/german-shepherd\/males\/"},{"@type":"ListItem","position":4,"name":"Males > Pako"}]},{"@type":"WebSite","@id":"https:\/\/hlm.ro\/en\/#website","url":"https:\/\/hlm.ro\/en\/","name":"HLM.ro - Canisa Ciob\u0103nesc German Bucure\u0219ti","description":" Purebred German Shepherd Puppies \u2013 Responsible Breeding, Guaranteed Pedigree","publisher":{"@id":"https:\/\/hlm.ro\/en\/#organization"},"alternateName":"Casa di Arancina - Pui Ciob\u0103nesc German de Ras\u0103 Pur\u0103","potentialAction":[{"@type":"SearchAction","target":{"@type":"EntryPoint","urlTemplate":"https:\/\/hlm.ro\/en\/?s={search_term_string}"},"query-input":{"@type":"PropertyValueSpecification","valueRequired":true,"valueName":"search_term_string"}}],"inLanguage":"en-US"},{"@type":"Organization","@id":"https:\/\/hlm.ro\/en\/#organization","name":"Casa di Arancina","alternateName":"HLM","url":"https:\/\/hlm.ro\/en\/","logo":{"@type":"ImageObject","inLanguage":"en-US","@id":"https:\/\/hlm.ro\/en\/#\/schema\/logo\/image\/","url":"https:\/\/hlm.ro\/en\/wp-content\/uploads\/2025\/04\/golden_final-e1745963534137.png","contentUrl":"https:\/\/hlm.ro\/en\/wp-content\/uploads\/2025\/04\/golden_final-e1745963534137.png","width":180,"height":101,"caption":"Casa di Arancina"},"image":{"@id":"https:\/\/hlm.ro\/en\/#\/schema\/logo\/image\/"},"sameAs":["https:\/\/www.facebook.com\/canisaciobanescgerman","https:\/\/www.instagram.com\/casa_di_arancina\/"]}]}},"_links":{"self":[{"href":"https:\/\/hlm.ro\/en\/wp-json\/wp\/v2\/pages\/547","targetHints":{"allow":["GET"]}}],"collection":[{"href":"https:\/\/hlm.ro\/en\/wp-json\/wp\/v2\/pages"}],"about":[{"href":"https:\/\/hlm.ro\/en\/wp-json\/wp\/v2\/types\/page"}],"author":[{"embeddable":true,"href":"https:\/\/hlm.ro\/en\/wp-json\/wp\/v2\/users\/1"}],"replies":[{"embeddable":true,"href":"https:\/\/hlm.ro\/en\/wp-json\/wp\/v2\/comments?post=547"}],"version-history":[{"count":13,"href":"https:\/\/hlm.ro\/en\/wp-json\/wp\/v2\/pages\/547\/revisions"}],"predecessor-version":[{"id":908,"href":"https:\/\/hlm.ro\/en\/wp-json\/wp\/v2\/pages\/547\/revisions\/908"}],"up":[{"embeddable":true,"href":"https:\/\/hlm.ro\/en\/wp-json\/wp\/v2\/pages\/420"}],"wp:attachment":[{"href":"https:\/\/hlm.ro\/en\/wp-json\/wp\/v2\/media?parent=547"}],"curies":[{"name":"wp","href":"https:\/\/api.w.org\/{rel}","templated":true}]}}