{"id":515,"date":"2025-04-27T13:22:54","date_gmt":"2025-04-27T13:22:54","guid":{"rendered":"https:\/\/hlm.ro\/en\/?page_id=515"},"modified":"2025-11-04T09:50:44","modified_gmt":"2025-11-04T09:50:44","slug":"links","status":"publish","type":"page","link":"https:\/\/hlm.ro\/en\/links\/","title":{"rendered":"Link"},"content":{"rendered":"<section class=\"bde-section-515-100 bde-section\">\n              \n  \n  \n\t\n\n  <div class=\"section-background-overlay\"><\/div>\n\n\n<div class=\"section-container\"><div class=\"bde-fancy-divider-515-102 bde-fancy-divider\">\n\n\n<div class=\"bde-fancy-divider__wrapper\">\n  <div class=\"bde-fancy-divider__separator   \">\n  \t  <\/div>\n<\/div>\n\n<\/div><h1 class=\"bde-heading-515-103 bde-heading\">\nUseful Links for <br>German Shepherd <br>Enthusiasts\n<\/h1><\/div>\n<\/section><section class=\"bde-section-515-105 bde-section\">\n  \n  \n\t\n\n\n\n<div class=\"section-container\"><div class=\"bde-columns-515-261 bde-columns\"><div class=\"bde-column-515-264 bde-column\">\n  \n  \n\t\n\n\n\n<h2 class=\"bde-heading-515-369 bde-heading\">\nSolutions Just a Click Away<br>\n<\/h2><div class=\"bde-text-515-370 bde-text\">\nConnect with the Community:<br>Useful Links for Sharing Experiences and Knowledge<br>Welcome to the resource section of our kennel, dedicated to the noble German Shepherd Dog! Here you will find direct links to some of the most important official platforms and international databases\u2014essential tools for breeders, owners, and enthusiasts of the breed.<br><br>Stay informed with verified pedigrees, health testing data, breed standards, and more from official sources:\n<\/div><div class=\"bde-fancy-divider-515-354 bde-fancy-divider\">\n\n\n<div class=\"bde-fancy-divider__wrapper\">\n  <div class=\"bde-fancy-divider__separator   \">\n  \t  <\/div>\n<\/div>\n\n<\/div><div class=\"bde-columns-515-371 bde-columns\"><div class=\"bde-column-515-372 bde-column\">\n  \n  \n\t\n\n\n\n<a class=\"bde-container-link-515-375 bde-container-link breakdance-link\" href=\"https:\/\/www.schaeferhunde.de\/en\/the-german-shepherd\" target=\"_blank\" data-type=\"url\">\n  \n  \n\t\n\n\n\n<img decoding=\"async\" class=\"bde-image2-515-378 bde-image2\" src=\"https:\/\/hlm.ro\/wp-content\/uploads\/2025\/04\/logo_sv-_1_.webp\" alt=\"Logo of the National German Shepherd Club of Germany (Verein f\u00fcr Deutsche Sch\u00e4ferhunde), dedicated exclusively to German Shepherds.\" loading=\"lazy\" sizes=\"(max-width: 57px) 100vw, 57px\">\n\n<\/a><a class=\"bde-text-link-515-377 bde-text-link breakdance-link\" href=\"https:\/\/www.schaeferhunde.de\/en\/the-german-shepherd\" target=\"_self\" data-type=\"url\">\n  SV-DOxS\n\n<\/a>\n<\/div><div class=\"bde-column-515-380 bde-column\">\n  \n  \n\t\n\n\n\n<a class=\"bde-container-link-515-381 bde-container-link breakdance-link\" href=\"https:\/\/schaeferhunden.eu\/winsis_x\/winsissearch.php?tp=1\" target=\"_blank\" data-type=\"url\">\n  \n  \n\t\n\n\n\n<img decoding=\"async\" class=\"bde-image2-515-382 bde-image2\" src=\"https:\/\/hlm.ro\/wp-content\/uploads\/2025\/04\/logo-winsiscat-70-70.webp\" alt=\"logo winsiscat\" loading=\"lazy\">\n\n<\/a><a class=\"bde-text-link-515-383 bde-text-link breakdance-link\" href=\"https:\/\/schaeferhunden.eu\/winsis_x\/winsissearch.php?tp=1\" target=\"_self\" data-type=\"url\">\n  winSiS-CAT.com\n\n<\/a>\n<\/div><div class=\"bde-column-515-384 bde-column\">\n  \n  \n\t\n\n\n\n<a class=\"bde-container-link-515-385 bde-container-link breakdance-link\" href=\"https:\/\/www.wusv.org\/\" target=\"_self\" data-type=\"url\">\n  \n  \n\t\n\n\n\n<img decoding=\"async\" class=\"bde-image2-515-386 bde-image2\" src=\"https:\/\/hlm.ro\/wp-content\/uploads\/2025\/04\/logo_wusv.webp\" alt=\"logo wusv\" loading=\"lazy\" sizes=\"(max-width: 104px) 100vw, 104px\">\n\n<\/a><a class=\"bde-text-link-515-387 bde-text-link breakdance-link\" href=\"https:\/\/www.wusv.org\/\" target=\"_self\" data-type=\"url\">\n  WUSV\n\n<\/a>\n<\/div><\/div><div class=\"bde-columns-515-388 bde-columns\"><div class=\"bde-column-515-389 bde-column\">\n  \n  \n\t\n\n\n\n<a class=\"bde-container-link-515-390 bde-container-link breakdance-link\" href=\"http:\/\/www.jaquenetta.com\/Decknachrichten.htm\" target=\"_blank\" data-type=\"url\">\n  \n  \n\t\n\n\n\n<img decoding=\"async\" class=\"bde-image2-515-391 bde-image2\" src=\"https:\/\/hlm.ro\/wp-content\/uploads\/2025\/04\/logo-jaquenetta-90-90.webp\" alt=\"Logo jaquenetta german shepherd dogs NACHRICHTEN DES SV-ZUCHTBUCHAMTES\" loading=\"lazy\">\n\n<\/a><a class=\"bde-text-link-515-392 bde-text-link breakdance-link\" href=\"http:\/\/www.jaquenetta.com\/Decknachrichten.htm\" target=\"_self\" data-type=\"url\">\n  Monte\n\n<\/a>\n<\/div><div class=\"bde-column-515-393 bde-column\">\n  \n  \n\t\n\n\n\n<a class=\"bde-container-link-515-394 bde-container-link breakdance-link\" href=\"https:\/\/cncg.ro\/\" target=\"_blank\" data-type=\"url\">\n  \n  \n\t\n\n\n\n<img decoding=\"async\" class=\"bde-image2-515-395 bde-image2\" src=\"https:\/\/hlm.ro\/wp-content\/uploads\/2025\/04\/sigla-cncg-80-80.webp\" alt=\"logo cncg\" loading=\"lazy\">\n\n<\/a><a class=\"bde-text-link-515-396 bde-text-link breakdance-link\" href=\"https:\/\/cncg.ro\/\" target=\"_self\" data-type=\"url\">\n  CNCG\n\n<\/a>\n<\/div><div class=\"bde-column-515-397 bde-column\">\n  \n  \n\t\n\n\n\n<a class=\"bde-container-link-515-398 bde-container-link breakdance-link\" href=\"https:\/\/fci.be\/en\/\" target=\"_blank\" data-type=\"url\">\n  \n  \n\t\n\n\n\n<img decoding=\"async\" class=\"bde-image2-515-399 bde-image2\" src=\"https:\/\/hlm.ro\/wp-content\/uploads\/2025\/04\/logo_fci-_1_.webp\" alt=\"logo fci\" loading=\"lazy\" sizes=\"(max-width: 70px) 100vw, 70px\">\n\n<\/a><a class=\"bde-text-link-515-400 bde-text-link breakdance-link\" href=\"https:\/\/fci.be\/en\/\" target=\"_self\" data-type=\"url\">\n  F\u00e9d\u00e9ration Cynologique<br>Internationale\n\n<\/a>\n<\/div><\/div><div class=\"bde-columns-515-309 bde-columns\"><div class=\"bde-column-515-310 bde-column\">\n  \n  \n\t\n\n\n\n<h3 class=\"bde-heading-515-311 bde-heading\">\nGerman Shepherd Kennel - Casa di Arancina<br>\n<\/h3><div class=\"bde-fancy-divider-515-312 bde-fancy-divider\">\n\n\n<div class=\"bde-fancy-divider__wrapper\">\n  <div class=\"bde-fancy-divider__separator   \">\n  \t  <\/div>\n<\/div>\n\n<\/div><div class=\"bde-fancy-divider-515-313 bde-fancy-divider\">\n\n\n<div class=\"bde-fancy-divider__wrapper\">\n  <div class=\"bde-fancy-divider__separator   \">\n  \t  <\/div>\n<\/div>\n\n<\/div><div class=\"bde-rich-text-515-314 bde-rich-text breakdance-rich-text-styles\">\n<p>Casa di Arancina, a kennel specialized in breeding <a href=\"https:\/\/hlm.ro\/en\/german-shepherd\/\">German Shepherds<\/a>, was founded in 2015 in Bucharest. Ara was the source of inspiration for our passion and the development of this kennel. We collaborate with other exceptional kennels to obtain remarkable specimens and to select individuals with excellent genetics.<\/p><p>\u00a0<\/p>\n<\/div>\n<\/div><div class=\"bde-column-515-315 bde-column\">\n  \n  \n\t\n\n\n\n<h3 class=\"bde-heading-515-316 bde-heading\">\nVideo Gallery\n<\/h3><div class=\"bde-fancy-divider-515-317 bde-fancy-divider\">\n\n\n<div class=\"bde-fancy-divider__wrapper\">\n  <div class=\"bde-fancy-divider__separator   \">\n  \t  <\/div>\n<\/div>\n\n<\/div><div class=\"bde-image-hover-card-515-318 bde-image-hover-card galerie-video\">\n           \n            \n            \n\n    \n    \n    \n    \n    \n    <a class=\"breakdance-link\" href=\"https:\/\/hlm.ro\/en\/german-shepherd\/gallery\/\" target=\"_self\" data-type=\"url\"  >\n\n<figure class=\"ee-imagehover c4-izmir c4-border-bottom c4-image-pan-down\">\n    <img decoding=\"async\" class=\"breakdance-image-object\" src=\"https:\/\/hlm.ro\/wp-content\/uploads\/2025\/04\/ciobanesc-german-padure.webp\" width=\"500\" height=\"313\" srcset=\"https:\/\/hlm.ro\/wp-content\/uploads\/2025\/04\/ciobanesc-german-padure.webp 500w, https:\/\/hlm.ro\/wp-content\/uploads\/2025\/04\/ciobanesc-german-padure-300x188.webp 300w\" sizes=\"auto, (max-width: 500px) 100vw, 500px\" alt=\"femela ciobanesc german din canisa noastra in padure\" loading=\"lazy\">\n  <figcaption class=\"c4-layout-top-right\">\n                <div class=\"c4-rotate-down-right c4-delay-200\">\n              <h4 class=\"ee-imagehover-title\">Gallery<\/h4>\n      <\/div>\n                <div class=\"c4-rotate-down-left c4-delay-400\">\n              <h4 class=\"ee-imagehover-title\">Arancina<\/h4>\n      <\/div>\n      <\/figcaption>\n<\/figure>\n      <\/a>\n\n<\/div>\n<\/div><\/div>\n<\/div><\/div><\/div>\n<\/section>","protected":false},"excerpt":{"rendered":"<p>Useful Links for German Shepherd Enthusiasts Solutions Just a Click Away Connect with the Community:Useful Links for Sharing Experiences and KnowledgeWelcome to the resource section of our kennel, dedicated to the noble German Shepherd Dog! Here you will find direct links to some of the most important official platforms and international databases\u2014essential tools for breeders, [&hellip;]<\/p>\n","protected":false},"author":1,"featured_media":0,"parent":0,"menu_order":0,"comment_status":"closed","ping_status":"closed","template":"","meta":{"_breakdance_hide_in_design_set":false,"_breakdance_tags":"","footnotes":""},"class_list":["post-515","page","type-page","status-publish","hentry"],"yoast_head":"<!-- This site is optimized with the Yoast SEO plugin v26.5 - https:\/\/yoast.com\/wordpress\/plugins\/seo\/ -->\n<title>Useful German Shepherd Links \u2013 Trusted Resources | HLM.ro<\/title>\n<meta name=\"description\" content=\"Discover useful links about German Shepherds: SV-DOx, WinSicat, and more. Recommended tools and databases for breeders and enthusiasts.\" \/>\n<meta name=\"robots\" content=\"index, follow, max-snippet:-1, max-image-preview:large, max-video-preview:-1\" \/>\n<link rel=\"canonical\" href=\"https:\/\/hlm.ro\/en\/links\/\" \/>\n<meta property=\"og:locale\" content=\"en_US\" \/>\n<meta property=\"og:type\" content=\"article\" \/>\n<meta property=\"og:title\" content=\"Useful German Shepherd Links \u2013 Trusted Resources | HLM.ro\" \/>\n<meta property=\"og:description\" content=\"Discover useful links about German Shepherds: SV-DOx, WinSicat, and more. Recommended tools and databases for breeders and enthusiasts.\" \/>\n<meta property=\"og:url\" content=\"https:\/\/hlm.ro\/en\/links\/\" \/>\n<meta property=\"og:site_name\" content=\"German Shepherd Puppies with Pedigree \u2013 Certified Breeder in Romania\" \/>\n<meta property=\"article:publisher\" content=\"https:\/\/www.facebook.com\/canisaciobanescgerman\" \/>\n<meta property=\"article:modified_time\" content=\"2025-11-04T09:50:44+00:00\" \/>\n<meta property=\"og:image\" content=\"https:\/\/hlm.ro\/en\/wp-content\/uploads\/2025\/04\/pui-ciobanesc-german-pe-covor.webp\" \/>\n\t<meta property=\"og:image:width\" content=\"1600\" \/>\n\t<meta property=\"og:image:height\" content=\"1066\" \/>\n\t<meta property=\"og:image:type\" content=\"image\/webp\" \/>\n<meta name=\"twitter:card\" content=\"summary_large_image\" \/>\n<meta name=\"twitter:label1\" content=\"Est. reading time\" \/>\n\t<meta name=\"twitter:data1\" content=\"2 minutes\" \/>\n<script type=\"application\/ld+json\" class=\"yoast-schema-graph\">{\"@context\":\"https:\/\/schema.org\",\"@graph\":[{\"@type\":\"WebPage\",\"@id\":\"https:\/\/hlm.ro\/en\/links\/\",\"url\":\"https:\/\/hlm.ro\/en\/links\/\",\"name\":\"Useful German Shepherd Links \u2013 Trusted Resources | HLM.ro\",\"isPartOf\":{\"@id\":\"https:\/\/hlm.ro\/en\/#website\"},\"datePublished\":\"2025-04-27T13:22:54+00:00\",\"dateModified\":\"2025-11-04T09:50:44+00:00\",\"description\":\"Discover useful links about German Shepherds: SV-DOx, WinSicat, and more. Recommended tools and databases for breeders and enthusiasts.\",\"breadcrumb\":{\"@id\":\"https:\/\/hlm.ro\/en\/links\/#breadcrumb\"},\"inLanguage\":\"en-US\",\"potentialAction\":[{\"@type\":\"ReadAction\",\"target\":[\"https:\/\/hlm.ro\/en\/links\/\"]}]},{\"@type\":\"BreadcrumbList\",\"@id\":\"https:\/\/hlm.ro\/en\/links\/#breadcrumb\",\"itemListElement\":[{\"@type\":\"ListItem\",\"position\":1,\"name\":\"Home\",\"item\":\"https:\/\/hlm.ro\/en\/\"},{\"@type\":\"ListItem\",\"position\":2,\"name\":\"Links\"}]},{\"@type\":\"WebSite\",\"@id\":\"https:\/\/hlm.ro\/en\/#website\",\"url\":\"https:\/\/hlm.ro\/en\/\",\"name\":\"HLM.ro - Canisa Ciob\u0103nesc German Bucure\u0219ti\",\"description\":\" Purebred German Shepherd Puppies \u2013 Responsible Breeding, Guaranteed Pedigree\",\"publisher\":{\"@id\":\"https:\/\/hlm.ro\/en\/#organization\"},\"alternateName\":\"Casa di Arancina - Pui Ciob\u0103nesc German de Ras\u0103 Pur\u0103\",\"potentialAction\":[{\"@type\":\"SearchAction\",\"target\":{\"@type\":\"EntryPoint\",\"urlTemplate\":\"https:\/\/hlm.ro\/en\/?s={search_term_string}\"},\"query-input\":{\"@type\":\"PropertyValueSpecification\",\"valueRequired\":true,\"valueName\":\"search_term_string\"}}],\"inLanguage\":\"en-US\"},{\"@type\":\"Organization\",\"@id\":\"https:\/\/hlm.ro\/en\/#organization\",\"name\":\"Casa di Arancina\",\"alternateName\":\"HLM\",\"url\":\"https:\/\/hlm.ro\/en\/\",\"logo\":{\"@type\":\"ImageObject\",\"inLanguage\":\"en-US\",\"@id\":\"https:\/\/hlm.ro\/en\/#\/schema\/logo\/image\/\",\"url\":\"https:\/\/hlm.ro\/en\/wp-content\/uploads\/2025\/04\/golden_final-e1745963534137.png\",\"contentUrl\":\"https:\/\/hlm.ro\/en\/wp-content\/uploads\/2025\/04\/golden_final-e1745963534137.png\",\"width\":180,\"height\":101,\"caption\":\"Casa di Arancina\"},\"image\":{\"@id\":\"https:\/\/hlm.ro\/en\/#\/schema\/logo\/image\/\"},\"sameAs\":[\"https:\/\/www.facebook.com\/canisaciobanescgerman\",\"https:\/\/www.instagram.com\/casa_di_arancina\/\"]}]}<\/script>\n<!-- \/ Yoast SEO plugin. -->","yoast_head_json":{"title":"Useful German Shepherd Links \u2013 Trusted Resources | HLM.ro","description":"Discover useful links about German Shepherds: SV-DOx, WinSicat, and more. Recommended tools and databases for breeders and enthusiasts.","robots":{"index":"index","follow":"follow","max-snippet":"max-snippet:-1","max-image-preview":"max-image-preview:large","max-video-preview":"max-video-preview:-1"},"canonical":"https:\/\/hlm.ro\/en\/links\/","og_locale":"en_US","og_type":"article","og_title":"Useful German Shepherd Links \u2013 Trusted Resources | HLM.ro","og_description":"Discover useful links about German Shepherds: SV-DOx, WinSicat, and more. Recommended tools and databases for breeders and enthusiasts.","og_url":"https:\/\/hlm.ro\/en\/links\/","og_site_name":"German Shepherd Puppies with Pedigree \u2013 Certified Breeder in Romania","article_publisher":"https:\/\/www.facebook.com\/canisaciobanescgerman","article_modified_time":"2025-11-04T09:50:44+00:00","og_image":[{"width":1600,"height":1066,"url":"https:\/\/hlm.ro\/en\/wp-content\/uploads\/2025\/04\/pui-ciobanesc-german-pe-covor.webp","type":"image\/webp"}],"twitter_card":"summary_large_image","twitter_misc":{"Est. reading time":"2 minutes"},"schema":{"@context":"https:\/\/schema.org","@graph":[{"@type":"WebPage","@id":"https:\/\/hlm.ro\/en\/links\/","url":"https:\/\/hlm.ro\/en\/links\/","name":"Useful German Shepherd Links \u2013 Trusted Resources | HLM.ro","isPartOf":{"@id":"https:\/\/hlm.ro\/en\/#website"},"datePublished":"2025-04-27T13:22:54+00:00","dateModified":"2025-11-04T09:50:44+00:00","description":"Discover useful links about German Shepherds: SV-DOx, WinSicat, and more. Recommended tools and databases for breeders and enthusiasts.","breadcrumb":{"@id":"https:\/\/hlm.ro\/en\/links\/#breadcrumb"},"inLanguage":"en-US","potentialAction":[{"@type":"ReadAction","target":["https:\/\/hlm.ro\/en\/links\/"]}]},{"@type":"BreadcrumbList","@id":"https:\/\/hlm.ro\/en\/links\/#breadcrumb","itemListElement":[{"@type":"ListItem","position":1,"name":"Home","item":"https:\/\/hlm.ro\/en\/"},{"@type":"ListItem","position":2,"name":"Links"}]},{"@type":"WebSite","@id":"https:\/\/hlm.ro\/en\/#website","url":"https:\/\/hlm.ro\/en\/","name":"HLM.ro - Canisa Ciob\u0103nesc German Bucure\u0219ti","description":" Purebred German Shepherd Puppies \u2013 Responsible Breeding, Guaranteed Pedigree","publisher":{"@id":"https:\/\/hlm.ro\/en\/#organization"},"alternateName":"Casa di Arancina - Pui Ciob\u0103nesc German de Ras\u0103 Pur\u0103","potentialAction":[{"@type":"SearchAction","target":{"@type":"EntryPoint","urlTemplate":"https:\/\/hlm.ro\/en\/?s={search_term_string}"},"query-input":{"@type":"PropertyValueSpecification","valueRequired":true,"valueName":"search_term_string"}}],"inLanguage":"en-US"},{"@type":"Organization","@id":"https:\/\/hlm.ro\/en\/#organization","name":"Casa di Arancina","alternateName":"HLM","url":"https:\/\/hlm.ro\/en\/","logo":{"@type":"ImageObject","inLanguage":"en-US","@id":"https:\/\/hlm.ro\/en\/#\/schema\/logo\/image\/","url":"https:\/\/hlm.ro\/en\/wp-content\/uploads\/2025\/04\/golden_final-e1745963534137.png","contentUrl":"https:\/\/hlm.ro\/en\/wp-content\/uploads\/2025\/04\/golden_final-e1745963534137.png","width":180,"height":101,"caption":"Casa di Arancina"},"image":{"@id":"https:\/\/hlm.ro\/en\/#\/schema\/logo\/image\/"},"sameAs":["https:\/\/www.facebook.com\/canisaciobanescgerman","https:\/\/www.instagram.com\/casa_di_arancina\/"]}]}},"_links":{"self":[{"href":"https:\/\/hlm.ro\/en\/wp-json\/wp\/v2\/pages\/515","targetHints":{"allow":["GET"]}}],"collection":[{"href":"https:\/\/hlm.ro\/en\/wp-json\/wp\/v2\/pages"}],"about":[{"href":"https:\/\/hlm.ro\/en\/wp-json\/wp\/v2\/types\/page"}],"author":[{"embeddable":true,"href":"https:\/\/hlm.ro\/en\/wp-json\/wp\/v2\/users\/1"}],"replies":[{"embeddable":true,"href":"https:\/\/hlm.ro\/en\/wp-json\/wp\/v2\/comments?post=515"}],"version-history":[{"count":30,"href":"https:\/\/hlm.ro\/en\/wp-json\/wp\/v2\/pages\/515\/revisions"}],"predecessor-version":[{"id":939,"href":"https:\/\/hlm.ro\/en\/wp-json\/wp\/v2\/pages\/515\/revisions\/939"}],"wp:attachment":[{"href":"https:\/\/hlm.ro\/en\/wp-json\/wp\/v2\/media?parent=515"}],"curies":[{"name":"wp","href":"https:\/\/api.w.org\/{rel}","templated":true}]}}