{"id":504,"date":"2025-04-27T13:02:35","date_gmt":"2025-04-27T13:02:35","guid":{"rendered":"https:\/\/hlm.ro\/en\/?page_id=504"},"modified":"2025-06-06T08:57:54","modified_gmt":"2025-06-06T08:57:54","slug":"afrodita","status":"publish","type":"page","link":"https:\/\/hlm.ro\/en\/german-shepherd\/females\/afrodita\/","title":{"rendered":"Afrodita"},"content":{"rendered":"<section class=\"bde-section-504-100 bde-section\">\n              \n  \n  \n\t\n\n  <div class=\"section-background-overlay\"><\/div>\n\n\n<div class=\"section-container\"><div class=\"bde-fancy-divider-504-102 bde-fancy-divider\">\n\n\n<div class=\"bde-fancy-divider__wrapper\">\n  <div class=\"bde-fancy-divider__separator   \">\n  \t  <\/div>\n<\/div>\n\n<\/div><h1 class=\"bde-heading-504-103 bde-heading\">\nAfrodita<br>von Haus S.\n<\/h1><\/div>\n<\/section><section class=\"bde-section-504-105 bde-section\">\n  \n  \n\t\n\n\n\n<div class=\"section-container\"><div class=\"bde-columns-504-261 bde-columns\"><div class=\"bde-column-504-264 bde-column\">\n  \n  \n\t\n\n\n\n<div class=\"bde-columns-504-356 bde-columns\"><div class=\"bde-column-504-357 bde-column\">\n  \n  \n\t\n\n\n\n<div class=\"bde-div-504-360 bde-div\">\n              \n  \n  \n\t\n\n\n\n<h4 class=\"bde-heading-504-361 bde-heading\">\nInfo\n<\/h4>\n<\/div><div class=\"bde-rich-text-504-362 bde-rich-text breakdance-rich-text-styles\">\n<div style=\"font-family: 'Helvetica Neue', sans-serif; font-size: 12px; color: #333; line-height: 1.6; max-width: 300px;\">\n  <dl>\n    <div style=\"display: flex; margin-bottom: 8px;\">\n      <dt style=\"width: 120px;\">Canisa<\/dt><dd>Casa di Arancina<\/dd>\n    <\/div>\n    <div style=\"display: flex; margin-bottom: 8px;\">\n      <dt style=\"width: 120px;\">Hair<\/dt><dd>Stockhair<\/dd>\n    <\/div>\n    <div style=\"display: flex; margin-bottom: 8px;\">\n      <dt style=\"width: 120px;\">Dam born:<\/dt><dd>08 February 2021<\/dd>\n    <\/div>\n    <div style=\"display: flex; margin-bottom: 8px;\">\n      <dt style=\"width: 120px;\">Pedigree:<\/dt><dd>34770-19\/166<\/dd>\n    <\/div>\n    <div style=\"display: flex; margin-bottom: 8px;\">\n      <dt style=\"width: 120px;\">Microchip:<\/dt><dd>642090001925164<\/dd>\n    <\/div>\n    <div style=\"display: flex; margin-bottom: 8px;\">\n      <dt style=\"width: 120px;\">DNA:<\/dt><dd>Gepruft<\/dd>\n    <\/div>\n    <div style=\"display: flex; margin-bottom: 8px;\">\n      <dt style=\"width: 120px;\">HD:<\/dt><dd>Normal<\/dd>\n    <\/div>\n    <div style=\"display: flex; margin-bottom: 8px;\">\n      <dt style=\"width: 120px;\">ED:<\/dt><dd>Normal<\/dd>\n    <\/div>\n  <\/dl>\n<\/div>\n\n<\/div>\n<\/div><div class=\"bde-column-504-370 bde-column\">\n  \n  \n\t\n\n\n\n<div class=\"bde-div-504-371 bde-div\">\n              \n  \n  \n\t\n\n\n\n<h4 class=\"bde-heading-504-372 bde-heading\">\nResults\n<\/h4>\n<\/div><div class=\"bde-rich-text-504-373 bde-rich-text breakdance-rich-text-styles\">\n<div style=\"font-family: 'Helvetica Neue', sans-serif; font-size: 12px; color: #333; line-height: 1.6; max-width: 400px;\">\n  <dl>\n    <div style=\"display: flex; margin-bottom: 8px;\">\n      <dt style=\"width: 120px;\">BH \u2013 IGP<\/dt><dd style=\"margin-left: 8px;\"> <\/dd>\n    <\/div>\n    <div style=\"display: flex; margin-bottom: 8px;\">\n      <dt style=\"width: 120px;\">CAC:<\/dt><dd style=\"margin-left: 8px;\">22.06.2019 \u2013 BUCURESTI: FP 1, BPUPPY<\/dd>\n    <\/div>\n    <div style=\"display: flex; margin-bottom: 8px;\">\n      <dt style=\"width: 120px;\">CACIB:<\/dt><dd style=\"margin-left: 8px;\">BUCURESTI \u2013 15.05.2022: EXC1 CAC, CACIB<\/dd>\n    <\/div>\n    <div style=\"display: flex; margin-bottom: 8px;\">\n      <dt style=\"width: 120px;\">CAC:<\/dt><dd style=\"margin-left: 8px;\">BUCURESTI \u2013 15.05.2022: CAC, BB, BOS<\/dd>\n    <\/div>\n    <div style=\"display: flex; margin-bottom: 8px;\">\n      <dt style=\"width: 120px;\">CNCG Arges:<\/dt><dd style=\"margin-left: 8px;\">4 September 2022: FB 3 F.C.I. Marko Jovovic<\/dd>\n    <\/div>\n  <\/dl>\n<\/div>\n\n<\/div>\n<\/div><\/div><div class=\"bde-gallery-504-374 bde-gallery\">\n\n\n  \n\n\n\n\n\n\n\n\n\n\n<div class=\"ee-gallery ee-gallery--default ee-gallery--grid ee-gallery--single ee-gallery--lightbox ee-gallery-- ee-gallery--caption- ee-gallery--caption-none ee-gallery--ratio\">\n                  \n      <a class=\"ee-gallery-item ee-gallery-item--image ee-gallery-item--single\" href=\"https:\/\/hlm.ro\/wp-content\/uploads\/2025\/04\/femela-paza.webp\"  data-sub-html=\"<span><\/span>\" data-category=\"1\"                  data-lg-size=\"1024-676\"\n\n      >\n        <figure class=\"ee-gallery-item-figure\">\n                        <img decoding=\"async\" class=\"breakdance-image-object\" src=\"https:\/\/hlm.ro\/wp-content\/uploads\/2025\/04\/femela-paza.webp\" width=\"1024\" height=\"676\" srcset=\"https:\/\/hlm.ro\/wp-content\/uploads\/2025\/04\/femela-paza.webp 1024w, https:\/\/hlm.ro\/wp-content\/uploads\/2025\/04\/femela-paza-300x198.webp 300w, https:\/\/hlm.ro\/wp-content\/uploads\/2025\/04\/femela-paza-768x507.webp 768w\" sizes=\"auto, (max-width: 1024px) 100vw, 1024px\" alt=\"Female German Shepherd biting the sleeve.\" loading=\"lazy\">\n          \n                  <\/figure>\n      <\/a>\n\n                \n      <a class=\"ee-gallery-item ee-gallery-item--image ee-gallery-item--single\" href=\"https:\/\/hlm.ro\/wp-content\/uploads\/2025\/04\/sesiune-dresaj.webp\"  data-sub-html=\"<span><\/span>\" data-category=\"1\"                  data-lg-size=\"1024-657\"\n\n      >\n        <figure class=\"ee-gallery-item-figure\">\n                        <img decoding=\"async\" class=\"breakdance-image-object\" src=\"https:\/\/hlm.ro\/wp-content\/uploads\/2025\/04\/sesiune-dresaj.webp\" width=\"1024\" height=\"657\" srcset=\"https:\/\/hlm.ro\/wp-content\/uploads\/2025\/04\/sesiune-dresaj.webp 1024w, https:\/\/hlm.ro\/wp-content\/uploads\/2025\/04\/sesiune-dresaj-300x192.webp 300w, https:\/\/hlm.ro\/wp-content\/uploads\/2025\/04\/sesiune-dresaj-768x493.webp 768w\" sizes=\"auto, (max-width: 1024px) 100vw, 1024px\" alt=\"Female German Shepherd showing her teeth.\" loading=\"lazy\">\n          \n                  <\/figure>\n      <\/a>\n\n                \n      <a class=\"ee-gallery-item ee-gallery-item--image ee-gallery-item--single\" href=\"https:\/\/hlm.ro\/wp-content\/uploads\/2025\/04\/afrodita-dresaj.webp\"  data-sub-html=\"<span><\/span>\" data-category=\"1\"                  data-lg-size=\"1536-988\"\n\n      >\n        <figure class=\"ee-gallery-item-figure\">\n                        <img decoding=\"async\" class=\"breakdance-image-object\" src=\"https:\/\/hlm.ro\/wp-content\/uploads\/2025\/04\/afrodita-dresaj.webp\" width=\"1536\" height=\"988\" srcset=\"https:\/\/hlm.ro\/wp-content\/uploads\/2025\/04\/afrodita-dresaj.webp 1536w, https:\/\/hlm.ro\/wp-content\/uploads\/2025\/04\/afrodita-dresaj-300x193.webp 300w, https:\/\/hlm.ro\/wp-content\/uploads\/2025\/04\/afrodita-dresaj-1024x659.webp 1024w, https:\/\/hlm.ro\/wp-content\/uploads\/2025\/04\/afrodita-dresaj-768x494.webp 768w\" sizes=\"auto, (max-width: 1536px) 100vw, 1536px\" alt=\"Female German Shepherd playing with a ball.\" loading=\"lazy\">\n          \n                  <\/figure>\n      <\/a>\n\n                \n      <a class=\"ee-gallery-item ee-gallery-item--image ee-gallery-item--single\" href=\"https:\/\/hlm.ro\/wp-content\/uploads\/2025\/04\/adult-ciobanesc-german.webp\"  data-sub-html=\"<span><\/span>\" data-category=\"1\"                  data-lg-size=\"844-590\"\n\n      >\n        <figure class=\"ee-gallery-item-figure\">\n                        <img decoding=\"async\" class=\"breakdance-image-object\" src=\"https:\/\/hlm.ro\/wp-content\/uploads\/2025\/04\/adult-ciobanesc-german.webp\" width=\"844\" height=\"590\" srcset=\"https:\/\/hlm.ro\/wp-content\/uploads\/2025\/04\/adult-ciobanesc-german.webp 844w, https:\/\/hlm.ro\/wp-content\/uploads\/2025\/04\/adult-ciobanesc-german-300x210.webp 300w, https:\/\/hlm.ro\/wp-content\/uploads\/2025\/04\/adult-ciobanesc-german-768x537.webp 768w\" sizes=\"auto, (max-width: 844px) 100vw, 844px\" alt=\"Female German Shepherd in position on the training field.\" loading=\"lazy\">\n          \n                  <\/figure>\n      <\/a>\n\n      \n  <\/div>\n\n\n\n<\/div><div class=\"bde-fancy-divider-504-354 bde-fancy-divider\">\n\n\n<div class=\"bde-fancy-divider__wrapper\">\n  <div class=\"bde-fancy-divider__separator   \">\n  \t  <\/div>\n<\/div>\n\n<\/div><div class=\"bde-rich-text-504-366 bde-rich-text breakdance-rich-text-styles\">\n<p class=\"\" data-start=\"127\" data-end=\"370\"><strong data-start=\"127\" data-end=\"193\">For dog lovers and enthusiasts of German dog breeds<\/strong>, we proudly present <strong data-start=\"222\" data-end=\"250\">Afrodita Von Haus Stoica<\/strong>. Afrodita stands out both in her preparation for the Korung tests and in specialized <strong data-start=\"348\" data-end=\"369\">guard and protection<\/strong> activities.<\/p>\n<p class=\"\" data-start=\"372\" data-end=\"650\">She has successfully obtained the <strong data-start=\"392\" data-end=\"422\">BH Exam and the IGP1 title<\/strong>, two prestigious certifications that confirm her discipline, intelligence, and exceptional abilities. These tests rigorously assess <strong data-start=\"561\" data-end=\"606\">skills in guarding, obedience, and control<\/strong>, as well as the dog\u2019s loyalty and physical condition.<\/p>\n<p class=\"\" data-start=\"652\" data-end=\"893\">Afrodita has shown excellent cooperation with her handler and a <strong data-start=\"721\" data-end=\"754\">natural aptitude for protection<\/strong>, while also being a well-balanced companion. From a medical standpoint, she is perfectly healthy, with HD-Normal and ED-Normal results.<\/p>\n<p class=\"\" data-start=\"895\" data-end=\"1129\">With an <strong data-start=\"903\" data-end=\"932\">impeccable bloodline<\/strong>, Afrodita is the result of our passion for the selection and training of German Shepherd dogs. Follow her progress on this page and enjoy the updates from our program.<\/p>\n<p class=\"\" data-start=\"1131\" data-end=\"1295\"><strong data-start=\"1131\" data-end=\"1173\">Contact us for more details<\/strong> about Afrodita, her availability, and our program dedicated to breeding dogs for <strong data-start=\"1275\" data-end=\"1294\">protection and family<\/strong>.<\/p>\n\n<\/div><h4 class=\"bde-heading-504-367 bde-heading\">\nPedigree\n<\/h4><div class=\"bde-fancy-divider-504-355 bde-fancy-divider\">\n\n\n<div class=\"bde-fancy-divider__wrapper\">\n  <div class=\"bde-fancy-divider__separator   \">\n  \t  <\/div>\n<\/div>\n\n<\/div><div class=\"bde-code-block-504-365 bde-code-block\">\n\n  <style>\n    table {\n        border: 1px solid #666;\n        border-collapse: collapse;\n        width: 100%;\n        height: 300px;\n        background: #d9e8eb;\n        padding: 5px;\n    }\n\n    caption {\n        font-size: 14px;\n        font-weight: bold;\n        margin-bottom: 10px;\n    }\n    \n    th, td {\n        border-bottom: thin solid #666;\n        padding: 5px;\n        color: #4f6d90;\n        font-size: 12px;\n        line-height: 18px;\n    }\n\n    th {\n        text-align: left;\n    }\n\n    td {\n        padding-left: 20px;\n    }\n\n    \/* Stil pentru coloan\u0103 unde este aplicat\u0103 imaginea *\/\n    td.background {\n        background: url(https:\/\/hlm.ro\/wp-content\/uploads\/2025\/04\/acoloada_mare-1.png.webp) no-repeat right center;\n        background-size: contain;\n    }\n\n    \/* Responsivitate pentru tabele pe mobil *\/\n    @media screen and (max-width: 600px) {\n        table {\n            width: 100%;\n            font-size: 10px;\n        }\n\n        td, th {\n            padding: 5px;\n        }\n    }\n<\/style>\n\n\n<table>\n    <caption>Dog Pedigree <\/caption>\n    <tbody>\n        <!-- R\u00e2nduri pentru str\u0103bunici -->\n        <tr>\n            <td rowspan=\"4\" class=\"background\">Iliano vom Haus Angel<\/td> <!-- Str\u0103bunicul 1 -->\n            <td rowspan=\"2\" class=\"background\">Yack von del Nando<\/td>   <!-- Bunicul 1 -->\n            <td>Homar dei Colli di Uzzano<\/td>       <!-- P\u0103rintele 1 -->\n        <\/tr>\n        <tr>\n            <td>Gabi vom Schwedenring<\/td>            <!-- P\u0103rintele 2 -->\n        <\/tr>\n        <tr>\n            <td rowspan=\"2\" class=\"background\">Odette vom Merkur Stern<\/td> <!-- Bunicul 2 -->\n            <td>Fred vom Rumbachtal<\/td>              <!-- P\u0103rintele 3 -->\n        <\/tr>\n        <tr>\n            <td>Jin vom Merkur-Stern<\/td>             <!-- P\u0103rintele 4 -->\n        <\/tr>\n\n        <!-- R\u00e2nduri pentru str\u0103bunici -->\n        <tr>\n            <td rowspan=\"4\" class=\"background\">Uzzi von Haus Stoica<\/td>  <!-- Str\u0103bunicul 2 -->\n            <td rowspan=\"2\" class=\"background\">Aris von Melanchthon<\/td> <!-- Bunicul 3 -->\n            <td>Yoker vom Pendler<\/td>                <!-- P\u0103rintele 5 -->\n        <\/tr>\n        <tr>\n            <td>Daisy von Melanchthon<\/td>           <!-- P\u0103rintele 6 -->\n        <\/tr>\n        <tr>\n            <td rowspan=\"2\" class=\"background\">Mischaa von Haus Stoica<\/td> <!-- Bunicul 4 -->\n            <td>Figo du Val d'Anzin<\/td>             <!-- P\u0103rintele 7 -->\n        <\/tr>\n        <tr>\n            <td>Cassandra in Regnum Marianum<\/td>    <!-- P\u0103rintele 8 -->\n        <\/tr>\n    <\/tbody>\n<\/table>\n\n\n\n\n<\/div><div class=\"bde-columns-504-309 bde-columns\"><div class=\"bde-column-504-310 bde-column\">\n  \n  \n\t\n\n\n\n<h3 class=\"bde-heading-504-311 bde-heading\">\nGerman Shepherd Kennel - Casa di Arancina\n<\/h3><div class=\"bde-fancy-divider-504-312 bde-fancy-divider\">\n\n\n<div class=\"bde-fancy-divider__wrapper\">\n  <div class=\"bde-fancy-divider__separator   \">\n  \t  <\/div>\n<\/div>\n\n<\/div><div class=\"bde-fancy-divider-504-313 bde-fancy-divider\">\n\n\n<div class=\"bde-fancy-divider__wrapper\">\n  <div class=\"bde-fancy-divider__separator   \">\n  \t  <\/div>\n<\/div>\n\n<\/div><div class=\"bde-rich-text-504-314 bde-rich-text breakdance-rich-text-styles\">\nCasa di Arancina, a kennel specialized in breeding German Shepherds, was founded in 2015 in Bucharest. Ara was the source of inspiration for our passion and the development of this kennel. We collaborate with other exceptional kennels to obtain remarkable specimens and to select individuals with excellent genetics.\n\n\n<\/div>\n<\/div><div class=\"bde-column-504-315 bde-column\">\n  \n  \n\t\n\n\n\n<h3 class=\"bde-heading-504-316 bde-heading\">\nVideo Gallery\n<\/h3><div class=\"bde-fancy-divider-504-317 bde-fancy-divider\">\n\n\n<div class=\"bde-fancy-divider__wrapper\">\n  <div class=\"bde-fancy-divider__separator   \">\n  \t  <\/div>\n<\/div>\n\n<\/div><div class=\"bde-image-hover-card-504-318 bde-image-hover-card galerie-video\">\n           \n            \n            \n\n    \n    \n    \n    \n    \n    <a class=\"breakdance-link\" href=\"https:\/\/hlm.ro\/en\/german-shepherd\/gallery\/\" target=\"_self\" data-type=\"url\"  >\n\n<figure class=\"ee-imagehover c4-izmir c4-border-bottom c4-image-pan-down\">\n    <img decoding=\"async\" class=\"breakdance-image-object\" src=\"https:\/\/hlm.ro\/wp-content\/uploads\/2025\/04\/ciobanesc-german-padure.webp\" width=\"500\" height=\"313\" srcset=\"https:\/\/hlm.ro\/wp-content\/uploads\/2025\/04\/ciobanesc-german-padure.webp 500w, https:\/\/hlm.ro\/wp-content\/uploads\/2025\/04\/ciobanesc-german-padure-300x188.webp 300w\" sizes=\"auto, (max-width: 500px) 100vw, 500px\" alt=\"femela ciobanesc german din canisa noastra in padure\" loading=\"lazy\">\n  <figcaption class=\"c4-layout-top-right\">\n                <div class=\"c4-rotate-down-right c4-delay-200\">\n              <h4 class=\"ee-imagehover-title\">Gallery<\/h4>\n      <\/div>\n                <div class=\"c4-rotate-down-left c4-delay-400\">\n              <h4 class=\"ee-imagehover-title\">Arancina<\/h4>\n      <\/div>\n      <\/figcaption>\n<\/figure>\n      <\/a>\n\n<\/div>\n<\/div><\/div>\n<\/div><\/div><\/div>\n<\/section>","protected":false},"excerpt":{"rendered":"<p>Afroditavon Haus S. Info CanisaCasa di Arancina HairStockhair Dam born:08 February 2021 Pedigree:34770-19\/166 Microchip:642090001925164 DNA:Gepruft HD:Normal ED:Normal Results BH \u2013 IGP CAC:22.06.2019 \u2013 BUCURESTI: FP 1, BPUPPY CACIB:BUCURESTI \u2013 15.05.2022: EXC1 CAC, CACIB CAC:BUCURESTI \u2013 15.05.2022: CAC, BB, BOS CNCG Arges:4 September 2022: FB 3 F.C.I. Marko Jovovic For dog lovers and enthusiasts of German [&hellip;]<\/p>\n","protected":false},"author":1,"featured_media":0,"parent":427,"menu_order":0,"comment_status":"closed","ping_status":"closed","template":"","meta":{"_breakdance_hide_in_design_set":false,"_breakdance_tags":"","footnotes":""},"class_list":["post-504","page","type-page","status-publish","hentry"],"yoast_head":"<!-- This site is optimized with the Yoast SEO plugin v26.5 - https:\/\/yoast.com\/wordpress\/plugins\/seo\/ -->\n<title>Afrodita \u2013 Top German Shepherd from Our Kennel<\/title>\n<meta name=\"description\" content=\"Meet Afrodita, our German Shepherd female with top pedigree, health-tested (DNA &amp; hips), and excellent temperament. Raised with passion.\" \/>\n<meta name=\"robots\" content=\"index, follow, max-snippet:-1, max-image-preview:large, max-video-preview:-1\" \/>\n<link rel=\"canonical\" href=\"https:\/\/hlm.ro\/en\/german-shepherd\/females\/afrodita\/\" \/>\n<meta property=\"og:locale\" content=\"en_US\" \/>\n<meta property=\"og:type\" content=\"article\" \/>\n<meta property=\"og:title\" content=\"Afrodita \u2013 Top German Shepherd from Our Kennel\" \/>\n<meta property=\"og:description\" content=\"Meet Afrodita, our German Shepherd female with top pedigree, health-tested (DNA &amp; hips), and excellent temperament. Raised with passion.\" \/>\n<meta property=\"og:url\" content=\"https:\/\/hlm.ro\/en\/german-shepherd\/females\/afrodita\/\" \/>\n<meta property=\"og:site_name\" content=\"German Shepherd Puppies with Pedigree \u2013 Certified Breeder in Romania\" \/>\n<meta property=\"article:publisher\" content=\"https:\/\/www.facebook.com\/canisaciobanescgerman\" \/>\n<meta property=\"article:modified_time\" content=\"2025-06-06T08:57:54+00:00\" \/>\n<meta property=\"og:image\" content=\"https:\/\/hlm.ro\/en\/wp-content\/uploads\/2025\/04\/pui-ciobanesc-german-pe-covor.webp\" \/>\n\t<meta property=\"og:image:width\" content=\"1600\" \/>\n\t<meta property=\"og:image:height\" content=\"1066\" \/>\n\t<meta property=\"og:image:type\" content=\"image\/webp\" \/>\n<meta name=\"twitter:card\" content=\"summary_large_image\" \/>\n<meta name=\"twitter:label1\" content=\"Est. reading time\" \/>\n\t<meta name=\"twitter:data1\" content=\"3 minutes\" \/>\n<script type=\"application\/ld+json\" class=\"yoast-schema-graph\">{\"@context\":\"https:\/\/schema.org\",\"@graph\":[{\"@type\":\"WebPage\",\"@id\":\"https:\/\/hlm.ro\/en\/german-shepherd\/females\/afrodita\/\",\"url\":\"https:\/\/hlm.ro\/en\/german-shepherd\/females\/afrodita\/\",\"name\":\"Afrodita \u2013 Top German Shepherd from Our Kennel\",\"isPartOf\":{\"@id\":\"https:\/\/hlm.ro\/en\/#website\"},\"datePublished\":\"2025-04-27T13:02:35+00:00\",\"dateModified\":\"2025-06-06T08:57:54+00:00\",\"description\":\"Meet Afrodita, our German Shepherd female with top pedigree, health-tested (DNA & hips), and excellent temperament. Raised with passion.\",\"breadcrumb\":{\"@id\":\"https:\/\/hlm.ro\/en\/german-shepherd\/females\/afrodita\/#breadcrumb\"},\"inLanguage\":\"en-US\",\"potentialAction\":[{\"@type\":\"ReadAction\",\"target\":[\"https:\/\/hlm.ro\/en\/german-shepherd\/females\/afrodita\/\"]}]},{\"@type\":\"BreadcrumbList\",\"@id\":\"https:\/\/hlm.ro\/en\/german-shepherd\/females\/afrodita\/#breadcrumb\",\"itemListElement\":[{\"@type\":\"ListItem\",\"position\":1,\"name\":\"Home\",\"item\":\"https:\/\/hlm.ro\/en\/\"},{\"@type\":\"ListItem\",\"position\":2,\"name\":\"German Shepherd\",\"item\":\"https:\/\/hlm.ro\/en\/german-shepherd\/\"},{\"@type\":\"ListItem\",\"position\":3,\"name\":\"German Shepherd > Females\",\"item\":\"https:\/\/hlm.ro\/en\/german-shepherd\/females\/\"},{\"@type\":\"ListItem\",\"position\":4,\"name\":\"Females > Afrodita\"}]},{\"@type\":\"WebSite\",\"@id\":\"https:\/\/hlm.ro\/en\/#website\",\"url\":\"https:\/\/hlm.ro\/en\/\",\"name\":\"HLM.ro - Canisa Ciob\u0103nesc German Bucure\u0219ti\",\"description\":\" Purebred German Shepherd Puppies \u2013 Responsible Breeding, Guaranteed Pedigree\",\"publisher\":{\"@id\":\"https:\/\/hlm.ro\/en\/#organization\"},\"alternateName\":\"Casa di Arancina - Pui Ciob\u0103nesc German de Ras\u0103 Pur\u0103\",\"potentialAction\":[{\"@type\":\"SearchAction\",\"target\":{\"@type\":\"EntryPoint\",\"urlTemplate\":\"https:\/\/hlm.ro\/en\/?s={search_term_string}\"},\"query-input\":{\"@type\":\"PropertyValueSpecification\",\"valueRequired\":true,\"valueName\":\"search_term_string\"}}],\"inLanguage\":\"en-US\"},{\"@type\":\"Organization\",\"@id\":\"https:\/\/hlm.ro\/en\/#organization\",\"name\":\"Casa di Arancina\",\"alternateName\":\"HLM\",\"url\":\"https:\/\/hlm.ro\/en\/\",\"logo\":{\"@type\":\"ImageObject\",\"inLanguage\":\"en-US\",\"@id\":\"https:\/\/hlm.ro\/en\/#\/schema\/logo\/image\/\",\"url\":\"https:\/\/hlm.ro\/en\/wp-content\/uploads\/2025\/04\/golden_final-e1745963534137.png\",\"contentUrl\":\"https:\/\/hlm.ro\/en\/wp-content\/uploads\/2025\/04\/golden_final-e1745963534137.png\",\"width\":180,\"height\":101,\"caption\":\"Casa di Arancina\"},\"image\":{\"@id\":\"https:\/\/hlm.ro\/en\/#\/schema\/logo\/image\/\"},\"sameAs\":[\"https:\/\/www.facebook.com\/canisaciobanescgerman\",\"https:\/\/www.instagram.com\/casa_di_arancina\/\"]}]}<\/script>\n<!-- \/ Yoast SEO plugin. -->","yoast_head_json":{"title":"Afrodita \u2013 Top German Shepherd from Our Kennel","description":"Meet Afrodita, our German Shepherd female with top pedigree, health-tested (DNA & hips), and excellent temperament. Raised with passion.","robots":{"index":"index","follow":"follow","max-snippet":"max-snippet:-1","max-image-preview":"max-image-preview:large","max-video-preview":"max-video-preview:-1"},"canonical":"https:\/\/hlm.ro\/en\/german-shepherd\/females\/afrodita\/","og_locale":"en_US","og_type":"article","og_title":"Afrodita \u2013 Top German Shepherd from Our Kennel","og_description":"Meet Afrodita, our German Shepherd female with top pedigree, health-tested (DNA & hips), and excellent temperament. Raised with passion.","og_url":"https:\/\/hlm.ro\/en\/german-shepherd\/females\/afrodita\/","og_site_name":"German Shepherd Puppies with Pedigree \u2013 Certified Breeder in Romania","article_publisher":"https:\/\/www.facebook.com\/canisaciobanescgerman","article_modified_time":"2025-06-06T08:57:54+00:00","og_image":[{"width":1600,"height":1066,"url":"https:\/\/hlm.ro\/en\/wp-content\/uploads\/2025\/04\/pui-ciobanesc-german-pe-covor.webp","type":"image\/webp"}],"twitter_card":"summary_large_image","twitter_misc":{"Est. reading time":"3 minutes"},"schema":{"@context":"https:\/\/schema.org","@graph":[{"@type":"WebPage","@id":"https:\/\/hlm.ro\/en\/german-shepherd\/females\/afrodita\/","url":"https:\/\/hlm.ro\/en\/german-shepherd\/females\/afrodita\/","name":"Afrodita \u2013 Top German Shepherd from Our Kennel","isPartOf":{"@id":"https:\/\/hlm.ro\/en\/#website"},"datePublished":"2025-04-27T13:02:35+00:00","dateModified":"2025-06-06T08:57:54+00:00","description":"Meet Afrodita, our German Shepherd female with top pedigree, health-tested (DNA & hips), and excellent temperament. Raised with passion.","breadcrumb":{"@id":"https:\/\/hlm.ro\/en\/german-shepherd\/females\/afrodita\/#breadcrumb"},"inLanguage":"en-US","potentialAction":[{"@type":"ReadAction","target":["https:\/\/hlm.ro\/en\/german-shepherd\/females\/afrodita\/"]}]},{"@type":"BreadcrumbList","@id":"https:\/\/hlm.ro\/en\/german-shepherd\/females\/afrodita\/#breadcrumb","itemListElement":[{"@type":"ListItem","position":1,"name":"Home","item":"https:\/\/hlm.ro\/en\/"},{"@type":"ListItem","position":2,"name":"German Shepherd","item":"https:\/\/hlm.ro\/en\/german-shepherd\/"},{"@type":"ListItem","position":3,"name":"German Shepherd > Females","item":"https:\/\/hlm.ro\/en\/german-shepherd\/females\/"},{"@type":"ListItem","position":4,"name":"Females > Afrodita"}]},{"@type":"WebSite","@id":"https:\/\/hlm.ro\/en\/#website","url":"https:\/\/hlm.ro\/en\/","name":"HLM.ro - Canisa Ciob\u0103nesc German Bucure\u0219ti","description":" Purebred German Shepherd Puppies \u2013 Responsible Breeding, Guaranteed Pedigree","publisher":{"@id":"https:\/\/hlm.ro\/en\/#organization"},"alternateName":"Casa di Arancina - Pui Ciob\u0103nesc German de Ras\u0103 Pur\u0103","potentialAction":[{"@type":"SearchAction","target":{"@type":"EntryPoint","urlTemplate":"https:\/\/hlm.ro\/en\/?s={search_term_string}"},"query-input":{"@type":"PropertyValueSpecification","valueRequired":true,"valueName":"search_term_string"}}],"inLanguage":"en-US"},{"@type":"Organization","@id":"https:\/\/hlm.ro\/en\/#organization","name":"Casa di Arancina","alternateName":"HLM","url":"https:\/\/hlm.ro\/en\/","logo":{"@type":"ImageObject","inLanguage":"en-US","@id":"https:\/\/hlm.ro\/en\/#\/schema\/logo\/image\/","url":"https:\/\/hlm.ro\/en\/wp-content\/uploads\/2025\/04\/golden_final-e1745963534137.png","contentUrl":"https:\/\/hlm.ro\/en\/wp-content\/uploads\/2025\/04\/golden_final-e1745963534137.png","width":180,"height":101,"caption":"Casa di Arancina"},"image":{"@id":"https:\/\/hlm.ro\/en\/#\/schema\/logo\/image\/"},"sameAs":["https:\/\/www.facebook.com\/canisaciobanescgerman","https:\/\/www.instagram.com\/casa_di_arancina\/"]}]}},"_links":{"self":[{"href":"https:\/\/hlm.ro\/en\/wp-json\/wp\/v2\/pages\/504","targetHints":{"allow":["GET"]}}],"collection":[{"href":"https:\/\/hlm.ro\/en\/wp-json\/wp\/v2\/pages"}],"about":[{"href":"https:\/\/hlm.ro\/en\/wp-json\/wp\/v2\/types\/page"}],"author":[{"embeddable":true,"href":"https:\/\/hlm.ro\/en\/wp-json\/wp\/v2\/users\/1"}],"replies":[{"embeddable":true,"href":"https:\/\/hlm.ro\/en\/wp-json\/wp\/v2\/comments?post=504"}],"version-history":[{"count":15,"href":"https:\/\/hlm.ro\/en\/wp-json\/wp\/v2\/pages\/504\/revisions"}],"predecessor-version":[{"id":920,"href":"https:\/\/hlm.ro\/en\/wp-json\/wp\/v2\/pages\/504\/revisions\/920"}],"up":[{"embeddable":true,"href":"https:\/\/hlm.ro\/en\/wp-json\/wp\/v2\/pages\/427"}],"wp:attachment":[{"href":"https:\/\/hlm.ro\/en\/wp-json\/wp\/v2\/media?parent=504"}],"curies":[{"name":"wp","href":"https:\/\/api.w.org\/{rel}","templated":true}]}}