{"id":454,"date":"2025-04-27T12:28:43","date_gmt":"2025-04-27T12:28:43","guid":{"rendered":"https:\/\/hlm.ro\/en\/?page_id=454"},"modified":"2025-12-16T14:31:04","modified_gmt":"2025-12-16T14:31:04","slug":"megan","status":"publish","type":"page","link":"https:\/\/hlm.ro\/en\/german-shepherd\/females\/megan\/","title":{"rendered":"Megan"},"content":{"rendered":"<section class=\"bde-section-454-100 bde-section\">\n              \n  \n  \n\t\n\n  <div class=\"section-background-overlay\"><\/div>\n\n\n<div class=\"section-container\"><div class=\"bde-fancy-divider-454-102 bde-fancy-divider\">\n\n\n<div class=\"bde-fancy-divider__wrapper\">\n  <div class=\"bde-fancy-divider__separator   \">\n  \t  <\/div>\n<\/div>\n\n<\/div><h1 class=\"bde-heading-454-103 bde-heading\">\nMegan<br>von Hingabe\n<\/h1><\/div>\n<\/section><section class=\"bde-section-454-105 bde-section\">\n  \n  \n\t\n\n\n\n<div class=\"section-container\"><div class=\"bde-columns-454-261 bde-columns\"><div class=\"bde-column-454-264 bde-column\">\n  \n  \n\t\n\n\n\n<div class=\"bde-columns-454-356 bde-columns\"><div class=\"bde-column-454-357 bde-column\">\n  \n  \n\t\n\n\n\n<div class=\"bde-div-454-360 bde-div\">\n              \n  \n  \n\t\n\n\n\n<h4 class=\"bde-heading-454-361 bde-heading\">\nInfo\n<\/h4>\n<\/div><div class=\"bde-rich-text-454-362 bde-rich-text breakdance-rich-text-styles\">\n<div style=\"font-family: 'Helvetica Neue', sans-serif; font-size: 12px; color: #333; line-height: 1.6; max-width: 300px;\">\n  <dl>\n    <div style=\"display: flex; margin-bottom: 8px;\">\n      <dt style=\"width: 120px;\">Kennel:<\/dt><dd>Casa di Arancina<\/dd>\n    <\/div>\n    <div style=\"display: flex; margin-bottom: 8px;\">\n      <dt style=\"width: 120px;\">Dam born:<\/dt><dd>02 January 2023<\/dd>\n    <\/div>\n    <div style=\"display: flex; margin-bottom: 8px;\">\n      <dt style=\"width: 120px;\">Pedigree:<\/dt><dd>ROI 23-21086<\/dd>\n    <\/div>\n    <div style=\"display: flex; margin-bottom: 8px;\">\n      <dt style=\"width: 120px;\">Microchip:<\/dt><dd>380260102439822<\/dd>\n    <\/div>\n    <div style=\"display: flex; margin-bottom: 8px;\">\n      <dt style=\"width: 120px;\">DNA:<\/dt><dd>Gepr\u00fcft<\/dd>\n    <\/div>\n    <div style=\"display: flex; margin-bottom: 8px;\">\n      <dt style=\"width: 120px;\">HD:<\/dt><dd>Normal<\/dd>\n    <\/div>\n    <div style=\"display: flex; margin-bottom: 8px;\">\n      <dt style=\"width: 120px;\">ED:<\/dt><dd>Normal<\/dd>\n    <\/div>\n  <\/dl>\n<\/div>\n\n<\/div>\n<\/div><div class=\"bde-column-454-358 bde-column\">\n  \n  \n\t\n\n\n\n<img decoding=\"async\" class=\"bde-image2-454-363 bde-image2\" src=\"https:\/\/hlm.ro\/en\/wp-content\/uploads\/2025\/04\/IMG_0146-scaled-2.webp\" alt=\"Femel\u0103 Ciob\u0103nesc German pe iarb\u0103, \u00een pozi\u021bie la concurs, Megan v. Hingabe\" loading=\"lazy\" srcset=\"https:\/\/hlm.ro\/en\/wp-content\/uploads\/2025\/04\/IMG_0146-scaled-2.webp 2560w, https:\/\/hlm.ro\/en\/wp-content\/uploads\/2025\/04\/IMG_0146-scaled-2-300x206.webp 300w, https:\/\/hlm.ro\/en\/wp-content\/uploads\/2025\/04\/IMG_0146-scaled-2-1024x702.webp 1024w, https:\/\/hlm.ro\/en\/wp-content\/uploads\/2025\/04\/IMG_0146-scaled-2-768x527.webp 768w, https:\/\/hlm.ro\/en\/wp-content\/uploads\/2025\/04\/IMG_0146-scaled-2-1536x1053.webp 1536w, https:\/\/hlm.ro\/en\/wp-content\/uploads\/2025\/04\/IMG_0146-scaled-2-2048x1404.webp 2048w\" sizes=\"(max-width: 2560px) 100vw, 2560px\">\n<\/div><\/div><div class=\"bde-fancy-divider-454-354 bde-fancy-divider\">\n\n\n<div class=\"bde-fancy-divider__wrapper\">\n  <div class=\"bde-fancy-divider__separator   \">\n  \t  <\/div>\n<\/div>\n\n<\/div><div class=\"bde-rich-text-454-366 bde-rich-text breakdance-rich-text-styles\">\n<p data-pm-slice=\"0 0 []\">Megan von Hingabe is the result of the pairing between two exceptional German Shepherds: Saul della Valcuvia and Aifa von Hingabe.<\/p>\n<p>Saul della Valcuvia is a male with an impressive pedigree, known for his masculine features and remarkable expression. He stands out through his correct body structure, with a masculine head, high withers, straight back, and well-positioned croup. With a confident temperament and a well-defined character, Saul proves to be an outstanding specimen, displaying smooth and graceful movement.<\/p>\n<p>On the other hand, Megan's mother, Aifa von Hingabe, is a carefully selected female chosen to complement the lineage of Mondo di Casa Palomba.<\/p>\n<p>Megan von Hingabe is the result of this prestigious pedigree combination, inheriting excellent traits from both her father and mother. With remarkable genetic potential, Megan promises to shine among German Shepherds, contributing to the improvement of the breed standard and continuing the tradition of the Hingabe family.<\/p>\n\n<\/div><h4 class=\"bde-heading-454-367 bde-heading\">\nPedigree\n<\/h4><div class=\"bde-fancy-divider-454-355 bde-fancy-divider\">\n\n\n<div class=\"bde-fancy-divider__wrapper\">\n  <div class=\"bde-fancy-divider__separator   \">\n  \t  <\/div>\n<\/div>\n\n<\/div><div class=\"bde-code-block-454-365 bde-code-block\">\n\n  <style>\n    table {\n        border: 1px solid #666;\n        border-collapse: collapse;\n    }\n    \n    td {\n        border: none;\n    }\n    \n    table tr td {\n        border-bottom: thin solid #666;\n        background: url(https:\/\/hlm.ro\/wp-content\/uploads\/2025\/04\/acoloada_mare-1.png.webp) no-repeat left;\n        background-repeat: no-repeat;\n        background-position: right 0;\n        -moz-background-size: contain;\n        -webkit-background-size: contain;\n        background-size: contain;\n        margin-left: 20px;\n        padding: 5px !important;\n        color: #4f6d90;\n    }\n    \n    table thead tr th, table tfoot tr th, table tbody tr td, table tr td, table tfoot tr td {\n        font-size: 12px;\n        line-height: 18px;\n    }\n    \n    td {\n        display: table-cell;\n        vertical-align: inherit;\n    }\n\n    \/* Crearea unui spa\u021biu \u00eentre grupurile de str\u0103bunici *\/\n    tr.strabunici {\n        margin-bottom: 20px;\n    }\n  \n<\/style>\n\n    <table style=\"width: 100%; height: 300px; background: #d9e8eb; padding: 5px;\">\n        <!-- Titlu pentru tabel -->\n        <caption style=\"font-size: 14px; font-weight: bold; margin-bottom: 10px;\">Dog Pedigree <\/caption>\n        \n        <tbody>\n            <!-- Grupul 1 de str\u0103bunici -->\n            <tr class=\"strabunici\">\n                <td rowspan=\"4\" style=\"width: 25%;\">Saul della Valcuvia<\/td>\n                <td rowspan=\"2\" style=\"width: 35%;\">Mondo di Casa Palomba<\/td>\n                <td style=\"background: none !important; width: 40%;\">Willy vom Kuckucksland<\/td>\n            <\/tr>\n            <tr>\n                <td style=\"background: none !important; width: 40%;\">Nita della Valcuvia<\/td>\n            <\/tr>\n            <tr class=\"strabunici\">\n                <td rowspan=\"2\">Era della Valcuvia<\/td>\n                <td style=\"background: none !important; width: 40%;\">Ulkan von Maikhus<\/td>\n            <\/tr>\n            <tr>\n                <td style=\"background: none !important; width: 40%;\">Zara della Valcuvia<\/td>\n            <\/tr>\n            \n            <!-- Grupul 2 de str\u0103bunici -->\n            <tr class=\"strabunici\">\n                <td rowspan=\"4\">Aifa von Hingabe<\/td>\n                <td rowspan=\"2\">Iwo von der Plassenburg<\/td>\n                <td style=\"background: none !important; width: 40%;\">Ballack von der Brucknerallee<\/td>\n            <\/tr>\n            <tr>\n                <td style=\"background: none !important; width: 40%;\">Diva von der Plassenburg<\/td>\n            <\/tr>\n            <tr class=\"strabunici\">\n                <td rowspan=\"2\">Haifa vom Fichtenschlag<\/td>\n                <td style=\"background: none !important; width: 40%;\">Faxo vom Fichtenschlag<\/td>\n            <\/tr>\n            <tr>\n                <td style=\"background: none !important; width: 40%;\">Ronda vom Fichtenschlag<\/td>\n            <\/tr>\n        <\/tbody>\n    <\/table>\n\n\n\n\n<\/div><div class=\"bde-columns-454-309 bde-columns\"><div class=\"bde-column-454-310 bde-column\">\n  \n  \n\t\n\n\n\n<h3 class=\"bde-heading-454-311 bde-heading\">\nGerman Shepherd Kennel - Casa di Arancina<br>\n<\/h3><div class=\"bde-fancy-divider-454-312 bde-fancy-divider\">\n\n\n<div class=\"bde-fancy-divider__wrapper\">\n  <div class=\"bde-fancy-divider__separator   \">\n  \t  <\/div>\n<\/div>\n\n<\/div><div class=\"bde-fancy-divider-454-313 bde-fancy-divider\">\n\n\n<div class=\"bde-fancy-divider__wrapper\">\n  <div class=\"bde-fancy-divider__separator   \">\n  \t  <\/div>\n<\/div>\n\n<\/div><div class=\"bde-rich-text-454-314 bde-rich-text breakdance-rich-text-styles\">\n<p>Casa di Arancina, a kennel specialized in breeding\u00a0<a href=\"https:\/\/hlm.ro\/en\/\">German Shepherds<\/a>, was founded in 2015 in Bucharest. Ara was the source of inspiration for our passion and the development of this kennel. We collaborate with other exceptional kennels to obtain remarkable specimens and to select individuals with excellent genetics.<\/p>\n<\/div>\n<\/div><div class=\"bde-column-454-315 bde-column\">\n  \n  \n\t\n\n\n\n<h3 class=\"bde-heading-454-316 bde-heading\">\nVideo Gallery\n<\/h3><div class=\"bde-fancy-divider-454-317 bde-fancy-divider\">\n\n\n<div class=\"bde-fancy-divider__wrapper\">\n  <div class=\"bde-fancy-divider__separator   \">\n  \t  <\/div>\n<\/div>\n\n<\/div><div class=\"bde-image-hover-card-454-318 bde-image-hover-card galerie-video\">\n           \n            \n            \n\n    \n    \n    \n    \n    \n    <a class=\"breakdance-link\" href=\"https:\/\/hlm.ro\/en\/german-shepherd\/gallery\/\" target=\"_self\" data-type=\"url\"  >\n\n<figure class=\"ee-imagehover c4-izmir c4-border-bottom c4-image-pan-down\">\n    <img decoding=\"async\" class=\"breakdance-image-object\" src=\"https:\/\/hlm.ro\/wp-content\/uploads\/2025\/04\/ciobanesc-german-padure.webp\" width=\"500\" height=\"313\" srcset=\"https:\/\/hlm.ro\/wp-content\/uploads\/2025\/04\/ciobanesc-german-padure.webp 500w, https:\/\/hlm.ro\/wp-content\/uploads\/2025\/04\/ciobanesc-german-padure-300x188.webp 300w\" sizes=\"auto, (max-width: 500px) 100vw, 500px\" alt=\"femela ciobanesc german din canisa noastra in padure\" loading=\"lazy\">\n  <figcaption class=\"c4-layout-top-right\">\n                <div class=\"c4-rotate-down-right c4-delay-200\">\n              <h4 class=\"ee-imagehover-title\">Gallery<\/h4>\n      <\/div>\n                <div class=\"c4-rotate-down-left c4-delay-400\">\n              <h4 class=\"ee-imagehover-title\">Arancina<\/h4>\n      <\/div>\n      <\/figcaption>\n<\/figure>\n      <\/a>\n\n<\/div>\n<\/div><\/div>\n<\/div><\/div><\/div>\n<\/section>","protected":false},"excerpt":{"rendered":"<p>Meganvon Hingabe Info Kennel:Casa di Arancina Dam born:02 January 2023 Pedigree:ROI 23-21086 Microchip:380260102439822 DNA:Gepr\u00fcft HD:Normal ED:Normal Megan von Hingabe is the result of the pairing between two exceptional German Shepherds: Saul della Valcuvia and Aifa von Hingabe. Saul della Valcuvia is a male with an impressive pedigree, known for his masculine features and remarkable expression. [&hellip;]<\/p>\n","protected":false},"author":1,"featured_media":0,"parent":427,"menu_order":0,"comment_status":"closed","ping_status":"closed","template":"","meta":{"_breakdance_hide_in_design_set":false,"_breakdance_tags":"","footnotes":""},"class_list":["post-454","page","type-page","status-publish","hentry"],"yoast_head":"<!-- This site is optimized with the Yoast SEO plugin v26.5 - https:\/\/yoast.com\/wordpress\/plugins\/seo\/ -->\n<title>Megan German Shepherd | Casa di Arancina Kennel<\/title>\n<meta name=\"description\" content=\"Meet Megan, our German Shepherd female with top pedigree, health-tested (DNA &amp; hips), and excellent temperament. Raised with passion.\" \/>\n<meta name=\"robots\" content=\"index, follow, max-snippet:-1, max-image-preview:large, max-video-preview:-1\" \/>\n<link rel=\"canonical\" href=\"https:\/\/hlm.ro\/en\/german-shepherd\/females\/megan\/\" \/>\n<meta property=\"og:locale\" content=\"en_US\" \/>\n<meta property=\"og:type\" content=\"article\" \/>\n<meta property=\"og:title\" content=\"Megan German Shepherd | Casa di Arancina Kennel\" \/>\n<meta property=\"og:description\" content=\"Meet Megan, our German Shepherd female with top pedigree, health-tested (DNA &amp; hips), and excellent temperament. Raised with passion.\" \/>\n<meta property=\"og:url\" content=\"https:\/\/hlm.ro\/en\/german-shepherd\/females\/megan\/\" \/>\n<meta property=\"og:site_name\" content=\"German Shepherd Puppies with Pedigree \u2013 Certified Breeder in Romania\" \/>\n<meta property=\"article:publisher\" content=\"https:\/\/www.facebook.com\/canisaciobanescgerman\" \/>\n<meta property=\"article:modified_time\" content=\"2025-12-16T14:31:04+00:00\" \/>\n<meta property=\"og:image\" content=\"https:\/\/hlm.ro\/en\/wp-content\/uploads\/2025\/04\/pui-ciobanesc-german-pe-covor.webp\" \/>\n\t<meta property=\"og:image:width\" content=\"1600\" \/>\n\t<meta property=\"og:image:height\" content=\"1066\" \/>\n\t<meta property=\"og:image:type\" content=\"image\/webp\" \/>\n<meta name=\"twitter:card\" content=\"summary_large_image\" \/>\n<meta name=\"twitter:label1\" content=\"Est. reading time\" \/>\n\t<meta name=\"twitter:data1\" content=\"2 minutes\" \/>\n<script type=\"application\/ld+json\" class=\"yoast-schema-graph\">{\"@context\":\"https:\/\/schema.org\",\"@graph\":[{\"@type\":\"WebPage\",\"@id\":\"https:\/\/hlm.ro\/en\/german-shepherd\/females\/megan\/\",\"url\":\"https:\/\/hlm.ro\/en\/german-shepherd\/females\/megan\/\",\"name\":\"Megan German Shepherd | Casa di Arancina Kennel\",\"isPartOf\":{\"@id\":\"https:\/\/hlm.ro\/en\/#website\"},\"datePublished\":\"2025-04-27T12:28:43+00:00\",\"dateModified\":\"2025-12-16T14:31:04+00:00\",\"description\":\"Meet Megan, our German Shepherd female with top pedigree, health-tested (DNA & hips), and excellent temperament. Raised with passion.\",\"breadcrumb\":{\"@id\":\"https:\/\/hlm.ro\/en\/german-shepherd\/females\/megan\/#breadcrumb\"},\"inLanguage\":\"en-US\",\"potentialAction\":[{\"@type\":\"ReadAction\",\"target\":[\"https:\/\/hlm.ro\/en\/german-shepherd\/females\/megan\/\"]}]},{\"@type\":\"BreadcrumbList\",\"@id\":\"https:\/\/hlm.ro\/en\/german-shepherd\/females\/megan\/#breadcrumb\",\"itemListElement\":[{\"@type\":\"ListItem\",\"position\":1,\"name\":\"Home\",\"item\":\"https:\/\/hlm.ro\/en\/\"},{\"@type\":\"ListItem\",\"position\":2,\"name\":\"German Shepherd\",\"item\":\"https:\/\/hlm.ro\/en\/german-shepherd\/\"},{\"@type\":\"ListItem\",\"position\":3,\"name\":\"German Shepherd > Females\",\"item\":\"https:\/\/hlm.ro\/en\/german-shepherd\/females\/\"},{\"@type\":\"ListItem\",\"position\":4,\"name\":\"Females > Megan\"}]},{\"@type\":\"WebSite\",\"@id\":\"https:\/\/hlm.ro\/en\/#website\",\"url\":\"https:\/\/hlm.ro\/en\/\",\"name\":\"HLM.ro - Canisa Ciob\u0103nesc German Bucure\u0219ti\",\"description\":\" Purebred German Shepherd Puppies \u2013 Responsible Breeding, Guaranteed Pedigree\",\"publisher\":{\"@id\":\"https:\/\/hlm.ro\/en\/#organization\"},\"alternateName\":\"Casa di Arancina - Pui Ciob\u0103nesc German de Ras\u0103 Pur\u0103\",\"potentialAction\":[{\"@type\":\"SearchAction\",\"target\":{\"@type\":\"EntryPoint\",\"urlTemplate\":\"https:\/\/hlm.ro\/en\/?s={search_term_string}\"},\"query-input\":{\"@type\":\"PropertyValueSpecification\",\"valueRequired\":true,\"valueName\":\"search_term_string\"}}],\"inLanguage\":\"en-US\"},{\"@type\":\"Organization\",\"@id\":\"https:\/\/hlm.ro\/en\/#organization\",\"name\":\"Casa di Arancina\",\"alternateName\":\"HLM\",\"url\":\"https:\/\/hlm.ro\/en\/\",\"logo\":{\"@type\":\"ImageObject\",\"inLanguage\":\"en-US\",\"@id\":\"https:\/\/hlm.ro\/en\/#\/schema\/logo\/image\/\",\"url\":\"https:\/\/hlm.ro\/en\/wp-content\/uploads\/2025\/04\/golden_final-e1745963534137.png\",\"contentUrl\":\"https:\/\/hlm.ro\/en\/wp-content\/uploads\/2025\/04\/golden_final-e1745963534137.png\",\"width\":180,\"height\":101,\"caption\":\"Casa di Arancina\"},\"image\":{\"@id\":\"https:\/\/hlm.ro\/en\/#\/schema\/logo\/image\/\"},\"sameAs\":[\"https:\/\/www.facebook.com\/canisaciobanescgerman\",\"https:\/\/www.instagram.com\/casa_di_arancina\/\"]}]}<\/script>\n<!-- \/ Yoast SEO plugin. -->","yoast_head_json":{"title":"Megan German Shepherd | Casa di Arancina Kennel","description":"Meet Megan, our German Shepherd female with top pedigree, health-tested (DNA & hips), and excellent temperament. Raised with passion.","robots":{"index":"index","follow":"follow","max-snippet":"max-snippet:-1","max-image-preview":"max-image-preview:large","max-video-preview":"max-video-preview:-1"},"canonical":"https:\/\/hlm.ro\/en\/german-shepherd\/females\/megan\/","og_locale":"en_US","og_type":"article","og_title":"Megan German Shepherd | Casa di Arancina Kennel","og_description":"Meet Megan, our German Shepherd female with top pedigree, health-tested (DNA & hips), and excellent temperament. Raised with passion.","og_url":"https:\/\/hlm.ro\/en\/german-shepherd\/females\/megan\/","og_site_name":"German Shepherd Puppies with Pedigree \u2013 Certified Breeder in Romania","article_publisher":"https:\/\/www.facebook.com\/canisaciobanescgerman","article_modified_time":"2025-12-16T14:31:04+00:00","og_image":[{"width":1600,"height":1066,"url":"https:\/\/hlm.ro\/en\/wp-content\/uploads\/2025\/04\/pui-ciobanesc-german-pe-covor.webp","type":"image\/webp"}],"twitter_card":"summary_large_image","twitter_misc":{"Est. reading time":"2 minutes"},"schema":{"@context":"https:\/\/schema.org","@graph":[{"@type":"WebPage","@id":"https:\/\/hlm.ro\/en\/german-shepherd\/females\/megan\/","url":"https:\/\/hlm.ro\/en\/german-shepherd\/females\/megan\/","name":"Megan German Shepherd | Casa di Arancina Kennel","isPartOf":{"@id":"https:\/\/hlm.ro\/en\/#website"},"datePublished":"2025-04-27T12:28:43+00:00","dateModified":"2025-12-16T14:31:04+00:00","description":"Meet Megan, our German Shepherd female with top pedigree, health-tested (DNA & hips), and excellent temperament. Raised with passion.","breadcrumb":{"@id":"https:\/\/hlm.ro\/en\/german-shepherd\/females\/megan\/#breadcrumb"},"inLanguage":"en-US","potentialAction":[{"@type":"ReadAction","target":["https:\/\/hlm.ro\/en\/german-shepherd\/females\/megan\/"]}]},{"@type":"BreadcrumbList","@id":"https:\/\/hlm.ro\/en\/german-shepherd\/females\/megan\/#breadcrumb","itemListElement":[{"@type":"ListItem","position":1,"name":"Home","item":"https:\/\/hlm.ro\/en\/"},{"@type":"ListItem","position":2,"name":"German Shepherd","item":"https:\/\/hlm.ro\/en\/german-shepherd\/"},{"@type":"ListItem","position":3,"name":"German Shepherd > Females","item":"https:\/\/hlm.ro\/en\/german-shepherd\/females\/"},{"@type":"ListItem","position":4,"name":"Females > Megan"}]},{"@type":"WebSite","@id":"https:\/\/hlm.ro\/en\/#website","url":"https:\/\/hlm.ro\/en\/","name":"HLM.ro - Canisa Ciob\u0103nesc German Bucure\u0219ti","description":" Purebred German Shepherd Puppies \u2013 Responsible Breeding, Guaranteed Pedigree","publisher":{"@id":"https:\/\/hlm.ro\/en\/#organization"},"alternateName":"Casa di Arancina - Pui Ciob\u0103nesc German de Ras\u0103 Pur\u0103","potentialAction":[{"@type":"SearchAction","target":{"@type":"EntryPoint","urlTemplate":"https:\/\/hlm.ro\/en\/?s={search_term_string}"},"query-input":{"@type":"PropertyValueSpecification","valueRequired":true,"valueName":"search_term_string"}}],"inLanguage":"en-US"},{"@type":"Organization","@id":"https:\/\/hlm.ro\/en\/#organization","name":"Casa di Arancina","alternateName":"HLM","url":"https:\/\/hlm.ro\/en\/","logo":{"@type":"ImageObject","inLanguage":"en-US","@id":"https:\/\/hlm.ro\/en\/#\/schema\/logo\/image\/","url":"https:\/\/hlm.ro\/en\/wp-content\/uploads\/2025\/04\/golden_final-e1745963534137.png","contentUrl":"https:\/\/hlm.ro\/en\/wp-content\/uploads\/2025\/04\/golden_final-e1745963534137.png","width":180,"height":101,"caption":"Casa di Arancina"},"image":{"@id":"https:\/\/hlm.ro\/en\/#\/schema\/logo\/image\/"},"sameAs":["https:\/\/www.facebook.com\/canisaciobanescgerman","https:\/\/www.instagram.com\/casa_di_arancina\/"]}]}},"_links":{"self":[{"href":"https:\/\/hlm.ro\/en\/wp-json\/wp\/v2\/pages\/454","targetHints":{"allow":["GET"]}}],"collection":[{"href":"https:\/\/hlm.ro\/en\/wp-json\/wp\/v2\/pages"}],"about":[{"href":"https:\/\/hlm.ro\/en\/wp-json\/wp\/v2\/types\/page"}],"author":[{"embeddable":true,"href":"https:\/\/hlm.ro\/en\/wp-json\/wp\/v2\/users\/1"}],"replies":[{"embeddable":true,"href":"https:\/\/hlm.ro\/en\/wp-json\/wp\/v2\/comments?post=454"}],"version-history":[{"count":15,"href":"https:\/\/hlm.ro\/en\/wp-json\/wp\/v2\/pages\/454\/revisions"}],"predecessor-version":[{"id":949,"href":"https:\/\/hlm.ro\/en\/wp-json\/wp\/v2\/pages\/454\/revisions\/949"}],"up":[{"embeddable":true,"href":"https:\/\/hlm.ro\/en\/wp-json\/wp\/v2\/pages\/427"}],"wp:attachment":[{"href":"https:\/\/hlm.ro\/en\/wp-json\/wp\/v2\/media?parent=454"}],"curies":[{"name":"wp","href":"https:\/\/api.w.org\/{rel}","templated":true}]}}