{"id":436,"date":"2025-04-27T09:48:42","date_gmt":"2025-04-27T09:48:42","guid":{"rendered":"https:\/\/hlm.ro\/en\/?page_id=436"},"modified":"2025-12-02T08:04:07","modified_gmt":"2025-12-02T08:04:07","slug":"kelliy","status":"publish","type":"page","link":"https:\/\/hlm.ro\/en\/german-shepherd\/females\/kelliy\/","title":{"rendered":"Kelliy"},"content":{"rendered":"<section class=\"bde-section-436-100 bde-section\">\n              \n  \n  \n\t\n\n  <div class=\"section-background-overlay\"><\/div>\n\n\n<div class=\"section-container\"><div class=\"bde-fancy-divider-436-102 bde-fancy-divider\">\n\n\n<div class=\"bde-fancy-divider__wrapper\">\n  <div class=\"bde-fancy-divider__separator   \">\n  \t  <\/div>\n<\/div>\n\n<\/div><h1 class=\"bde-heading-436-103 bde-heading\">\nKelliy<br>von Hingabe\n<\/h1><\/div>\n<\/section><section class=\"bde-section-436-105 bde-section\">\n  \n  \n\t\n\n\n\n<div class=\"section-container\"><div class=\"bde-columns-436-261 bde-columns\"><div class=\"bde-column-436-264 bde-column\">\n  \n  \n\t\n\n\n\n<div class=\"bde-columns-436-356 bde-columns\"><div class=\"bde-column-436-357 bde-column\">\n  \n  \n\t\n\n\n\n<div class=\"bde-div-436-360 bde-div\">\n              \n  \n  \n\t\n\n\n\n<h4 class=\"bde-heading-436-361 bde-heading\">\nInfo\n<\/h4>\n<\/div><div class=\"bde-rich-text-436-362 bde-rich-text breakdance-rich-text-styles\">\n<div style=\"font-family: 'Helvetica Neue', sans-serif; font-size: 12px; color: #333; line-height: 1.6; max-width: 300px;\">\n  <dl>\n    <div style=\"display: flex; margin-bottom: 8px;\">\n      <dt style=\"width: 120px;\">Kennel<\/dt><dd>Casa di Arancina<\/dd>\n    <\/div>\n    <div style=\"display: flex; margin-bottom: 8px;\">\n      <dt style=\"width: 120px;\">Hair<\/dt><dd>Stockhair<\/dd>\n    <\/div>\n    <div style=\"display: flex; margin-bottom: 8px;\">\n      <dt style=\"width: 120px;\">Dam born:<\/dt><dd>10 September 2022<\/dd>\n    <\/div>\n    <div style=\"display: flex; margin-bottom: 8px;\">\n      <dt style=\"width: 120px;\">Pedigree:<\/dt><dd>ROI 22\/188062<\/dd>\n    <\/div>\n    <div style=\"display: flex; margin-bottom: 8px;\">\n      <dt style=\"width: 120px;\">Microchip:<\/dt><dd>380260102322870<\/dd>\n    <\/div>\n    <div style=\"display: flex; margin-bottom: 8px;\">\n      <dt style=\"width: 120px;\">DNA:<\/dt><dd>Gepr\u00fcft<\/dd>\n    <\/div>\n    <div style=\"display: flex; margin-bottom: 8px;\">\n      <dt style=\"width: 120px;\">HD:<\/dt><dd>Normal<\/dd>\n    <\/div>\n    <div style=\"display: flex; margin-bottom: 8px;\">\n      <dt style=\"width: 120px;\">ED:<\/dt><dd>Normal<\/dd>\n    <\/div>\n  <\/dl>\n<\/div>\n\n<\/div>\n<\/div><div class=\"bde-column-436-372 bde-column\">\n  \n  \n\t\n\n\n\n<div class=\"bde-div-436-373 bde-div\">\n              \n  \n  \n\t\n\n\n\n<h4 class=\"bde-heading-436-374 bde-heading\">\nResults\n<\/h4>\n<\/div><div class=\"bde-rich-text-436-375 bde-rich-text breakdance-rich-text-styles\">\n<div style=\"font-family: 'Helvetica Neue', sans-serif; font-size: 12px; color: #333; line-height: 1.6; max-width: 400px;\">\n  <dl>\n    <div style=\"display: flex; margin-bottom: 8px;\">\n      <dt style=\"width: 120px;\">Result:<\/dt><dd>Wesentest - Judge Robert Lang (SV)<\/dd>\n    <\/div>\n    <div style=\"display: flex; margin-bottom: 8px;\">\n      <dt style=\"width: 120px;\">Result:<\/dt><dd>BH - Judge Thomas W\u00f6ginger (SV)<\/dd>\n    <\/div>\n    <div style=\"display: flex; margin-bottom: 8px;\">\n      <dt style=\"width: 120px;\">Result:<\/dt><dd>IGP1 - Judge Ilona Fornal (SV)<\/dd>\n    <\/div>\n  <\/dl>\n<\/div>\n\n<\/div>\n<\/div><\/div><div class=\"bde-fancy-divider-436-354 bde-fancy-divider\">\n\n\n<div class=\"bde-fancy-divider__wrapper\">\n  <div class=\"bde-fancy-divider__separator   \">\n  \t  <\/div>\n<\/div>\n\n<\/div><div class=\"bde-columns-436-369 bde-columns\"><div class=\"bde-column-436-358 bde-column\">\n  \n  \n\t\n\n\n\n<a class=\"bde-container-link-436-368 bde-container-link breakdance-link\" href=\"https:\/\/hlm.ro\/en\/wp-content\/uploads\/2025\/12\/kelliy-portret.webp\" target=\"_self\" data-lightbox-id=\"436-358\" data-type=\"lightbox\">\n  \n  \n\t\n\n\n\n<img decoding=\"async\" class=\"bde-image2-436-363 bde-image2\" src=\"https:\/\/hlm.ro\/en\/wp-content\/uploads\/2025\/12\/kelliy-portret.webp\" alt=\"kelliy-portret\" loading=\"lazy\" srcset=\"https:\/\/hlm.ro\/en\/wp-content\/uploads\/2025\/12\/kelliy-portret.webp 2257w, https:\/\/hlm.ro\/en\/wp-content\/uploads\/2025\/12\/kelliy-portret-300x158.webp 300w, https:\/\/hlm.ro\/en\/wp-content\/uploads\/2025\/12\/kelliy-portret-1024x538.webp 1024w, https:\/\/hlm.ro\/en\/wp-content\/uploads\/2025\/12\/kelliy-portret-768x404.webp 768w, https:\/\/hlm.ro\/en\/wp-content\/uploads\/2025\/12\/kelliy-portret-1536x807.webp 1536w, https:\/\/hlm.ro\/en\/wp-content\/uploads\/2025\/12\/kelliy-portret-2048x1076.webp 2048w\" sizes=\"(max-width: 2257px) 100vw, 2257px\">\n\n<\/a>\n<\/div><div class=\"bde-column-436-371 bde-column\">\n  \n  \n\t\n\n\n\n\n<\/div><\/div><div class=\"bde-rich-text-436-366 bde-rich-text breakdance-rich-text-styles\">\n<p data-pm-slice=\"0 0 []\">Kelliy von Hingabe is a remarkable example of the German Shepherd breed.<\/p>\n<p>With an impressive anatomy, Kelliy demonstrates a robust physical structure, characteristic of this breed. Her appearance aligns perfectly with the beauty standard of the German Shepherd.<\/p>\n<p>Her dense and well-maintained coat highlights the breed\u2019s elegance and charm. Her expressive eyes reflect the intelligence and alertness typical of the German Shepherd, adding depth to her facial expression.<\/p>\n<p>With a strong and proportionate bone structure, Kelliy exudes both strength and grace\u2014defining traits of this noble breed. Her confident personality and balanced character make her a trustworthy and loyal companion.<\/p>\n<p>She has successfully passed the BH and IGP1 exams on grass, under the evaluation of internationally recognized SV judges, known from world championship-level events.<\/p>\n<p>The F\u00e9d\u00e9ration Cynologique Internationale (FCI) is the global governing body for all dog breeds, overseeing breed standards, canine events, and breeding practices worldwide.<\/p>\n\n<\/div><h4 class=\"bde-heading-436-367 bde-heading\">\nPedigree\n<\/h4><div class=\"bde-fancy-divider-436-355 bde-fancy-divider\">\n\n\n<div class=\"bde-fancy-divider__wrapper\">\n  <div class=\"bde-fancy-divider__separator   \">\n  \t  <\/div>\n<\/div>\n\n<\/div><div class=\"bde-code-block-436-365 bde-code-block\">\n\n  <style>\n    table {\n        border: 1px solid #666;\n        border-collapse: collapse;\n        width: 100%;\n        height: 300px;\n        background: #d9e8eb;\n        padding: 5px;\n    }\n\n    caption {\n        font-size: 14px;\n        font-weight: bold;\n        margin-bottom: 10px;\n    }\n\n    th, td {\n        border-bottom: thin solid #666;\n        padding: 5px;\n        color: #4f6d90;\n        font-size: 12px;\n        line-height: 18px;\n    }\n\n    th {\n        text-align: left;\n    }\n\n    td {\n        padding-left: 20px;\n    }\n\n    \/* Stil pentru celulele care au imagine de fundal *\/\n    td.background {\n        background: url(https:\/\/hlm.ro\/wp-content\/uploads\/2025\/04\/acoloada_mare-1.png.webp) no-repeat right center;\n        background-size: contain;\n    }\n\n    \/* Responsivitate pentru tabele pe mobil *\/\n    @media screen and (max-width: 600px) {\n        table {\n            width: 100%;\n            font-size: 10px;\n        }\n\n        td, th {\n            padding: 5px;\n        }\n    }\n<\/style>\n\n\n<table>\n    <caption>Dog Pedigree <\/caption>\n    <tbody>\n        <!-- R\u00e2nduri pentru str\u0103bunici -->\n        <tr>\n            <td rowspan=\"4\" class=\"background\">Saul della Valcuvia<\/td> <!-- Str\u0103bunicul 1 -->\n            <td rowspan=\"2\" class=\"background\">Mondo di Casa Palomba<\/td>   <!-- Bunicul 1 -->\n            <td>Willy vom Kuckucksland<\/td>       <!-- P\u0103rintele 1 -->\n        <\/tr>\n        <tr>\n            <td>Nita della Valcuvia<\/td>            <!-- P\u0103rintele 2 -->\n        <\/tr>\n        <tr>\n            <td rowspan=\"2\" class=\"background\">Era della Valcuvia<\/td> <!-- Bunicul 2 -->\n            <td>Ulkan von Maikhus<\/td>              <!-- P\u0103rintele 3 -->\n        <\/tr>\n        <tr>\n            <td>Zara della Valcuvia<\/td>             <!-- P\u0103rintele 4 -->\n        <\/tr>\n\n        <!-- R\u00e2nduri pentru str\u0103bunici -->\n        <tr>\n            <td rowspan=\"4\" class=\"background\">Garda von Hingabe<\/td>  <!-- Str\u0103bunicul 2 -->\n            <td rowspan=\"2\" class=\"background\">Iwo von der Plassenburg<\/td> <!-- Bunicul 3 -->\n            <td>Ballack von der Brucknerallee<\/td>                <!-- P\u0103rintele 5 -->\n        <\/tr>\n        <tr>\n            <td>Diva von der Plassenburg<\/td>           <!-- P\u0103rintele 6 -->\n        <\/tr>\n        <tr>\n            <td rowspan=\"2\" class=\"background\">Brenda von Hingabe<\/td> <!-- Bunicul 4 -->\n            <td>Haldo di Ca'San Marco<\/td>             <!-- P\u0103rintele 7 -->\n        <\/tr>\n        <tr>\n            <td>Haifa vom Fichtenschlag<\/td>    <!-- P\u0103rintele 8 -->\n        <\/tr>\n    <\/tbody>\n<\/table>\n\n\n\n\n\n<\/div><div class=\"bde-columns-436-309 bde-columns\"><div class=\"bde-column-436-310 bde-column\">\n  \n  \n\t\n\n\n\n<h3 class=\"bde-heading-436-311 bde-heading\">\nGerman Shepherd Kennel - Casa di Arancina\n<\/h3><div class=\"bde-fancy-divider-436-312 bde-fancy-divider\">\n\n\n<div class=\"bde-fancy-divider__wrapper\">\n  <div class=\"bde-fancy-divider__separator   \">\n  \t  <\/div>\n<\/div>\n\n<\/div><div class=\"bde-fancy-divider-436-313 bde-fancy-divider\">\n\n\n<div class=\"bde-fancy-divider__wrapper\">\n  <div class=\"bde-fancy-divider__separator   \">\n  \t  <\/div>\n<\/div>\n\n<\/div><div class=\"bde-rich-text-436-314 bde-rich-text breakdance-rich-text-styles\">\n<p>Casa di Arancina, a kennel specialized in breeding\u00a0<a href=\"https:\/\/hlm.ro\/en\/\">German Shepherds<\/a>, was founded in 2015 in Bucharest. Ara was the source of inspiration for our passion and the development of this kennel. We collaborate with other exceptional kennels to obtain remarkable specimens and to select individuals with excellent genetics.<\/p>\n<\/div>\n<\/div><div class=\"bde-column-436-315 bde-column\">\n  \n  \n\t\n\n\n\n<h3 class=\"bde-heading-436-316 bde-heading\">\nVideo Gallery\n<\/h3><div class=\"bde-fancy-divider-436-317 bde-fancy-divider\">\n\n\n<div class=\"bde-fancy-divider__wrapper\">\n  <div class=\"bde-fancy-divider__separator   \">\n  \t  <\/div>\n<\/div>\n\n<\/div><div class=\"bde-image-hover-card-436-318 bde-image-hover-card galerie-video\">\n           \n            \n            \n\n    \n    \n    \n    \n    \n    <a class=\"breakdance-link\" href=\"https:\/\/hlm.ro\/en\/german-shepherd\/gallery\/\" target=\"_self\" data-type=\"url\"  >\n\n<figure class=\"ee-imagehover c4-izmir c4-border-bottom c4-image-pan-down\">\n    <img decoding=\"async\" class=\"breakdance-image-object\" src=\"https:\/\/hlm.ro\/wp-content\/uploads\/2025\/04\/ciobanesc-german-padure.webp\" width=\"500\" height=\"313\" srcset=\"https:\/\/hlm.ro\/wp-content\/uploads\/2025\/04\/ciobanesc-german-padure.webp 500w, https:\/\/hlm.ro\/wp-content\/uploads\/2025\/04\/ciobanesc-german-padure-300x188.webp 300w\" sizes=\"auto, (max-width: 500px) 100vw, 500px\" alt=\"femela ciobanesc german din canisa noastra in padure\" loading=\"lazy\">\n  <figcaption class=\"c4-layout-top-right\">\n                <div class=\"c4-rotate-down-right c4-delay-200\">\n              <h4 class=\"ee-imagehover-title\">Gallery<\/h4>\n      <\/div>\n                <div class=\"c4-rotate-down-left c4-delay-400\">\n              <h4 class=\"ee-imagehover-title\">Arancina<\/h4>\n      <\/div>\n      <\/figcaption>\n<\/figure>\n      <\/a>\n\n<\/div>\n<\/div><\/div>\n<\/div><\/div><\/div>\n<\/section>","protected":false},"excerpt":{"rendered":"<p>Kelliyvon Hingabe Info KennelCasa di Arancina HairStockhair Dam born:10 September 2022 Pedigree:ROI 22\/188062 Microchip:380260102322870 DNA:Gepr\u00fcft HD:Normal ED:Normal Results Result:Wesentest &#8211; Judge Robert Lang (SV) Result:BH &#8211; Judge Thomas W\u00f6ginger (SV) Result:IGP1 &#8211; Judge Ilona Fornal (SV) Kelliy von Hingabe is a remarkable example of the German Shepherd breed. With an impressive anatomy, Kelliy demonstrates a [&hellip;]<\/p>\n","protected":false},"author":1,"featured_media":0,"parent":427,"menu_order":0,"comment_status":"closed","ping_status":"closed","template":"","meta":{"_breakdance_hide_in_design_set":false,"_breakdance_tags":"","footnotes":""},"class_list":["post-436","page","type-page","status-publish","hentry"],"yoast_head":"<!-- This site is optimized with the Yoast SEO plugin v26.5 - https:\/\/yoast.com\/wordpress\/plugins\/seo\/ -->\n<title>Kelliy German Shepherd | Top Bloodlines Female<\/title>\n<meta name=\"description\" content=\"Meet Kelliy, our German Shepherd female with top pedigree, health-tested (DNA &amp; hips), and IGP, excellent temperament. Raised with care.\" \/>\n<meta name=\"robots\" content=\"index, follow, max-snippet:-1, max-image-preview:large, max-video-preview:-1\" \/>\n<link rel=\"canonical\" href=\"https:\/\/hlm.ro\/en\/german-shepherd\/females\/kelliy\/\" \/>\n<meta property=\"og:locale\" content=\"en_US\" \/>\n<meta property=\"og:type\" content=\"article\" \/>\n<meta property=\"og:title\" content=\"Kelliy German Shepherd | Top Bloodlines Female\" \/>\n<meta property=\"og:description\" content=\"Meet Kelliy, our German Shepherd female with top pedigree, health-tested (DNA &amp; hips), and IGP, excellent temperament. Raised with care.\" \/>\n<meta property=\"og:url\" content=\"https:\/\/hlm.ro\/en\/german-shepherd\/females\/kelliy\/\" \/>\n<meta property=\"og:site_name\" content=\"German Shepherd Puppies with Pedigree \u2013 Certified Breeder in Romania\" \/>\n<meta property=\"article:publisher\" content=\"https:\/\/www.facebook.com\/canisaciobanescgerman\" \/>\n<meta property=\"article:modified_time\" content=\"2025-12-02T08:04:07+00:00\" \/>\n<meta property=\"og:image\" content=\"https:\/\/hlm.ro\/en\/wp-content\/uploads\/2025\/04\/pui-ciobanesc-german-pe-covor.webp\" \/>\n\t<meta property=\"og:image:width\" content=\"1600\" \/>\n\t<meta property=\"og:image:height\" content=\"1066\" \/>\n\t<meta property=\"og:image:type\" content=\"image\/webp\" \/>\n<meta name=\"twitter:card\" content=\"summary_large_image\" \/>\n<meta name=\"twitter:label1\" content=\"Est. reading time\" \/>\n\t<meta name=\"twitter:data1\" content=\"2 minutes\" \/>\n<script type=\"application\/ld+json\" class=\"yoast-schema-graph\">{\"@context\":\"https:\/\/schema.org\",\"@graph\":[{\"@type\":\"WebPage\",\"@id\":\"https:\/\/hlm.ro\/en\/german-shepherd\/females\/kelliy\/\",\"url\":\"https:\/\/hlm.ro\/en\/german-shepherd\/females\/kelliy\/\",\"name\":\"Kelliy German Shepherd | Top Bloodlines Female\",\"isPartOf\":{\"@id\":\"https:\/\/hlm.ro\/en\/#website\"},\"datePublished\":\"2025-04-27T09:48:42+00:00\",\"dateModified\":\"2025-12-02T08:04:07+00:00\",\"description\":\"Meet Kelliy, our German Shepherd female with top pedigree, health-tested (DNA & hips), and IGP, excellent temperament. Raised with care.\",\"breadcrumb\":{\"@id\":\"https:\/\/hlm.ro\/en\/german-shepherd\/females\/kelliy\/#breadcrumb\"},\"inLanguage\":\"en-US\",\"potentialAction\":[{\"@type\":\"ReadAction\",\"target\":[\"https:\/\/hlm.ro\/en\/german-shepherd\/females\/kelliy\/\"]}]},{\"@type\":\"BreadcrumbList\",\"@id\":\"https:\/\/hlm.ro\/en\/german-shepherd\/females\/kelliy\/#breadcrumb\",\"itemListElement\":[{\"@type\":\"ListItem\",\"position\":1,\"name\":\"Home\",\"item\":\"https:\/\/hlm.ro\/en\/\"},{\"@type\":\"ListItem\",\"position\":2,\"name\":\"German Shepherd\",\"item\":\"https:\/\/hlm.ro\/en\/german-shepherd\/\"},{\"@type\":\"ListItem\",\"position\":3,\"name\":\"German Shepherd > Females\",\"item\":\"https:\/\/hlm.ro\/en\/german-shepherd\/females\/\"},{\"@type\":\"ListItem\",\"position\":4,\"name\":\"Females > Kelliy\"}]},{\"@type\":\"WebSite\",\"@id\":\"https:\/\/hlm.ro\/en\/#website\",\"url\":\"https:\/\/hlm.ro\/en\/\",\"name\":\"HLM.ro - Canisa Ciob\u0103nesc German Bucure\u0219ti\",\"description\":\" Purebred German Shepherd Puppies \u2013 Responsible Breeding, Guaranteed Pedigree\",\"publisher\":{\"@id\":\"https:\/\/hlm.ro\/en\/#organization\"},\"alternateName\":\"Casa di Arancina - Pui Ciob\u0103nesc German de Ras\u0103 Pur\u0103\",\"potentialAction\":[{\"@type\":\"SearchAction\",\"target\":{\"@type\":\"EntryPoint\",\"urlTemplate\":\"https:\/\/hlm.ro\/en\/?s={search_term_string}\"},\"query-input\":{\"@type\":\"PropertyValueSpecification\",\"valueRequired\":true,\"valueName\":\"search_term_string\"}}],\"inLanguage\":\"en-US\"},{\"@type\":\"Organization\",\"@id\":\"https:\/\/hlm.ro\/en\/#organization\",\"name\":\"Casa di Arancina\",\"alternateName\":\"HLM\",\"url\":\"https:\/\/hlm.ro\/en\/\",\"logo\":{\"@type\":\"ImageObject\",\"inLanguage\":\"en-US\",\"@id\":\"https:\/\/hlm.ro\/en\/#\/schema\/logo\/image\/\",\"url\":\"https:\/\/hlm.ro\/en\/wp-content\/uploads\/2025\/04\/golden_final-e1745963534137.png\",\"contentUrl\":\"https:\/\/hlm.ro\/en\/wp-content\/uploads\/2025\/04\/golden_final-e1745963534137.png\",\"width\":180,\"height\":101,\"caption\":\"Casa di Arancina\"},\"image\":{\"@id\":\"https:\/\/hlm.ro\/en\/#\/schema\/logo\/image\/\"},\"sameAs\":[\"https:\/\/www.facebook.com\/canisaciobanescgerman\",\"https:\/\/www.instagram.com\/casa_di_arancina\/\"]}]}<\/script>\n<!-- \/ Yoast SEO plugin. -->","yoast_head_json":{"title":"Kelliy German Shepherd | Top Bloodlines Female","description":"Meet Kelliy, our German Shepherd female with top pedigree, health-tested (DNA & hips), and IGP, excellent temperament. Raised with care.","robots":{"index":"index","follow":"follow","max-snippet":"max-snippet:-1","max-image-preview":"max-image-preview:large","max-video-preview":"max-video-preview:-1"},"canonical":"https:\/\/hlm.ro\/en\/german-shepherd\/females\/kelliy\/","og_locale":"en_US","og_type":"article","og_title":"Kelliy German Shepherd | Top Bloodlines Female","og_description":"Meet Kelliy, our German Shepherd female with top pedigree, health-tested (DNA & hips), and IGP, excellent temperament. Raised with care.","og_url":"https:\/\/hlm.ro\/en\/german-shepherd\/females\/kelliy\/","og_site_name":"German Shepherd Puppies with Pedigree \u2013 Certified Breeder in Romania","article_publisher":"https:\/\/www.facebook.com\/canisaciobanescgerman","article_modified_time":"2025-12-02T08:04:07+00:00","og_image":[{"width":1600,"height":1066,"url":"https:\/\/hlm.ro\/en\/wp-content\/uploads\/2025\/04\/pui-ciobanesc-german-pe-covor.webp","type":"image\/webp"}],"twitter_card":"summary_large_image","twitter_misc":{"Est. reading time":"2 minutes"},"schema":{"@context":"https:\/\/schema.org","@graph":[{"@type":"WebPage","@id":"https:\/\/hlm.ro\/en\/german-shepherd\/females\/kelliy\/","url":"https:\/\/hlm.ro\/en\/german-shepherd\/females\/kelliy\/","name":"Kelliy German Shepherd | Top Bloodlines Female","isPartOf":{"@id":"https:\/\/hlm.ro\/en\/#website"},"datePublished":"2025-04-27T09:48:42+00:00","dateModified":"2025-12-02T08:04:07+00:00","description":"Meet Kelliy, our German Shepherd female with top pedigree, health-tested (DNA & hips), and IGP, excellent temperament. Raised with care.","breadcrumb":{"@id":"https:\/\/hlm.ro\/en\/german-shepherd\/females\/kelliy\/#breadcrumb"},"inLanguage":"en-US","potentialAction":[{"@type":"ReadAction","target":["https:\/\/hlm.ro\/en\/german-shepherd\/females\/kelliy\/"]}]},{"@type":"BreadcrumbList","@id":"https:\/\/hlm.ro\/en\/german-shepherd\/females\/kelliy\/#breadcrumb","itemListElement":[{"@type":"ListItem","position":1,"name":"Home","item":"https:\/\/hlm.ro\/en\/"},{"@type":"ListItem","position":2,"name":"German Shepherd","item":"https:\/\/hlm.ro\/en\/german-shepherd\/"},{"@type":"ListItem","position":3,"name":"German Shepherd > Females","item":"https:\/\/hlm.ro\/en\/german-shepherd\/females\/"},{"@type":"ListItem","position":4,"name":"Females > Kelliy"}]},{"@type":"WebSite","@id":"https:\/\/hlm.ro\/en\/#website","url":"https:\/\/hlm.ro\/en\/","name":"HLM.ro - Canisa Ciob\u0103nesc German Bucure\u0219ti","description":" Purebred German Shepherd Puppies \u2013 Responsible Breeding, Guaranteed Pedigree","publisher":{"@id":"https:\/\/hlm.ro\/en\/#organization"},"alternateName":"Casa di Arancina - Pui Ciob\u0103nesc German de Ras\u0103 Pur\u0103","potentialAction":[{"@type":"SearchAction","target":{"@type":"EntryPoint","urlTemplate":"https:\/\/hlm.ro\/en\/?s={search_term_string}"},"query-input":{"@type":"PropertyValueSpecification","valueRequired":true,"valueName":"search_term_string"}}],"inLanguage":"en-US"},{"@type":"Organization","@id":"https:\/\/hlm.ro\/en\/#organization","name":"Casa di Arancina","alternateName":"HLM","url":"https:\/\/hlm.ro\/en\/","logo":{"@type":"ImageObject","inLanguage":"en-US","@id":"https:\/\/hlm.ro\/en\/#\/schema\/logo\/image\/","url":"https:\/\/hlm.ro\/en\/wp-content\/uploads\/2025\/04\/golden_final-e1745963534137.png","contentUrl":"https:\/\/hlm.ro\/en\/wp-content\/uploads\/2025\/04\/golden_final-e1745963534137.png","width":180,"height":101,"caption":"Casa di Arancina"},"image":{"@id":"https:\/\/hlm.ro\/en\/#\/schema\/logo\/image\/"},"sameAs":["https:\/\/www.facebook.com\/canisaciobanescgerman","https:\/\/www.instagram.com\/casa_di_arancina\/"]}]}},"_links":{"self":[{"href":"https:\/\/hlm.ro\/en\/wp-json\/wp\/v2\/pages\/436","targetHints":{"allow":["GET"]}}],"collection":[{"href":"https:\/\/hlm.ro\/en\/wp-json\/wp\/v2\/pages"}],"about":[{"href":"https:\/\/hlm.ro\/en\/wp-json\/wp\/v2\/types\/page"}],"author":[{"embeddable":true,"href":"https:\/\/hlm.ro\/en\/wp-json\/wp\/v2\/users\/1"}],"replies":[{"embeddable":true,"href":"https:\/\/hlm.ro\/en\/wp-json\/wp\/v2\/comments?post=436"}],"version-history":[{"count":20,"href":"https:\/\/hlm.ro\/en\/wp-json\/wp\/v2\/pages\/436\/revisions"}],"predecessor-version":[{"id":945,"href":"https:\/\/hlm.ro\/en\/wp-json\/wp\/v2\/pages\/436\/revisions\/945"}],"up":[{"embeddable":true,"href":"https:\/\/hlm.ro\/en\/wp-json\/wp\/v2\/pages\/427"}],"wp:attachment":[{"href":"https:\/\/hlm.ro\/en\/wp-json\/wp\/v2\/media?parent=436"}],"curies":[{"name":"wp","href":"https:\/\/api.w.org\/{rel}","templated":true}]}}