{"id":420,"date":"2025-04-27T09:25:20","date_gmt":"2025-04-27T09:25:20","guid":{"rendered":"https:\/\/hlm.ro\/en\/?page_id=420"},"modified":"2025-06-06T09:06:49","modified_gmt":"2025-06-06T09:06:49","slug":"males","status":"publish","type":"page","link":"https:\/\/hlm.ro\/en\/german-shepherd\/males\/","title":{"rendered":"Males"},"content":{"rendered":"<section class=\"bde-section-420-100 bde-section\">\n              \n  \n  \n\t\n\n  <div class=\"section-background-overlay\"><\/div>\n\n\n<div class=\"section-container\"><div class=\"bde-fancy-divider-420-102 bde-fancy-divider\">\n\n\n<div class=\"bde-fancy-divider__wrapper\">\n  <div class=\"bde-fancy-divider__separator   \">\n  \t  <\/div>\n<\/div>\n\n<\/div><h1 class=\"bde-heading-420-103 bde-heading\">\nMales\n<\/h1><\/div>\n<\/section><section class=\"bde-section-420-105 bde-section\">\n  \n  \n\t\n\n\n\n<div class=\"section-container\"><div class=\"bde-columns-420-261 bde-columns\"><div class=\"bde-column-420-264 bde-column\">\n  \n  \n\t\n\n\n\n<h2 class=\"bde-heading-420-266 bde-heading\">\nGerman Shepherd Kennel -  Bucharest\n<\/h2><h2 class=\"bde-heading-420-268 bde-heading\">\nReady to Take on Any Task\n<\/h2><div class=\"bde-rich-text-420-297 bde-rich-text breakdance-rich-text-styles\">\n<article class=\"text-token-text-primary w-full\" dir=\"auto\" data-testid=\"conversation-turn-36\" data-scroll-anchor=\"true\"><div class=\"text-base my-auto mx-auto py-5 [--thread-content-margin:--spacing(4)] @[37rem]:[--thread-content-margin:--spacing(6)] @[72rem]:[--thread-content-margin:--spacing(16)] px-(--thread-content-margin)\"><div class=\"[--thread-content-max-width:32rem] @[34rem]:[--thread-content-max-width:40rem] @[64rem]:[--thread-content-max-width:48rem] mx-auto flex max-w-(--thread-content-max-width) flex-1 text-base gap-4 md:gap-5 lg:gap-6 group\/turn-messages focus-visible:outline-hidden\" tabindex=\"-1\"><div class=\"group\/conversation-turn relative flex w-full min-w-0 flex-col agent-turn\"><div class=\"relative flex-col gap-1 md:gap-3\"><div class=\"flex max-w-full flex-col grow\"><div class=\"min-h-8 text-message relative flex w-full flex-col items-end gap-2 text-start break-words whitespace-normal [.text-message+&amp;]:mt-5\" dir=\"auto\" data-message-author-role=\"assistant\" data-message-id=\"a9313918-7a3a-4ef4-905a-3b7b4ca3748d\" data-message-model-slug=\"gpt-4o\"><div class=\"flex w-full flex-col gap-1 empty:hidden first:pt-[3px]\"><div class=\"markdown prose dark:prose-invert w-full break-words light\"><p class=\"\" data-start=\"45\" data-end=\"246\">Exploring the Elegance and Strength of the German Shepherd: At Our Kennel, Discover Trusted Companions with Remarkable Traits \u2013 Unwavering Loyalty, Brilliant Intelligence, and Unmatched Protection.<\/p><\/div><\/div><\/div><\/div><\/div><\/div><\/div><\/div><\/article>\n<\/div><h3 class=\"bde-heading-420-309 bde-heading\">\nMales from Our Kennel:\n<\/h3><h3 class=\"bde-heading-420-308 bde-heading\">\nPako v. Hingabe\n<\/h3><a class=\"bde-container-link-420-305 bde-container-link breakdance-link\" href=\"https:\/\/hlm.ro\/wp-content\/uploads\/2025\/04\/Pako-e1745746218352.jpg\" target=\"_self\" data-lightbox-id=\"420-264\" data-type=\"lightbox\">\n  \n  \n\t\n\n\n\n<img decoding=\"async\" class=\"bde-image2-420-306 bde-image2\" src=\"https:\/\/hlm.ro\/wp-content\/uploads\/2025\/04\/Pako-e1745746218352-213x300.jpg\" alt=\"Pako von Hingabe - Mascul Ciobanesc German\" loading=\"lazy\" srcset=\"https:\/\/hlm.ro\/wp-content\/uploads\/2025\/04\/Pako-e1745746218352.jpg 400w, https:\/\/hlm.ro\/wp-content\/uploads\/2025\/04\/Pako-e1745746218352-213x300.jpg 213w\" sizes=\"(max-width: 400px) 100vw, 400px\">\n\n<\/a><div class=\"bde-columns-420-298 bde-columns\"><div class=\"bde-column-420-300 bde-column\">\n  \n  \n\t\n\n\n\n<div class=\"bde-rich-text-420-304 bde-rich-text breakdance-rich-text-styles\">\n<p>Welcome to the Males page, dedicated to the male dogs of the <a href=\"https:\/\/hlm.ro\/en\/\">Casa di Arancina Kennel<\/a> \u2013 German Shepherd Kennel specialized in breeding and selecting <a href=\"https:\/\/en.wikipedia.org\/wiki\/German_Shepherd\" target=\"_blank\" rel=\"noopener\">German Shepherds<\/a>. We are a team passionate about this noble breed. We focus on producing and promoting high-quality specimens with balanced temperament and outstanding potential.<\/p><p>At <a href=\"https:\/\/hlm.ro\/en\/\">Casa di Arancina Kennel<\/a>, we have an excellent German Shepherd bloodline, achieved through careful selection and special care. Each male presented on this page is a top representative of the breed, with reliable pedigree and exceptional performance in various fields.<\/p><p>The traits and temperament of our males are essential qualities that set us apart. Additionally, each dog is raised in a stimulating and balanced environment, being socialized from an early age.<\/p><p>The health and physical condition of our males are a top priority. We collaborate with specialized veterinarians who help us maintain high health standards. We ensure that each dog follows a rigorous medical care program.<\/p><p>On our page, you will find detailed information about each male, including <a href=\"https:\/\/en.wikipedia.org\/wiki\/Pedigree\">pedigree<\/a>, past achievements, health tests, and relevant images.<\/p><p>If you are interested in purchasing a male from the <a href=\"https:\/\/hlm.ro\/en\/\">Casa di Arancina Kennel<\/a>, we invite you to contact us via the contact form. Our dedicated team will also be happy to answer your questions and provide the necessary information.<\/p>\n<\/div>\n<\/div><\/div><div class=\"bde-columns-420-287 bde-columns\"><div class=\"bde-column-420-288 bde-column\">\n  \n  \n\t\n\n\n\n<h3 class=\"bde-heading-420-289 bde-heading\">\nGerman Shepherd Kennel - Casa di Arancina<br>\n<\/h3><div class=\"bde-fancy-divider-420-290 bde-fancy-divider\">\n\n\n<div class=\"bde-fancy-divider__wrapper\">\n  <div class=\"bde-fancy-divider__separator   \">\n  \t  <\/div>\n<\/div>\n\n<\/div><div class=\"bde-fancy-divider-420-291 bde-fancy-divider\">\n\n\n<div class=\"bde-fancy-divider__wrapper\">\n  <div class=\"bde-fancy-divider__separator   \">\n  \t  <\/div>\n<\/div>\n\n<\/div><div class=\"bde-rich-text-420-292 bde-rich-text breakdance-rich-text-styles\">\n<p>Casa di Arancina, a kennel specialized in breeding <a href=\"https:\/\/hlm.ro\/en\/\">German Shepherds<\/a>, was founded in 2015 in Bucharest. Ara was the source of inspiration for our passion and the development of this kennel. We collaborate with other exceptional kennels to obtain remarkable specimens and to select individuals with excellent genetics.<\/p><p>\u00a0<\/p>\n<\/div>\n<\/div><div class=\"bde-column-420-293 bde-column\">\n  \n  \n\t\n\n\n\n<h3 class=\"bde-heading-420-294 bde-heading\">\nVideo Gallery\n<\/h3><div class=\"bde-fancy-divider-420-295 bde-fancy-divider\">\n\n\n<div class=\"bde-fancy-divider__wrapper\">\n  <div class=\"bde-fancy-divider__separator   \">\n  \t  <\/div>\n<\/div>\n\n<\/div><div class=\"bde-image-hover-card-420-296 bde-image-hover-card galerie-video\">\n           \n            \n            \n\n    \n    \n    \n    \n    \n    <a class=\"breakdance-link\" href=\"https:\/\/hlm.ro\/en\/german-shepherd\/gallery\/\" target=\"_self\" data-type=\"url\"  >\n\n<figure class=\"ee-imagehover c4-izmir c4-border-bottom c4-image-pan-down\">\n    <img decoding=\"async\" class=\"breakdance-image-object\" src=\"https:\/\/hlm.ro\/wp-content\/uploads\/2025\/04\/ciobanesc-german-padure.webp\" width=\"500\" height=\"313\" srcset=\"https:\/\/hlm.ro\/wp-content\/uploads\/2025\/04\/ciobanesc-german-padure.webp 500w, https:\/\/hlm.ro\/wp-content\/uploads\/2025\/04\/ciobanesc-german-padure-300x188.webp 300w\" sizes=\"auto, (max-width: 500px) 100vw, 500px\" alt=\"femela ciobanesc german din canisa noastra in padure\" loading=\"lazy\">\n  <figcaption class=\"c4-layout-top-right\">\n                <div class=\"c4-rotate-down-right c4-delay-200\">\n              <h4 class=\"ee-imagehover-title\">Gallery<\/h4>\n      <\/div>\n                <div class=\"c4-rotate-down-left c4-delay-400\">\n              <h4 class=\"ee-imagehover-title\">Arancina<\/h4>\n      <\/div>\n      <\/figcaption>\n<\/figure>\n      <\/a>\n\n<\/div>\n<\/div><\/div>\n<\/div><\/div><\/div>\n<\/section>","protected":false},"excerpt":{"rendered":"<p>Males German Shepherd Kennel &#8211; Bucharest Ready to Take on Any Task Exploring the Elegance and Strength of the German Shepherd: At Our Kennel, Discover Trusted Companions with Remarkable Traits \u2013 Unwavering Loyalty, Brilliant Intelligence, and Unmatched Protection. Males from Our Kennel: Pako v. Hingabe Welcome to the Males page, dedicated to the male dogs [&hellip;]<\/p>\n","protected":false},"author":1,"featured_media":0,"parent":257,"menu_order":0,"comment_status":"closed","ping_status":"closed","template":"","meta":{"_breakdance_hide_in_design_set":false,"_breakdance_tags":"","footnotes":""},"class_list":["post-420","page","type-page","status-publish","hentry"],"yoast_head":"<!-- This site is optimized with the Yoast SEO plugin v26.5 - https:\/\/yoast.com\/wordpress\/plugins\/seo\/ -->\n<title>German Shepherd Males \u2013 Stud Dogs at Casa di Arancina<\/title>\n<meta name=\"description\" content=\"Explore our top German Shepherd males at Casa di Arancina Kennel. Proven bloodlines, excellent health, and strong working potential.\" \/>\n<meta name=\"robots\" content=\"index, follow, max-snippet:-1, max-image-preview:large, max-video-preview:-1\" \/>\n<link rel=\"canonical\" href=\"https:\/\/hlm.ro\/en\/german-shepherd\/males\/\" \/>\n<meta property=\"og:locale\" content=\"en_US\" \/>\n<meta property=\"og:type\" content=\"article\" \/>\n<meta property=\"og:title\" content=\"German Shepherd Males \u2013 Stud Dogs at Casa di Arancina\" \/>\n<meta property=\"og:description\" content=\"Explore our top German Shepherd males at Casa di Arancina Kennel. Proven bloodlines, excellent health, and strong working potential.\" \/>\n<meta property=\"og:url\" content=\"https:\/\/hlm.ro\/en\/german-shepherd\/males\/\" \/>\n<meta property=\"og:site_name\" content=\"German Shepherd Puppies with Pedigree \u2013 Certified Breeder in Romania\" \/>\n<meta property=\"article:publisher\" content=\"https:\/\/www.facebook.com\/canisaciobanescgerman\" \/>\n<meta property=\"article:modified_time\" content=\"2025-06-06T09:06:49+00:00\" \/>\n<meta property=\"og:image\" content=\"https:\/\/hlm.ro\/en\/wp-content\/uploads\/2025\/04\/pui-ciobanesc-german-pe-covor.webp\" \/>\n\t<meta property=\"og:image:width\" content=\"1600\" \/>\n\t<meta property=\"og:image:height\" content=\"1066\" \/>\n\t<meta property=\"og:image:type\" content=\"image\/webp\" \/>\n<meta name=\"twitter:card\" content=\"summary_large_image\" \/>\n<meta name=\"twitter:label1\" content=\"Est. reading time\" \/>\n\t<meta name=\"twitter:data1\" content=\"2 minutes\" \/>\n<script type=\"application\/ld+json\" class=\"yoast-schema-graph\">{\"@context\":\"https:\/\/schema.org\",\"@graph\":[{\"@type\":\"WebPage\",\"@id\":\"https:\/\/hlm.ro\/en\/german-shepherd\/males\/\",\"url\":\"https:\/\/hlm.ro\/en\/german-shepherd\/males\/\",\"name\":\"German Shepherd Males \u2013 Stud Dogs at Casa di Arancina\",\"isPartOf\":{\"@id\":\"https:\/\/hlm.ro\/en\/#website\"},\"datePublished\":\"2025-04-27T09:25:20+00:00\",\"dateModified\":\"2025-06-06T09:06:49+00:00\",\"description\":\"Explore our top German Shepherd males at Casa di Arancina Kennel. Proven bloodlines, excellent health, and strong working potential.\",\"breadcrumb\":{\"@id\":\"https:\/\/hlm.ro\/en\/german-shepherd\/males\/#breadcrumb\"},\"inLanguage\":\"en-US\",\"potentialAction\":[{\"@type\":\"ReadAction\",\"target\":[\"https:\/\/hlm.ro\/en\/german-shepherd\/males\/\"]}]},{\"@type\":\"BreadcrumbList\",\"@id\":\"https:\/\/hlm.ro\/en\/german-shepherd\/males\/#breadcrumb\",\"itemListElement\":[{\"@type\":\"ListItem\",\"position\":1,\"name\":\"Home\",\"item\":\"https:\/\/hlm.ro\/en\/\"},{\"@type\":\"ListItem\",\"position\":2,\"name\":\"German Shepherd\",\"item\":\"https:\/\/hlm.ro\/en\/german-shepherd\/\"},{\"@type\":\"ListItem\",\"position\":3,\"name\":\"German Shepherd > Males\"}]},{\"@type\":\"WebSite\",\"@id\":\"https:\/\/hlm.ro\/en\/#website\",\"url\":\"https:\/\/hlm.ro\/en\/\",\"name\":\"HLM.ro - Canisa Ciob\u0103nesc German Bucure\u0219ti\",\"description\":\" Purebred German Shepherd Puppies \u2013 Responsible Breeding, Guaranteed Pedigree\",\"publisher\":{\"@id\":\"https:\/\/hlm.ro\/en\/#organization\"},\"alternateName\":\"Casa di Arancina - Pui Ciob\u0103nesc German de Ras\u0103 Pur\u0103\",\"potentialAction\":[{\"@type\":\"SearchAction\",\"target\":{\"@type\":\"EntryPoint\",\"urlTemplate\":\"https:\/\/hlm.ro\/en\/?s={search_term_string}\"},\"query-input\":{\"@type\":\"PropertyValueSpecification\",\"valueRequired\":true,\"valueName\":\"search_term_string\"}}],\"inLanguage\":\"en-US\"},{\"@type\":\"Organization\",\"@id\":\"https:\/\/hlm.ro\/en\/#organization\",\"name\":\"Casa di Arancina\",\"alternateName\":\"HLM\",\"url\":\"https:\/\/hlm.ro\/en\/\",\"logo\":{\"@type\":\"ImageObject\",\"inLanguage\":\"en-US\",\"@id\":\"https:\/\/hlm.ro\/en\/#\/schema\/logo\/image\/\",\"url\":\"https:\/\/hlm.ro\/en\/wp-content\/uploads\/2025\/04\/golden_final-e1745963534137.png\",\"contentUrl\":\"https:\/\/hlm.ro\/en\/wp-content\/uploads\/2025\/04\/golden_final-e1745963534137.png\",\"width\":180,\"height\":101,\"caption\":\"Casa di Arancina\"},\"image\":{\"@id\":\"https:\/\/hlm.ro\/en\/#\/schema\/logo\/image\/\"},\"sameAs\":[\"https:\/\/www.facebook.com\/canisaciobanescgerman\",\"https:\/\/www.instagram.com\/casa_di_arancina\/\"]}]}<\/script>\n<!-- \/ Yoast SEO plugin. -->","yoast_head_json":{"title":"German Shepherd Males \u2013 Stud Dogs at Casa di Arancina","description":"Explore our top German Shepherd males at Casa di Arancina Kennel. Proven bloodlines, excellent health, and strong working potential.","robots":{"index":"index","follow":"follow","max-snippet":"max-snippet:-1","max-image-preview":"max-image-preview:large","max-video-preview":"max-video-preview:-1"},"canonical":"https:\/\/hlm.ro\/en\/german-shepherd\/males\/","og_locale":"en_US","og_type":"article","og_title":"German Shepherd Males \u2013 Stud Dogs at Casa di Arancina","og_description":"Explore our top German Shepherd males at Casa di Arancina Kennel. Proven bloodlines, excellent health, and strong working potential.","og_url":"https:\/\/hlm.ro\/en\/german-shepherd\/males\/","og_site_name":"German Shepherd Puppies with Pedigree \u2013 Certified Breeder in Romania","article_publisher":"https:\/\/www.facebook.com\/canisaciobanescgerman","article_modified_time":"2025-06-06T09:06:49+00:00","og_image":[{"width":1600,"height":1066,"url":"https:\/\/hlm.ro\/en\/wp-content\/uploads\/2025\/04\/pui-ciobanesc-german-pe-covor.webp","type":"image\/webp"}],"twitter_card":"summary_large_image","twitter_misc":{"Est. reading time":"2 minutes"},"schema":{"@context":"https:\/\/schema.org","@graph":[{"@type":"WebPage","@id":"https:\/\/hlm.ro\/en\/german-shepherd\/males\/","url":"https:\/\/hlm.ro\/en\/german-shepherd\/males\/","name":"German Shepherd Males \u2013 Stud Dogs at Casa di Arancina","isPartOf":{"@id":"https:\/\/hlm.ro\/en\/#website"},"datePublished":"2025-04-27T09:25:20+00:00","dateModified":"2025-06-06T09:06:49+00:00","description":"Explore our top German Shepherd males at Casa di Arancina Kennel. Proven bloodlines, excellent health, and strong working potential.","breadcrumb":{"@id":"https:\/\/hlm.ro\/en\/german-shepherd\/males\/#breadcrumb"},"inLanguage":"en-US","potentialAction":[{"@type":"ReadAction","target":["https:\/\/hlm.ro\/en\/german-shepherd\/males\/"]}]},{"@type":"BreadcrumbList","@id":"https:\/\/hlm.ro\/en\/german-shepherd\/males\/#breadcrumb","itemListElement":[{"@type":"ListItem","position":1,"name":"Home","item":"https:\/\/hlm.ro\/en\/"},{"@type":"ListItem","position":2,"name":"German Shepherd","item":"https:\/\/hlm.ro\/en\/german-shepherd\/"},{"@type":"ListItem","position":3,"name":"German Shepherd > Males"}]},{"@type":"WebSite","@id":"https:\/\/hlm.ro\/en\/#website","url":"https:\/\/hlm.ro\/en\/","name":"HLM.ro - Canisa Ciob\u0103nesc German Bucure\u0219ti","description":" Purebred German Shepherd Puppies \u2013 Responsible Breeding, Guaranteed Pedigree","publisher":{"@id":"https:\/\/hlm.ro\/en\/#organization"},"alternateName":"Casa di Arancina - Pui Ciob\u0103nesc German de Ras\u0103 Pur\u0103","potentialAction":[{"@type":"SearchAction","target":{"@type":"EntryPoint","urlTemplate":"https:\/\/hlm.ro\/en\/?s={search_term_string}"},"query-input":{"@type":"PropertyValueSpecification","valueRequired":true,"valueName":"search_term_string"}}],"inLanguage":"en-US"},{"@type":"Organization","@id":"https:\/\/hlm.ro\/en\/#organization","name":"Casa di Arancina","alternateName":"HLM","url":"https:\/\/hlm.ro\/en\/","logo":{"@type":"ImageObject","inLanguage":"en-US","@id":"https:\/\/hlm.ro\/en\/#\/schema\/logo\/image\/","url":"https:\/\/hlm.ro\/en\/wp-content\/uploads\/2025\/04\/golden_final-e1745963534137.png","contentUrl":"https:\/\/hlm.ro\/en\/wp-content\/uploads\/2025\/04\/golden_final-e1745963534137.png","width":180,"height":101,"caption":"Casa di Arancina"},"image":{"@id":"https:\/\/hlm.ro\/en\/#\/schema\/logo\/image\/"},"sameAs":["https:\/\/www.facebook.com\/canisaciobanescgerman","https:\/\/www.instagram.com\/casa_di_arancina\/"]}]}},"_links":{"self":[{"href":"https:\/\/hlm.ro\/en\/wp-json\/wp\/v2\/pages\/420","targetHints":{"allow":["GET"]}}],"collection":[{"href":"https:\/\/hlm.ro\/en\/wp-json\/wp\/v2\/pages"}],"about":[{"href":"https:\/\/hlm.ro\/en\/wp-json\/wp\/v2\/types\/page"}],"author":[{"embeddable":true,"href":"https:\/\/hlm.ro\/en\/wp-json\/wp\/v2\/users\/1"}],"replies":[{"embeddable":true,"href":"https:\/\/hlm.ro\/en\/wp-json\/wp\/v2\/comments?post=420"}],"version-history":[{"count":16,"href":"https:\/\/hlm.ro\/en\/wp-json\/wp\/v2\/pages\/420\/revisions"}],"predecessor-version":[{"id":925,"href":"https:\/\/hlm.ro\/en\/wp-json\/wp\/v2\/pages\/420\/revisions\/925"}],"up":[{"embeddable":true,"href":"https:\/\/hlm.ro\/en\/wp-json\/wp\/v2\/pages\/257"}],"wp:attachment":[{"href":"https:\/\/hlm.ro\/en\/wp-json\/wp\/v2\/media?parent=420"}],"curies":[{"name":"wp","href":"https:\/\/api.w.org\/{rel}","templated":true}]}}