{"id":321,"date":"2025-04-27T07:23:48","date_gmt":"2025-04-27T07:23:48","guid":{"rendered":"https:\/\/hlm.ro\/en\/?page_id=321"},"modified":"2025-06-06T09:48:42","modified_gmt":"2025-06-06T09:48:42","slug":"puppies","status":"publish","type":"page","link":"https:\/\/hlm.ro\/en\/german-shepherd\/puppies\/","title":{"rendered":"Puppies"},"content":{"rendered":"<section class=\"bde-section-321-100 bde-section\">\n              \n  \n  \n\t\n\n  <div class=\"section-background-overlay\"><\/div>\n\n\n<div class=\"section-container\"><div class=\"bde-fancy-divider-321-102 bde-fancy-divider\">\n\n\n<div class=\"bde-fancy-divider__wrapper\">\n  <div class=\"bde-fancy-divider__separator   \">\n  \t  <\/div>\n<\/div>\n\n<\/div><h1 class=\"bde-heading-321-103 bde-heading\">\nGerman Shepherd Puppies<br>Casa di Arancina\n<\/h1><\/div>\n<\/section><section class=\"bde-section-321-105 bde-section\">\n  \n  \n\t\n\n\n\n<div class=\"section-container\"><div class=\"bde-columns-321-261 bde-columns\"><div class=\"bde-column-321-264 bde-column\">\n  \n  \n\t\n\n\n\n<h2 class=\"bde-heading-321-266 bde-heading\">\nGerman Shepherd Puppies Available in Bucharest \u2013 Authentic Pedigree<br><br>\n<\/h2><h2 class=\"bde-heading-321-268 bde-heading\">\nChoose a German Shepherd Puppy \u2013 Loyal and Intelligent<br><br>\n<\/h2><div class=\"bde-text-321-267 bde-text\">\n15 April 2025\n<\/div><h2 class=\"bde-heading-321-352 bde-heading\">\nLitter Available \u2013 German Shepherd Puppies!\n<\/h2><div class=\"bde-rich-text-321-353 bde-rich-text breakdance-rich-text-styles\">\n<div class=\"elementor-element elementor-element-f9bc9cd elementor-widget__width-initial elementor-widget elementor-widget-text-editor\" data-id=\"f9bc9cd\" data-element_type=\"widget\" data-widget_type=\"text-editor.default\">\n<div class=\"flex flex-grow flex-col gap-3\">\n<div class=\"min-h-[20px] flex flex-col items-start gap-4 whitespace-pre-wrap break-words\">\n<div class=\"markdown prose w-full break-words dark:prose-invert light\">\n<p>We are excited to announce that we have a German Shepherd litter available! At this moment, there are still <strong data-start=\"247\" data-end=\"262\">two females<\/strong> available for reservation. <br \/>Our puppies are healthy and well cared for.<br data-start=\"383\" data-end=\"386\" \/>These puppies are raised with care, socialized, and prepared to become excellent companions for any family. <br \/>If you would like to reserve one of these females or get more information, don't hesitate to contact us!<\/p>\n<p><span style=\"color: red;\"><strong>Reservations are now open<\/strong><\/span> \u2013 secure your loyal and intelligent companion from this special litter today!<\/p>\n<\/div>\n<\/div>\n<\/div>\n<\/div>\n\n<\/div><h2 class=\"bde-heading-321-356 bde-heading\">\nWhy Choose a German Shepherd Puppy from Casa di Arancina Kennel?<br>\n<\/h2><div class=\"bde-div-321-403 bde-div\">\n  \n  \n\t\n\n\n\n<div class=\"bde-rich-text-321-357 bde-rich-text breakdance-rich-text-styles\">\n<p>Exceptional German Shepherd puppies with authentic pedigree are now available at Casa di Arancina Kennel in Bucharest. Each German Shepherd puppy is a loyal and intelligent companion, perfect for families and dog lovers.<br \/>Certified bloodlines and high-quality care ensure that every puppy is an excellent choice for those seeking a top-breed dog.<\/p>\n<\/div>\n<\/div><div class=\"bde-columns-321-358 bde-columns\"><div class=\"bde-column-321-359 bde-column\">\n  \n  \n\t\n\n\n\n<h3 class=\"bde-heading-321-362 bde-heading\">\nSelected Parents\n<\/h3><div class=\"bde-fancy-divider-321-365 bde-fancy-divider\">\n\n\n<div class=\"bde-fancy-divider__wrapper\">\n  <div class=\"bde-fancy-divider__separator   \">\n  \t  <\/div>\n<\/div>\n\n<\/div><h3 class=\"bde-heading-321-366 bde-heading\">\nBreeding in Our Kennel\n<\/h3><div class=\"bde-rich-text-321-367 bde-rich-text breakdance-rich-text-styles\">\n<p>At Casa di Arancina, we are committed to bringing into the world superior quality German Shepherd puppies through careful selection of breeding pairs. We collaborate with trusted partners, adhering to the strict health and performance standards of the breed.<\/p>\n\n<\/div><div class=\"bde-fancy-divider-321-384 bde-fancy-divider\">\n\n\n<div class=\"bde-fancy-divider__wrapper\">\n  <div class=\"bde-fancy-divider__separator   \">\n  \t  <\/div>\n<\/div>\n\n<\/div><h3 class=\"bde-heading-321-383 bde-heading\">\nWith Pedigree in Genes and Happiness in Eyes\n<\/h3><div class=\"bde-rich-text-321-385 bde-rich-text breakdance-rich-text-styles\">\n<p>Here, the passion for the German Shepherd breed meets top genetic standards.<\/p>\n<p>Moreover, here you will find superb specimens. Authentic pedigree and conforming genetic lines.<\/p>\n<p>In addition, the dedicated team at <a href=\"https:\/\/hlm.ro\/en\/\">Casa di Arancina<\/a> strives to provide healthy and well-socialized puppies. Therefore, each descendant is raised with love and care, ensuring superior quality.<\/p>\n<p>Don't hesitate to choose a <a href=\"https:\/\/hlm.ro\/en\/german-shepherd\/puppies\/\">German Shepherd puppy<\/a> from <a href=\"https:\/\/www.facebook.com\/di.casa.ara\">Casa di Arancina<\/a>.<\/p>\n<p>You will enjoy an intelligent and beautiful companion. Through selective breeding, we maintain the top standards of the breed.<\/p>\n<p>As they grow, these promising puppies can become leaders in guarding and rescue activities. Their natural instinct to protect their territory and owners makes them ideal choices for these roles.<\/p>\n<p>To develop harmoniously, German Shepherd puppies require regular exercise and daily mental challenges. With attention and care, these promising little ones will grow into loyal and strong dogs.<\/p>\n\n<\/div>\n<\/div><div class=\"bde-column-321-368 bde-column\">\n  \n  \n\t\n\n\n\n<div class=\"bde-div-321-389 bde-div\">\n  \n  \n\t\n\n\n\n<h3 class=\"bde-heading-321-369 bde-heading\">\nGerman Shepherd Puppies\n<\/h3>\n<\/div><div class=\"bde-fancy-divider-321-370 bde-fancy-divider\">\n\n\n<div class=\"bde-fancy-divider__wrapper\">\n  <div class=\"bde-fancy-divider__separator   \">\n  \t  <\/div>\n<\/div>\n\n<\/div><a class=\"bde-container-link-321-376 bde-container-link breakdance-link\" href=\"https:\/\/hlm.ro\/wp-content\/uploads\/2025\/04\/elmo-mascul-ciobanesc-german-atent.webp\" target=\"_self\" data-lightbox-id=\"321-368\" data-type=\"lightbox\">\n  \n  \n\t\n\n\n\n<img decoding=\"async\" class=\"bde-image2-321-377 bde-image2\" src=\"https:\/\/hlm.ro\/wp-content\/uploads\/2025\/04\/elmo-mascul-ciobanesc-german-atent-150x150.webp\" alt=\"German Shepherd puppy with tongue out on the carpet.\" loading=\"lazy\" srcset=\"https:\/\/hlm.ro\/wp-content\/uploads\/2025\/04\/elmo-mascul-ciobanesc-german-atent.webp 768w, https:\/\/hlm.ro\/wp-content\/uploads\/2025\/04\/elmo-mascul-ciobanesc-german-atent-225x300.webp 225w\" sizes=\"(max-width: 768px) 100vw, 768px\">\n\n<\/a><div class=\"bde-fancy-divider-321-386 bde-fancy-divider\">\n\n\n<div class=\"bde-fancy-divider__wrapper\">\n  <div class=\"bde-fancy-divider__separator   \">\n  \t  <\/div>\n<\/div>\n\n<\/div><div class=\"bde-div-321-390 bde-div\">\n  \n  \n\t\n\n\n\n<h3 class=\"bde-heading-321-391 bde-heading\">\nLitter Gallery E\n<\/h3><div class=\"bde-rich-text-321-392 bde-rich-text breakdance-rich-text-styles\">\n<div class=\"elementor-element elementor-element-fe5a561 elementor-widget elementor-widget-text-editor\" data-id=\"fe5a561\" data-element_type=\"widget\" data-widget_type=\"text-editor.default\"><p><a href=\"https:\/\/g.page\/r\/CcLlkOrus9IeEBM\/\">Casa di Arancina Kennel<\/a> follows the strict requirements set by <a href=\"https:\/\/cncg.ro\/\" target=\"_blank\" rel=\"noopener\" data-wplink-edit=\"true\"><i>CNGG<\/i><\/a> and <a href=\"https:\/\/www.sv-doxs.net\/\" target=\"_blank\" rel=\"noopener\">SV Germany<\/a>. Furthermore, we ensure that only the healthiest and strongest German Shepherd puppies are bred to produce a robust and healthy breed.<\/p><p>Our exceptional specimens, each of them <span contextmenu=\"true\">hold<\/span> both breeding rights and an authentic, complete pedigree.<\/p><p>We guarantee full transparency and complete documentation for each specimen, including the full pedigree and all necessary certificates.<\/p><p>As a result, for those interested in acquiring a puppy, it is important to find a trusted breeder who pays special attention to the pairing and selection of dogs. This way, you can ensure that you will have a strong, intelligent, loyal, and healthy companion by your side for many years to come.<\/p><p>In conclusion, German Shepherd puppies are the perfect choice for lovers of strong and devoted dogs. With time and effort, you will have a reliable companion for many years.<\/p><\/div>\n<\/div>\n<\/div>\n<\/div><div class=\"bde-column-321-393 bde-column\">\n  \n  \n\t\n\n\n\n<div class=\"bde-div-321-394 bde-div\">\n  \n  \n\t\n\n\n\n<h3 class=\"bde-heading-321-395 bde-heading\">\nLitter Gallery A\n<\/h3>\n<\/div><div class=\"bde-fancy-divider-321-396 bde-fancy-divider\">\n\n\n<div class=\"bde-fancy-divider__wrapper\">\n  <div class=\"bde-fancy-divider__separator   \">\n  \t  <\/div>\n<\/div>\n\n<\/div><a class=\"bde-container-link-321-397 bde-container-link breakdance-link\" href=\"https:\/\/hlm.ro\/wp-content\/uploads\/2025\/04\/ciobanesc-german-bucuresti.webp\" target=\"_self\" data-lightbox-id=\"321-393\" data-type=\"lightbox\">\n  \n  \n\t\n\n\n\n<img decoding=\"async\" class=\"bde-image2-321-398 bde-image2\" src=\"https:\/\/hlm.ro\/wp-content\/uploads\/2025\/04\/ciobanesc-german-bucuresti-150x150.webp\" alt=\"Pui ciobanesc german dragut.\" loading=\"lazy\" sizes=\"(max-width: 150px) 100vw, 150px\">\n\n<\/a><div class=\"bde-fancy-divider-321-399 bde-fancy-divider\">\n\n\n<div class=\"bde-fancy-divider__wrapper\">\n  <div class=\"bde-fancy-divider__separator   \">\n  \t  <\/div>\n<\/div>\n\n<\/div><div class=\"bde-div-321-400 bde-div\">\n  \n  \n\t\n\n\n\n<h3 class=\"bde-heading-321-401 bde-heading\">\nImage Gallery\n<\/h3><div class=\"bde-rich-text-321-402 bde-rich-text breakdance-rich-text-styles\">\n<p>German Shepherd puppies are adorable and promising. With their warm and playful eyes, these little ones will bring joy into your life. Their strong personality and devotion to their owner begin to take shape already in their first year of life.<\/p><p>Training and socialization are essential to fully develop the potential of these German Shepherd puppies. With determination and patience, the German Shepherd will transform into an incredible companion.<\/p><p>Their thick fur is a sign of their robustness and protects them from the elements. Even on cold days, the <a href=\"https:\/\/hlm.ro\/en\/german-shepherd\/\">German Shepherd<\/a> puppies are ready to play and explore.<\/p><p>Energetic and playful, these puppies are loved by children and quickly bond with the whole family. With a high level of intelligence, the German Shepherd is eager to learn and be around people.<\/p>\n<\/div>\n<\/div>\n<\/div><\/div><div class=\"bde-columns-321-309 bde-columns\"><div class=\"bde-column-321-310 bde-column\">\n  \n  \n\t\n\n\n\n<h3 class=\"bde-heading-321-311 bde-heading\">\nGerman Shepherd Kennel - Casa di Arancina<br>\n<\/h3><div class=\"bde-fancy-divider-321-312 bde-fancy-divider\">\n\n\n<div class=\"bde-fancy-divider__wrapper\">\n  <div class=\"bde-fancy-divider__separator   \">\n  \t  <\/div>\n<\/div>\n\n<\/div><div class=\"bde-fancy-divider-321-313 bde-fancy-divider\">\n\n\n<div class=\"bde-fancy-divider__wrapper\">\n  <div class=\"bde-fancy-divider__separator   \">\n  \t  <\/div>\n<\/div>\n\n<\/div><div class=\"bde-rich-text-321-314 bde-rich-text breakdance-rich-text-styles\">\n<p>Casa di Arancina, a kennel specialized in breeding <a href=\"https:\/\/hlm.ro\/en\/\">German Shepherds<\/a>, was founded in 2015 in Bucharest. Ara was the source of inspiration for our passion and the development of this kennel. We collaborate with other exceptional kennels to obtain remarkable specimens and to select individuals with excellent genetics.<\/p><p>\u00a0<\/p>\n<\/div>\n<\/div><div class=\"bde-column-321-315 bde-column\">\n  \n  \n\t\n\n\n\n<h3 class=\"bde-heading-321-316 bde-heading\">\nVideo Gallery\n<\/h3><div class=\"bde-fancy-divider-321-317 bde-fancy-divider\">\n\n\n<div class=\"bde-fancy-divider__wrapper\">\n  <div class=\"bde-fancy-divider__separator   \">\n  \t  <\/div>\n<\/div>\n\n<\/div><div class=\"bde-image-hover-card-321-318 bde-image-hover-card galerie-video\">\n           \n            \n            \n\n    \n    \n    \n    \n    \n    <a class=\"breakdance-link\" href=\"https:\/\/hlm.ro\/en\/german-shepherd\/gallery\/\" target=\"_self\" data-type=\"url\"  >\n\n<figure class=\"ee-imagehover c4-izmir c4-border-bottom c4-image-pan-down\">\n    <img decoding=\"async\" class=\"breakdance-image-object\" src=\"https:\/\/hlm.ro\/wp-content\/uploads\/2025\/04\/ciobanesc-german-padure.webp\" width=\"500\" height=\"313\" srcset=\"https:\/\/hlm.ro\/wp-content\/uploads\/2025\/04\/ciobanesc-german-padure.webp 500w, https:\/\/hlm.ro\/wp-content\/uploads\/2025\/04\/ciobanesc-german-padure-300x188.webp 300w\" sizes=\"auto, (max-width: 500px) 100vw, 500px\" alt=\"femela ciobanesc german din canisa noastra in padure\" loading=\"lazy\">\n  <figcaption class=\"c4-layout-top-right\">\n                <div class=\"c4-rotate-down-right c4-delay-200\">\n              <h4 class=\"ee-imagehover-title\">Gallery<\/h4>\n      <\/div>\n                <div class=\"c4-rotate-down-left c4-delay-400\">\n              <h4 class=\"ee-imagehover-title\">Arancina<\/h4>\n      <\/div>\n      <\/figcaption>\n<\/figure>\n      <\/a>\n\n<\/div>\n<\/div><\/div>\n<\/div><\/div><\/div>\n<\/section>","protected":false},"excerpt":{"rendered":"<p>German Shepherd PuppiesCasa di Arancina German Shepherd Puppies Available in Bucharest \u2013 Authentic Pedigree Choose a German Shepherd Puppy \u2013 Loyal and Intelligent 15 April 2025 Litter Available \u2013 German Shepherd Puppies! We are excited to announce that we have a German Shepherd litter available! At this moment, there are still two females available for [&hellip;]<\/p>\n","protected":false},"author":1,"featured_media":0,"parent":257,"menu_order":0,"comment_status":"closed","ping_status":"closed","template":"","meta":{"_breakdance_hide_in_design_set":false,"_breakdance_tags":"","footnotes":""},"class_list":["post-321","page","type-page","status-publish","hentry"],"yoast_head":"<!-- This site is optimized with the Yoast SEO plugin v26.5 - https:\/\/yoast.com\/wordpress\/plugins\/seo\/ -->\n<title>German Shepherd Puppies for Sale \u2013 Casa di Arancina Kennel<\/title>\n<meta name=\"description\" content=\"Discover top-quality German Shepherd puppies from Casa di Arancina Kennel. Raised with care, health-tested, and ready to become companions.\" \/>\n<meta name=\"robots\" content=\"index, follow, max-snippet:-1, max-image-preview:large, max-video-preview:-1\" \/>\n<link rel=\"canonical\" href=\"https:\/\/hlm.ro\/en\/german-shepherd\/puppies\/\" \/>\n<meta property=\"og:locale\" content=\"en_US\" \/>\n<meta property=\"og:type\" content=\"article\" \/>\n<meta property=\"og:title\" content=\"German Shepherd Puppies for Sale \u2013 Casa di Arancina Kennel\" \/>\n<meta property=\"og:description\" content=\"Discover top-quality German Shepherd puppies from Casa di Arancina Kennel. Raised with care, health-tested, and ready to become companions.\" \/>\n<meta property=\"og:url\" content=\"https:\/\/hlm.ro\/en\/german-shepherd\/puppies\/\" \/>\n<meta property=\"og:site_name\" content=\"German Shepherd Puppies with Pedigree \u2013 Certified Breeder in Romania\" \/>\n<meta property=\"article:publisher\" content=\"https:\/\/www.facebook.com\/canisaciobanescgerman\" \/>\n<meta property=\"article:modified_time\" content=\"2025-06-06T09:48:42+00:00\" \/>\n<meta property=\"og:image\" content=\"https:\/\/hlm.ro\/en\/wp-content\/uploads\/2025\/04\/pui-ciobanesc-german-pe-covor.webp\" \/>\n\t<meta property=\"og:image:width\" content=\"1600\" \/>\n\t<meta property=\"og:image:height\" content=\"1066\" \/>\n\t<meta property=\"og:image:type\" content=\"image\/webp\" \/>\n<meta name=\"twitter:card\" content=\"summary_large_image\" \/>\n<meta name=\"twitter:label1\" content=\"Est. reading time\" \/>\n\t<meta name=\"twitter:data1\" content=\"4 minutes\" \/>\n<script type=\"application\/ld+json\" class=\"yoast-schema-graph\">{\"@context\":\"https:\/\/schema.org\",\"@graph\":[{\"@type\":\"WebPage\",\"@id\":\"https:\/\/hlm.ro\/en\/german-shepherd\/puppies\/\",\"url\":\"https:\/\/hlm.ro\/en\/german-shepherd\/puppies\/\",\"name\":\"German Shepherd Puppies for Sale \u2013 Casa di Arancina Kennel\",\"isPartOf\":{\"@id\":\"https:\/\/hlm.ro\/en\/#website\"},\"datePublished\":\"2025-04-27T07:23:48+00:00\",\"dateModified\":\"2025-06-06T09:48:42+00:00\",\"description\":\"Discover top-quality German Shepherd puppies from Casa di Arancina Kennel. Raised with care, health-tested, and ready to become companions.\",\"breadcrumb\":{\"@id\":\"https:\/\/hlm.ro\/en\/german-shepherd\/puppies\/#breadcrumb\"},\"inLanguage\":\"en-US\",\"potentialAction\":[{\"@type\":\"ReadAction\",\"target\":[\"https:\/\/hlm.ro\/en\/german-shepherd\/puppies\/\"]}]},{\"@type\":\"BreadcrumbList\",\"@id\":\"https:\/\/hlm.ro\/en\/german-shepherd\/puppies\/#breadcrumb\",\"itemListElement\":[{\"@type\":\"ListItem\",\"position\":1,\"name\":\"Home\",\"item\":\"https:\/\/hlm.ro\/en\/\"},{\"@type\":\"ListItem\",\"position\":2,\"name\":\"German Shepherd\",\"item\":\"https:\/\/hlm.ro\/en\/german-shepherd\/\"},{\"@type\":\"ListItem\",\"position\":3,\"name\":\"German Shepherd > Puppies\"}]},{\"@type\":\"WebSite\",\"@id\":\"https:\/\/hlm.ro\/en\/#website\",\"url\":\"https:\/\/hlm.ro\/en\/\",\"name\":\"HLM.ro - Canisa Ciob\u0103nesc German Bucure\u0219ti\",\"description\":\" Purebred German Shepherd Puppies \u2013 Responsible Breeding, Guaranteed Pedigree\",\"publisher\":{\"@id\":\"https:\/\/hlm.ro\/en\/#organization\"},\"alternateName\":\"Casa di Arancina - Pui Ciob\u0103nesc German de Ras\u0103 Pur\u0103\",\"potentialAction\":[{\"@type\":\"SearchAction\",\"target\":{\"@type\":\"EntryPoint\",\"urlTemplate\":\"https:\/\/hlm.ro\/en\/?s={search_term_string}\"},\"query-input\":{\"@type\":\"PropertyValueSpecification\",\"valueRequired\":true,\"valueName\":\"search_term_string\"}}],\"inLanguage\":\"en-US\"},{\"@type\":\"Organization\",\"@id\":\"https:\/\/hlm.ro\/en\/#organization\",\"name\":\"Casa di Arancina\",\"alternateName\":\"HLM\",\"url\":\"https:\/\/hlm.ro\/en\/\",\"logo\":{\"@type\":\"ImageObject\",\"inLanguage\":\"en-US\",\"@id\":\"https:\/\/hlm.ro\/en\/#\/schema\/logo\/image\/\",\"url\":\"https:\/\/hlm.ro\/en\/wp-content\/uploads\/2025\/04\/golden_final-e1745963534137.png\",\"contentUrl\":\"https:\/\/hlm.ro\/en\/wp-content\/uploads\/2025\/04\/golden_final-e1745963534137.png\",\"width\":180,\"height\":101,\"caption\":\"Casa di Arancina\"},\"image\":{\"@id\":\"https:\/\/hlm.ro\/en\/#\/schema\/logo\/image\/\"},\"sameAs\":[\"https:\/\/www.facebook.com\/canisaciobanescgerman\",\"https:\/\/www.instagram.com\/casa_di_arancina\/\"]}]}<\/script>\n<!-- \/ Yoast SEO plugin. -->","yoast_head_json":{"title":"German Shepherd Puppies for Sale \u2013 Casa di Arancina Kennel","description":"Discover top-quality German Shepherd puppies from Casa di Arancina Kennel. Raised with care, health-tested, and ready to become companions.","robots":{"index":"index","follow":"follow","max-snippet":"max-snippet:-1","max-image-preview":"max-image-preview:large","max-video-preview":"max-video-preview:-1"},"canonical":"https:\/\/hlm.ro\/en\/german-shepherd\/puppies\/","og_locale":"en_US","og_type":"article","og_title":"German Shepherd Puppies for Sale \u2013 Casa di Arancina Kennel","og_description":"Discover top-quality German Shepherd puppies from Casa di Arancina Kennel. Raised with care, health-tested, and ready to become companions.","og_url":"https:\/\/hlm.ro\/en\/german-shepherd\/puppies\/","og_site_name":"German Shepherd Puppies with Pedigree \u2013 Certified Breeder in Romania","article_publisher":"https:\/\/www.facebook.com\/canisaciobanescgerman","article_modified_time":"2025-06-06T09:48:42+00:00","og_image":[{"width":1600,"height":1066,"url":"https:\/\/hlm.ro\/en\/wp-content\/uploads\/2025\/04\/pui-ciobanesc-german-pe-covor.webp","type":"image\/webp"}],"twitter_card":"summary_large_image","twitter_misc":{"Est. reading time":"4 minutes"},"schema":{"@context":"https:\/\/schema.org","@graph":[{"@type":"WebPage","@id":"https:\/\/hlm.ro\/en\/german-shepherd\/puppies\/","url":"https:\/\/hlm.ro\/en\/german-shepherd\/puppies\/","name":"German Shepherd Puppies for Sale \u2013 Casa di Arancina Kennel","isPartOf":{"@id":"https:\/\/hlm.ro\/en\/#website"},"datePublished":"2025-04-27T07:23:48+00:00","dateModified":"2025-06-06T09:48:42+00:00","description":"Discover top-quality German Shepherd puppies from Casa di Arancina Kennel. Raised with care, health-tested, and ready to become companions.","breadcrumb":{"@id":"https:\/\/hlm.ro\/en\/german-shepherd\/puppies\/#breadcrumb"},"inLanguage":"en-US","potentialAction":[{"@type":"ReadAction","target":["https:\/\/hlm.ro\/en\/german-shepherd\/puppies\/"]}]},{"@type":"BreadcrumbList","@id":"https:\/\/hlm.ro\/en\/german-shepherd\/puppies\/#breadcrumb","itemListElement":[{"@type":"ListItem","position":1,"name":"Home","item":"https:\/\/hlm.ro\/en\/"},{"@type":"ListItem","position":2,"name":"German Shepherd","item":"https:\/\/hlm.ro\/en\/german-shepherd\/"},{"@type":"ListItem","position":3,"name":"German Shepherd > Puppies"}]},{"@type":"WebSite","@id":"https:\/\/hlm.ro\/en\/#website","url":"https:\/\/hlm.ro\/en\/","name":"HLM.ro - Canisa Ciob\u0103nesc German Bucure\u0219ti","description":" Purebred German Shepherd Puppies \u2013 Responsible Breeding, Guaranteed Pedigree","publisher":{"@id":"https:\/\/hlm.ro\/en\/#organization"},"alternateName":"Casa di Arancina - Pui Ciob\u0103nesc German de Ras\u0103 Pur\u0103","potentialAction":[{"@type":"SearchAction","target":{"@type":"EntryPoint","urlTemplate":"https:\/\/hlm.ro\/en\/?s={search_term_string}"},"query-input":{"@type":"PropertyValueSpecification","valueRequired":true,"valueName":"search_term_string"}}],"inLanguage":"en-US"},{"@type":"Organization","@id":"https:\/\/hlm.ro\/en\/#organization","name":"Casa di Arancina","alternateName":"HLM","url":"https:\/\/hlm.ro\/en\/","logo":{"@type":"ImageObject","inLanguage":"en-US","@id":"https:\/\/hlm.ro\/en\/#\/schema\/logo\/image\/","url":"https:\/\/hlm.ro\/en\/wp-content\/uploads\/2025\/04\/golden_final-e1745963534137.png","contentUrl":"https:\/\/hlm.ro\/en\/wp-content\/uploads\/2025\/04\/golden_final-e1745963534137.png","width":180,"height":101,"caption":"Casa di Arancina"},"image":{"@id":"https:\/\/hlm.ro\/en\/#\/schema\/logo\/image\/"},"sameAs":["https:\/\/www.facebook.com\/canisaciobanescgerman","https:\/\/www.instagram.com\/casa_di_arancina\/"]}]}},"_links":{"self":[{"href":"https:\/\/hlm.ro\/en\/wp-json\/wp\/v2\/pages\/321","targetHints":{"allow":["GET"]}}],"collection":[{"href":"https:\/\/hlm.ro\/en\/wp-json\/wp\/v2\/pages"}],"about":[{"href":"https:\/\/hlm.ro\/en\/wp-json\/wp\/v2\/types\/page"}],"author":[{"embeddable":true,"href":"https:\/\/hlm.ro\/en\/wp-json\/wp\/v2\/users\/1"}],"replies":[{"embeddable":true,"href":"https:\/\/hlm.ro\/en\/wp-json\/wp\/v2\/comments?post=321"}],"version-history":[{"count":29,"href":"https:\/\/hlm.ro\/en\/wp-json\/wp\/v2\/pages\/321\/revisions"}],"predecessor-version":[{"id":932,"href":"https:\/\/hlm.ro\/en\/wp-json\/wp\/v2\/pages\/321\/revisions\/932"}],"up":[{"embeddable":true,"href":"https:\/\/hlm.ro\/en\/wp-json\/wp\/v2\/pages\/257"}],"wp:attachment":[{"href":"https:\/\/hlm.ro\/en\/wp-json\/wp\/v2\/media?parent=321"}],"curies":[{"name":"wp","href":"https:\/\/api.w.org\/{rel}","templated":true}]}}