{"id":32,"date":"2025-04-23T07:09:35","date_gmt":"2025-04-23T07:09:35","guid":{"rendered":"https:\/\/hlm.ro\/en\/about\/"},"modified":"2025-06-06T08:57:37","modified_gmt":"2025-06-06T08:57:37","slug":"about-us","status":"publish","type":"page","link":"https:\/\/hlm.ro\/en\/about-us\/","title":{"rendered":"About Us"},"content":{"rendered":"<section class=\"bde-section-32-100 bde-section\">\n              \n  \n  \n\t\n\n  <div class=\"section-background-overlay\"><\/div>\n\n\n<div class=\"section-container\"><div class=\"bde-fancy-divider-32-102 bde-fancy-divider\">\n\n\n<div class=\"bde-fancy-divider__wrapper\">\n  <div class=\"bde-fancy-divider__separator   \">\n  \t  <\/div>\n<\/div>\n\n<\/div><h1 class=\"bde-heading-32-103 bde-heading\">\nAbout Us\n<\/h1><\/div>\n<\/section><section class=\"bde-section-32-105 bde-section\">\n  \n  \n\t\n\n\n\n<div class=\"section-container\"><div class=\"bde-columns-32-261 bde-columns\"><div class=\"bde-column-32-264 bde-column\">\n  \n  \n\t\n\n\n\n<h2 class=\"bde-heading-32-266 bde-heading\">\nGerman Shepherd Kennel - Bucharest<br>\n<\/h2><h2 class=\"bde-heading-32-268 bde-heading\">\nGerman Shepherd Kennel Story<br>\n<\/h2><div class=\"bde-text-32-267 bde-text\">\nLearn about Casa di Arancina\u2019s rich history and dedication to breeding exceptional German Shepherds. Discover our values, mission, and commitment to excellence in every aspect of our kennel. Explore our story now.<br>\n<\/div><div class=\"bde-columns-32-269 bde-columns\"><div class=\"bde-column-32-270 bde-column\">\n  \n  \n\t\n\n\n\n<img decoding=\"async\" class=\"bde-image2-32-272 bde-image2\" src=\"https:\/\/hlm.ro\/en\/wp-content\/uploads\/2025\/04\/canisa-ciobanesc-german-bucuresti-224x300.webp\" alt=\"Staff Canisa Ciobanesc German Casa di Arancina Bucuresti :)\" loading=\"lazy\" sizes=\"(max-width: 224px) 100vw, 224px\">\n<\/div><div class=\"bde-column-32-271 bde-column\">\n  \n  \n\t\n\n\n\n<h3 class=\"bde-heading-32-273 bde-heading\">\nPassion and Dedication in German Shepherd Selection\n<\/h3><div class=\"bde-rich-text-32-274 bde-rich-text breakdance-rich-text-styles\">\n<div class=\"elementor-element elementor-element-c11f372 elementor-widget__width-initial elementor-widget elementor-widget-text-editor\" data-id=\"c11f372\" data-element_type=\"widget\" data-widget_type=\"text-editor.default\"><p><a href=\"https:\/\/hlm.ro\/en\/\">Casa di Arancina Kennel<\/a> has always had a profound love for the German Shepherd. We closely collaborate with exceptional kennels, earning a reputation through our passion.<\/p><p>We provide optimal conditions for the development of our dogs and achieve remarkable performances. Excellence is our priority. We invest in the highest quality.<\/p><p>Casa di Arancina adheres to the requirements of the <a href=\"https:\/\/www.sv-doxs.net\/\">German Shepherd Club \u2013 SV Germany<\/a>. We are dedicated to raising healthy and balanced German Shepherds, becoming beloved members of families.<\/p><\/div>\n<\/div>\n<\/div><\/div><div class=\"bde-columns-32-275 bde-columns\"><div class=\"bde-column-32-276 bde-column\">\n  \n  \n\t\n\n\n\n<img decoding=\"async\" class=\"bde-image2-32-277 bde-image2\" src=\"https:\/\/hlm.ro\/en\/wp-content\/uploads\/2025\/04\/pui-canisa-ciobanesc-german-204x300.webp\" alt=\"Pui ciobanesc german dragut alintat.\" loading=\"lazy\" sizes=\"(max-width: 204px) 100vw, 204px\">\n<\/div><div class=\"bde-column-32-278 bde-column\">\n  \n  \n\t\n\n\n\n<h3 class=\"bde-heading-32-279 bde-heading\">\nChildren Love Animals and Vice Versa\n<\/h3><div class=\"bde-rich-text-32-280 bde-rich-text breakdance-rich-text-styles\">\n<div class=\"elementor-element elementor-element-c11f372 elementor-widget__width-initial elementor-widget elementor-widget-text-editor\" data-id=\"c11f372\" data-element_type=\"widget\" data-widget_type=\"text-editor.default\"><div class=\"elementor-element elementor-element-e23f1ce elementor-widget elementor-widget-text-editor\" data-id=\"e23f1ce\" data-element_type=\"widget\" data-widget_type=\"text-editor.default\"><div class=\"flex flex-grow flex-col gap-3\"><div class=\"min-h-[20px] flex flex-col items-start gap-4 whitespace-pre-wrap break-words\"><div class=\"markdown prose w-full break-words dark:prose-invert light\"><p>Pets and children share a special bond based on love and loyalty. This connection brings joy and confidence into children\u2019s lives.<\/p><p>Children are often drawn to pets because of their playful and friendly personalities. These traits of pets provide children with reliable friends to have fun with and share special moments.<\/p><p>At the same time, pets offer children a sense of comfort and security. By simply being around pets, children feel surrounded by love and support.<\/p><\/div><\/div><\/div><\/div><\/div>\n<\/div>\n<\/div><\/div><div class=\"bde-columns-32-281 bde-columns\"><div class=\"bde-column-32-282 bde-column\">\n  \n  \n\t\n\n\n\n<img decoding=\"async\" class=\"bde-image2-32-283 bde-image2\" src=\"https:\/\/hlm.ro\/en\/wp-content\/uploads\/2025\/05\/Untitled-design-e1682418379487-2.webp\" alt=\"Little girl walking German Shepherd puppy on leash on green grass\" loading=\"lazy\" srcset=\"https:\/\/hlm.ro\/en\/wp-content\/uploads\/2025\/05\/Untitled-design-e1682418379487-2.webp 400w, https:\/\/hlm.ro\/en\/wp-content\/uploads\/2025\/05\/Untitled-design-e1682418379487-2-300x225.webp 300w\" sizes=\"(max-width: 400px) 100vw, 400px\">\n<\/div><div class=\"bde-column-32-284 bde-column\">\n  \n  \n\t\n\n\n\n<h3 class=\"bde-heading-32-285 bde-heading\">\nThe Benefits of Children Growing Up with Pets<br>\n<\/h3><div class=\"bde-rich-text-32-286 bde-rich-text breakdance-rich-text-styles\">\n<div class=\"elementor-element elementor-element-c11f372 elementor-widget__width-initial elementor-widget elementor-widget-text-editor\" data-id=\"c11f372\" data-element_type=\"widget\" data-widget_type=\"text-editor.default\"><div class=\"elementor-element elementor-element-f896ea7 elementor-widget elementor-widget-text-editor\" data-id=\"f896ea7\" data-element_type=\"widget\" data-widget_type=\"text-editor.default\"><div class=\"flex flex-grow flex-col gap-3\"><div class=\"min-h-[20px] flex flex-col items-start gap-4 whitespace-pre-wrap break-words\"><div class=\"markdown prose w-full break-words dark:prose-invert light\"><div class=\"flex flex-grow flex-col gap-3 max-w-full\"><div class=\"min-h-[20px] flex flex-col items-start gap-3 whitespace-pre-wrap break-words overflow-x-auto\"><div class=\"markdown prose w-full break-words dark:prose-invert light\"><p>Children who live with pets benefit from enhanced social development. They develop communication and interaction skills through their special bond with animals.<\/p><p>Pets improve the mental and physical health of children. The calming effect of animals and activities with them bring benefits.<\/p><p>Children become responsible and empathetic in caring for animals. The presence of a pet reduces stress and anxiety.<\/p><p>Animals provide emotional support and comfort in difficult times. They are valuable partners in children\u2019s harmonious development.<\/p><\/div><\/div><\/div><\/div><\/div><\/div><\/div><\/div>\n<\/div>\n<\/div><\/div><div class=\"bde-columns-32-287 bde-columns\"><div class=\"bde-column-32-288 bde-column\">\n  \n  \n\t\n\n\n\n<h3 class=\"bde-heading-32-289 bde-heading\">\nGerman Shepherd Kennel - Casa di Arancina\n<\/h3><div class=\"bde-fancy-divider-32-290 bde-fancy-divider\">\n\n\n<div class=\"bde-fancy-divider__wrapper\">\n  <div class=\"bde-fancy-divider__separator   \">\n  \t  <\/div>\n<\/div>\n\n<\/div><div class=\"bde-fancy-divider-32-291 bde-fancy-divider\">\n\n\n<div class=\"bde-fancy-divider__wrapper\">\n  <div class=\"bde-fancy-divider__separator   \">\n  \t  <\/div>\n<\/div>\n\n<\/div><div class=\"bde-rich-text-32-292 bde-rich-text breakdance-rich-text-styles\">\n<p><a href=\"https:\/\/hlm.ro\/en\/\">Casa di Arancina<\/a>, a kennel specialized in breeding German Shepherds, was founded in 2015 in Bucharest. Ara was the source of inspiration for our passion and the development of this kennel. We collaborate with other exceptional kennels to obtain remarkable specimens and to select individuals with excellent genetics.<\/p><p>\u00a0<\/p>\n<\/div>\n<\/div><div class=\"bde-column-32-293 bde-column\">\n  \n  \n\t\n\n\n\n<h3 class=\"bde-heading-32-294 bde-heading\">\nVideo Gallery\n<\/h3><div class=\"bde-fancy-divider-32-295 bde-fancy-divider\">\n\n\n<div class=\"bde-fancy-divider__wrapper\">\n  <div class=\"bde-fancy-divider__separator   \">\n  \t  <\/div>\n<\/div>\n\n<\/div><div class=\"bde-image-hover-card-32-296 bde-image-hover-card galerie-video\">\n           \n            \n            \n\n    \n    \n    \n    \n    \n    <a class=\"breakdance-link\" href=\"https:\/\/hlm.ro\/en\/german-shepherd\/gallery\/\" target=\"_self\" data-type=\"url\"  >\n\n<figure class=\"ee-imagehover c4-izmir c4-border-bottom c4-image-pan-down\">\n    <img decoding=\"async\" class=\"breakdance-image-object\" src=\"https:\/\/hlm.ro\/en\/wp-content\/uploads\/2025\/04\/ciobanesc-german-padure.webp\" width=\"500\" height=\"313\" srcset=\"https:\/\/hlm.ro\/en\/wp-content\/uploads\/2025\/04\/ciobanesc-german-padure.webp 500w, https:\/\/hlm.ro\/en\/wp-content\/uploads\/2025\/04\/ciobanesc-german-padure-300x188.webp 300w\" sizes=\"auto, (max-width: 500px) 100vw, 500px\" alt=\"femela ciobanesc german din canisa noastra in padure\" loading=\"lazy\">\n  <figcaption class=\"c4-layout-top-right\">\n                <div class=\"c4-rotate-down-right c4-delay-200\">\n              <h4 class=\"ee-imagehover-title\">Gallery<\/h4>\n      <\/div>\n                <div class=\"c4-rotate-down-left c4-delay-400\">\n              <h4 class=\"ee-imagehover-title\">Arancina<\/h4>\n      <\/div>\n      <\/figcaption>\n<\/figure>\n      <\/a>\n\n<\/div>\n<\/div><\/div>\n<\/div><\/div><\/div>\n<\/section>","protected":false},"excerpt":{"rendered":"<p>About Us German Shepherd Kennel &#8211; Bucharest German Shepherd Kennel Story Learn about Casa di Arancina\u2019s rich history and dedication to breeding exceptional German Shepherds. Discover our values, mission, and commitment to excellence in every aspect of our kennel. Explore our story now. Passion and Dedication in German Shepherd Selection Casa di Arancina Kennel has [&hellip;]<\/p>\n","protected":false},"author":1,"featured_media":0,"parent":0,"menu_order":0,"comment_status":"closed","ping_status":"closed","template":"","meta":{"_breakdance_hide_in_design_set":false,"_breakdance_tags":"","footnotes":""},"class_list":["post-32","page","type-page","status-publish","hentry"],"yoast_head":"<!-- This site is optimized with the Yoast SEO plugin v26.5 - https:\/\/yoast.com\/wordpress\/plugins\/seo\/ -->\n<title>Discover Our German Shepherd Kennel | Casa di Arancina<\/title>\n<meta name=\"description\" content=\"About our history and dedication to breeding German Shepherd Kennel. Discover our values, mission, and commitment to excellence.\" \/>\n<meta name=\"robots\" content=\"index, follow, max-snippet:-1, max-image-preview:large, max-video-preview:-1\" \/>\n<link rel=\"canonical\" href=\"https:\/\/hlm.ro\/en\/about-us\/\" \/>\n<meta property=\"og:locale\" content=\"en_US\" \/>\n<meta property=\"og:type\" content=\"article\" \/>\n<meta property=\"og:title\" content=\"Discover Our German Shepherd Kennel | Casa di Arancina\" \/>\n<meta property=\"og:description\" content=\"About our history and dedication to breeding German Shepherd Kennel. Discover our values, mission, and commitment to excellence.\" \/>\n<meta property=\"og:url\" content=\"https:\/\/hlm.ro\/en\/about-us\/\" \/>\n<meta property=\"og:site_name\" content=\"German Shepherd Puppies with Pedigree \u2013 Certified Breeder in Romania\" \/>\n<meta property=\"article:publisher\" content=\"https:\/\/www.facebook.com\/canisaciobanescgerman\" \/>\n<meta property=\"article:modified_time\" content=\"2025-06-06T08:57:37+00:00\" \/>\n<meta property=\"og:image\" content=\"https:\/\/hlm.ro\/en\/wp-content\/uploads\/2025\/04\/pui-ciobanesc-german-pe-covor.webp\" \/>\n\t<meta property=\"og:image:width\" content=\"1600\" \/>\n\t<meta property=\"og:image:height\" content=\"1066\" \/>\n\t<meta property=\"og:image:type\" content=\"image\/webp\" \/>\n<meta name=\"twitter:card\" content=\"summary_large_image\" \/>\n<meta name=\"twitter:label1\" content=\"Est. reading time\" \/>\n\t<meta name=\"twitter:data1\" content=\"3 minutes\" \/>\n<script type=\"application\/ld+json\" class=\"yoast-schema-graph\">{\"@context\":\"https:\/\/schema.org\",\"@graph\":[{\"@type\":\"WebPage\",\"@id\":\"https:\/\/hlm.ro\/en\/about-us\/\",\"url\":\"https:\/\/hlm.ro\/en\/about-us\/\",\"name\":\"Discover Our German Shepherd Kennel | Casa di Arancina\",\"isPartOf\":{\"@id\":\"https:\/\/hlm.ro\/en\/#website\"},\"datePublished\":\"2025-04-23T07:09:35+00:00\",\"dateModified\":\"2025-06-06T08:57:37+00:00\",\"description\":\"About our history and dedication to breeding German Shepherd Kennel. Discover our values, mission, and commitment to excellence.\",\"breadcrumb\":{\"@id\":\"https:\/\/hlm.ro\/en\/about-us\/#breadcrumb\"},\"inLanguage\":\"en-US\",\"potentialAction\":[{\"@type\":\"ReadAction\",\"target\":[\"https:\/\/hlm.ro\/en\/about-us\/\"]}]},{\"@type\":\"BreadcrumbList\",\"@id\":\"https:\/\/hlm.ro\/en\/about-us\/#breadcrumb\",\"itemListElement\":[{\"@type\":\"ListItem\",\"position\":1,\"name\":\"Home\",\"item\":\"https:\/\/hlm.ro\/en\/\"},{\"@type\":\"ListItem\",\"position\":2,\"name\":\"German Shepherd Kennel - About Us\"}]},{\"@type\":\"WebSite\",\"@id\":\"https:\/\/hlm.ro\/en\/#website\",\"url\":\"https:\/\/hlm.ro\/en\/\",\"name\":\"HLM.ro - Canisa Ciob\u0103nesc German Bucure\u0219ti\",\"description\":\" Purebred German Shepherd Puppies \u2013 Responsible Breeding, Guaranteed Pedigree\",\"publisher\":{\"@id\":\"https:\/\/hlm.ro\/en\/#organization\"},\"alternateName\":\"Casa di Arancina - Pui Ciob\u0103nesc German de Ras\u0103 Pur\u0103\",\"potentialAction\":[{\"@type\":\"SearchAction\",\"target\":{\"@type\":\"EntryPoint\",\"urlTemplate\":\"https:\/\/hlm.ro\/en\/?s={search_term_string}\"},\"query-input\":{\"@type\":\"PropertyValueSpecification\",\"valueRequired\":true,\"valueName\":\"search_term_string\"}}],\"inLanguage\":\"en-US\"},{\"@type\":\"Organization\",\"@id\":\"https:\/\/hlm.ro\/en\/#organization\",\"name\":\"Casa di Arancina\",\"alternateName\":\"HLM\",\"url\":\"https:\/\/hlm.ro\/en\/\",\"logo\":{\"@type\":\"ImageObject\",\"inLanguage\":\"en-US\",\"@id\":\"https:\/\/hlm.ro\/en\/#\/schema\/logo\/image\/\",\"url\":\"https:\/\/hlm.ro\/en\/wp-content\/uploads\/2025\/04\/golden_final-e1745963534137.png\",\"contentUrl\":\"https:\/\/hlm.ro\/en\/wp-content\/uploads\/2025\/04\/golden_final-e1745963534137.png\",\"width\":180,\"height\":101,\"caption\":\"Casa di Arancina\"},\"image\":{\"@id\":\"https:\/\/hlm.ro\/en\/#\/schema\/logo\/image\/\"},\"sameAs\":[\"https:\/\/www.facebook.com\/canisaciobanescgerman\",\"https:\/\/www.instagram.com\/casa_di_arancina\/\"]}]}<\/script>\n<!-- \/ Yoast SEO plugin. -->","yoast_head_json":{"title":"Discover Our German Shepherd Kennel | Casa di Arancina","description":"About our history and dedication to breeding German Shepherd Kennel. Discover our values, mission, and commitment to excellence.","robots":{"index":"index","follow":"follow","max-snippet":"max-snippet:-1","max-image-preview":"max-image-preview:large","max-video-preview":"max-video-preview:-1"},"canonical":"https:\/\/hlm.ro\/en\/about-us\/","og_locale":"en_US","og_type":"article","og_title":"Discover Our German Shepherd Kennel | Casa di Arancina","og_description":"About our history and dedication to breeding German Shepherd Kennel. Discover our values, mission, and commitment to excellence.","og_url":"https:\/\/hlm.ro\/en\/about-us\/","og_site_name":"German Shepherd Puppies with Pedigree \u2013 Certified Breeder in Romania","article_publisher":"https:\/\/www.facebook.com\/canisaciobanescgerman","article_modified_time":"2025-06-06T08:57:37+00:00","og_image":[{"width":1600,"height":1066,"url":"https:\/\/hlm.ro\/en\/wp-content\/uploads\/2025\/04\/pui-ciobanesc-german-pe-covor.webp","type":"image\/webp"}],"twitter_card":"summary_large_image","twitter_misc":{"Est. reading time":"3 minutes"},"schema":{"@context":"https:\/\/schema.org","@graph":[{"@type":"WebPage","@id":"https:\/\/hlm.ro\/en\/about-us\/","url":"https:\/\/hlm.ro\/en\/about-us\/","name":"Discover Our German Shepherd Kennel | Casa di Arancina","isPartOf":{"@id":"https:\/\/hlm.ro\/en\/#website"},"datePublished":"2025-04-23T07:09:35+00:00","dateModified":"2025-06-06T08:57:37+00:00","description":"About our history and dedication to breeding German Shepherd Kennel. Discover our values, mission, and commitment to excellence.","breadcrumb":{"@id":"https:\/\/hlm.ro\/en\/about-us\/#breadcrumb"},"inLanguage":"en-US","potentialAction":[{"@type":"ReadAction","target":["https:\/\/hlm.ro\/en\/about-us\/"]}]},{"@type":"BreadcrumbList","@id":"https:\/\/hlm.ro\/en\/about-us\/#breadcrumb","itemListElement":[{"@type":"ListItem","position":1,"name":"Home","item":"https:\/\/hlm.ro\/en\/"},{"@type":"ListItem","position":2,"name":"German Shepherd Kennel - About Us"}]},{"@type":"WebSite","@id":"https:\/\/hlm.ro\/en\/#website","url":"https:\/\/hlm.ro\/en\/","name":"HLM.ro - Canisa Ciob\u0103nesc German Bucure\u0219ti","description":" Purebred German Shepherd Puppies \u2013 Responsible Breeding, Guaranteed Pedigree","publisher":{"@id":"https:\/\/hlm.ro\/en\/#organization"},"alternateName":"Casa di Arancina - Pui Ciob\u0103nesc German de Ras\u0103 Pur\u0103","potentialAction":[{"@type":"SearchAction","target":{"@type":"EntryPoint","urlTemplate":"https:\/\/hlm.ro\/en\/?s={search_term_string}"},"query-input":{"@type":"PropertyValueSpecification","valueRequired":true,"valueName":"search_term_string"}}],"inLanguage":"en-US"},{"@type":"Organization","@id":"https:\/\/hlm.ro\/en\/#organization","name":"Casa di Arancina","alternateName":"HLM","url":"https:\/\/hlm.ro\/en\/","logo":{"@type":"ImageObject","inLanguage":"en-US","@id":"https:\/\/hlm.ro\/en\/#\/schema\/logo\/image\/","url":"https:\/\/hlm.ro\/en\/wp-content\/uploads\/2025\/04\/golden_final-e1745963534137.png","contentUrl":"https:\/\/hlm.ro\/en\/wp-content\/uploads\/2025\/04\/golden_final-e1745963534137.png","width":180,"height":101,"caption":"Casa di Arancina"},"image":{"@id":"https:\/\/hlm.ro\/en\/#\/schema\/logo\/image\/"},"sameAs":["https:\/\/www.facebook.com\/canisaciobanescgerman","https:\/\/www.instagram.com\/casa_di_arancina\/"]}]}},"_links":{"self":[{"href":"https:\/\/hlm.ro\/en\/wp-json\/wp\/v2\/pages\/32","targetHints":{"allow":["GET"]}}],"collection":[{"href":"https:\/\/hlm.ro\/en\/wp-json\/wp\/v2\/pages"}],"about":[{"href":"https:\/\/hlm.ro\/en\/wp-json\/wp\/v2\/types\/page"}],"author":[{"embeddable":true,"href":"https:\/\/hlm.ro\/en\/wp-json\/wp\/v2\/users\/1"}],"replies":[{"embeddable":true,"href":"https:\/\/hlm.ro\/en\/wp-json\/wp\/v2\/comments?post=32"}],"version-history":[{"count":45,"href":"https:\/\/hlm.ro\/en\/wp-json\/wp\/v2\/pages\/32\/revisions"}],"predecessor-version":[{"id":919,"href":"https:\/\/hlm.ro\/en\/wp-json\/wp\/v2\/pages\/32\/revisions\/919"}],"wp:attachment":[{"href":"https:\/\/hlm.ro\/en\/wp-json\/wp\/v2\/media?parent=32"}],"curies":[{"name":"wp","href":"https:\/\/api.w.org\/{rel}","templated":true}]}}