{"id":218,"date":"2025-04-24T08:24:39","date_gmt":"2025-04-24T08:24:39","guid":{"rendered":"https:\/\/hlm.ro\/en\/?page_id=218"},"modified":"2025-06-04T16:49:04","modified_gmt":"2025-06-04T16:49:04","slug":"matings","status":"publish","type":"page","link":"https:\/\/hlm.ro\/en\/german-shepherd\/matings\/","title":{"rendered":"Matings"},"content":{"rendered":"<section class=\"bde-section-218-100 bde-section\">\n              \n  \n  \n\t\n\n  <div class=\"section-background-overlay\"><\/div>\n\n\n<div class=\"section-container\"><div class=\"bde-fancy-divider-218-102 bde-fancy-divider\">\n\n\n<div class=\"bde-fancy-divider__wrapper\">\n  <div class=\"bde-fancy-divider__separator   \">\n  \t  <\/div>\n<\/div>\n\n<\/div><h1 class=\"bde-heading-218-103 bde-heading\">\nMatings\n<\/h1><\/div>\n<\/section><section class=\"bde-section-218-105 bde-section\">\n  \n  \n\t\n\n\n\n<div class=\"section-container\"><div class=\"bde-columns-218-261 bde-columns\"><div class=\"bde-column-218-264 bde-column\">\n  \n  \n\t\n\n\n\n<h2 class=\"bde-heading-218-266 bde-heading\">\nGerman Shepherd Kennel - Bucharest<br>\n<\/h2><h2 class=\"bde-heading-218-268 bde-heading\">\nGerman Shepherd breeding<br>\n<\/h2><div class=\"bde-text-218-267 bde-text\">\nExperience the pinnacle of breeding excellence at our kennel. Specializing in German Shepherd breeding, we share invaluable insights and reliable techniques to uphold the health and prestige of your dog\u2019s lineage.\n<\/div><div class=\"bde-fancy-divider-218-354 bde-fancy-divider\">\n\n\n<div class=\"bde-fancy-divider__wrapper\">\n  <div class=\"bde-fancy-divider__separator   \">\n  \t  <\/div>\n<\/div>\n\n<\/div><div class=\"bde-columns-218-319 bde-columns\"><div class=\"bde-column-218-320 bde-column\">\n  \n  \n\t\n\n\n\n<a class=\"bde-container-link-218-336 bde-container-link breakdance-link\" href=\"https:\/\/hlm.ro\/wp-content\/uploads\/2025\/04\/monta-ciobanesc-german-2022.webp\" target=\"_self\" data-lightbox-id=\"218-320\" data-type=\"lightbox\">\n  \n  \n\t\n\n\n\n<img decoding=\"async\" class=\"bde-image2-218-338 bde-image2\" src=\"https:\/\/hlm.ro\/wp-content\/uploads\/2025\/04\/monta-ciobanesc-german-2022-150x150.webp\" alt=\"wallpaper monta Athos von haus Emy si ARA\" loading=\"lazy\" sizes=\"(max-width: 150px) 100vw, 150px\">\n\n<\/a><h6 class=\"bde-heading-218-323 bde-heading\">\n 02.09.2022\n<\/h6>\n<\/div><div class=\"bde-column-218-344 bde-column\">\n  \n  \n\t\n\n\n\n<a class=\"bde-container-link-218-345 bde-container-link breakdance-link\" href=\"https:\/\/hlm.ro\/wp-content\/uploads\/2025\/04\/monta-ciobanesc-german-2023.webp\" target=\"_self\" data-lightbox-id=\"218-344\" data-type=\"lightbox\">\n  \n  \n\t\n\n\n\n<img decoding=\"async\" class=\"bde-image2-218-346 bde-image2\" src=\"https:\/\/hlm.ro\/wp-content\/uploads\/2025\/04\/monta-ciobanesc-german-2023-300x169.webp\" alt=\"banner monta dallas di casa pastori si ARA\" loading=\"lazy\" srcset=\"https:\/\/hlm.ro\/wp-content\/uploads\/2025\/04\/monta-ciobanesc-german-2023.webp 1280w, https:\/\/hlm.ro\/wp-content\/uploads\/2025\/04\/monta-ciobanesc-german-2023-300x169.webp 300w, https:\/\/hlm.ro\/wp-content\/uploads\/2025\/04\/monta-ciobanesc-german-2023-1024x576.webp 1024w, https:\/\/hlm.ro\/wp-content\/uploads\/2025\/04\/monta-ciobanesc-german-2023-768x432.webp 768w\" sizes=\"(max-width: 1280px) 100vw, 1280px\">\n\n<\/a><h6 class=\"bde-heading-218-347 bde-heading\">\n26.03.2023\n<\/h6>\n<\/div><div class=\"bde-column-218-348 bde-column\">\n  \n  \n\t\n\n\n\n<a class=\"bde-container-link-218-349 bde-container-link breakdance-link\" href=\"https:\/\/hlm.ro\/wp-content\/uploads\/2025\/04\/monta-ciobanesc-german.webp\" target=\"_self\" data-lightbox-id=\"218-348\" data-type=\"lightbox\">\n  \n  \n\t\n\n\n\n<img decoding=\"async\" class=\"bde-image2-218-350 bde-image2\" src=\"https:\/\/hlm.ro\/wp-content\/uploads\/2025\/04\/monta-ciobanesc-german-300x232.webp\" alt=\"tablou de monta intre uso von schnizerteam si afodita von haus stoica\" loading=\"lazy\" srcset=\"https:\/\/hlm.ro\/wp-content\/uploads\/2025\/04\/monta-ciobanesc-german-300x232.webp 300w, https:\/\/hlm.ro\/wp-content\/uploads\/2025\/04\/monta-ciobanesc-german-1024x791.webp 1024w, https:\/\/hlm.ro\/wp-content\/uploads\/2025\/04\/monta-ciobanesc-german-768x593.webp 768w\" sizes=\"(max-width: 300px) 100vw, 300px\">\n\n<\/a><h6 class=\"bde-heading-218-351 bde-heading\">\n30.09.2023\n<\/h6>\n<\/div><\/div><div class=\"bde-fancy-divider-218-355 bde-fancy-divider\">\n\n\n<div class=\"bde-fancy-divider__wrapper\">\n  <div class=\"bde-fancy-divider__separator   \">\n  \t  <\/div>\n<\/div>\n\n<\/div><h3 class=\"bde-heading-218-352 bde-heading\">\nCarefully Selected German Shepherd Breedings at Casa di Arancina.<br>\n<\/h3><div class=\"bde-rich-text-218-353 bde-rich-text breakdance-rich-text-styles\">\n<p class=\"\" data-start=\"0\" data-end=\"181\">We are a kennel located in Bucharest, specializing in the breeding of German Shepherds with dysplasia certificates issued by SV Germany, beauty and work exams, as well as DNA tests.<\/p><p class=\"\" data-start=\"183\" data-end=\"555\">At Casa di Arancina, we are committed to bringing superior quality offspring into the world through careful selection of breeding pairs. We collaborate with trusted partners, adhering to the health and performance standards of the breed. First and foremost, the dysplasia tests certified by SV Germany demonstrate our commitment to producing dogs free from genetic issues.<\/p><p class=\"\" data-start=\"557\" data-end=\"748\">In addition, beauty and work exams complete the overall picture of the qualities and potential of our dogs. Therefore, we ensure that the pairings are made according to the breed\u2019s standards.<\/p><p class=\"\" data-start=\"750\" data-end=\"995\">DNA tests are essential to confirm the genetic line and provide absolute transparency to our clients. Essentially, the tests bring clarity to the origin and genetic heritage of the puppies, thus offering increased confidence in the choices made.<\/p><p class=\"\" data-start=\"997\" data-end=\"1327\">In conclusion, at Canisa Casa di Arancina, we have a strong commitment to quality, health, and professional standards in our breeding practices. We encourage dog lovers to contact us to benefit from our experience and to add a high-quality German Shepherd puppy with an authentic pedigree and remarkable potential to their family.<\/p>\n<\/div><div class=\"bde-columns-218-309 bde-columns\"><div class=\"bde-column-218-310 bde-column\">\n  \n  \n\t\n\n\n\n<h3 class=\"bde-heading-218-311 bde-heading\">\nGerman Shepherd Kennel - Casa di Arancina<br>\n<\/h3><div class=\"bde-fancy-divider-218-312 bde-fancy-divider\">\n\n\n<div class=\"bde-fancy-divider__wrapper\">\n  <div class=\"bde-fancy-divider__separator   \">\n  \t  <\/div>\n<\/div>\n\n<\/div><div class=\"bde-fancy-divider-218-313 bde-fancy-divider\">\n\n\n<div class=\"bde-fancy-divider__wrapper\">\n  <div class=\"bde-fancy-divider__separator   \">\n  \t  <\/div>\n<\/div>\n\n<\/div><div class=\"bde-rich-text-218-314 bde-rich-text breakdance-rich-text-styles\">\n<p>Casa di Arancina, a kennel specialized in breeding\u00a0<a href=\"https:\/\/hlm.ro\/en\/\">German Shepherds<\/a>, was founded in 2015 in Bucharest. Ara was the source of inspiration for our passion and the development of this kennel. We collaborate with other exceptional kennels to obtain remarkable specimens and to select individuals with excellent genetics.<\/p>\n<\/div>\n<\/div><div class=\"bde-column-218-315 bde-column\">\n  \n  \n\t\n\n\n\n<h3 class=\"bde-heading-218-316 bde-heading\">\nVideo Gallery<br>\n<\/h3><div class=\"bde-fancy-divider-218-317 bde-fancy-divider\">\n\n\n<div class=\"bde-fancy-divider__wrapper\">\n  <div class=\"bde-fancy-divider__separator   \">\n  \t  <\/div>\n<\/div>\n\n<\/div><div class=\"bde-image-hover-card-218-318 bde-image-hover-card galerie-video\">\n           \n            \n            \n\n    \n    \n    \n    \n    \n    <a class=\"breakdance-link\" href=\"https:\/\/hlm.ro\/en\/german-shepherd\/gallery\/\" target=\"_self\" data-type=\"url\"  >\n\n<figure class=\"ee-imagehover c4-izmir c4-border-bottom c4-image-pan-down\">\n    <img decoding=\"async\" class=\"breakdance-image-object\" src=\"https:\/\/hlm.ro\/wp-content\/uploads\/2025\/04\/ciobanesc-german-padure.webp\" width=\"500\" height=\"313\" srcset=\"https:\/\/hlm.ro\/wp-content\/uploads\/2025\/04\/ciobanesc-german-padure.webp 500w, https:\/\/hlm.ro\/wp-content\/uploads\/2025\/04\/ciobanesc-german-padure-300x188.webp 300w\" sizes=\"auto, (max-width: 500px) 100vw, 500px\" alt=\"femela ciobanesc german din canisa noastra in padure\" loading=\"lazy\">\n  <figcaption class=\"c4-layout-top-right\">\n                <div class=\"c4-rotate-down-right c4-delay-200\">\n              <h4 class=\"ee-imagehover-title\">Gallery<\/h4>\n      <\/div>\n                <div class=\"c4-rotate-down-left c4-delay-400\">\n              <h4 class=\"ee-imagehover-title\">Arancina<\/h4>\n      <\/div>\n      <\/figcaption>\n<\/figure>\n      <\/a>\n\n<\/div>\n<\/div><\/div>\n<\/div><\/div><\/div>\n<\/section>","protected":false},"excerpt":{"rendered":"<p>Matings German Shepherd Kennel &#8211; Bucharest German Shepherd breeding Experience the pinnacle of breeding excellence at our kennel. Specializing in German Shepherd breeding, we share invaluable insights and reliable techniques to uphold the health and prestige of your dog\u2019s lineage. 02.09.2022 26.03.2023 30.09.2023 Carefully Selected German Shepherd Breedings at Casa di Arancina. We are a [&hellip;]<\/p>\n","protected":false},"author":1,"featured_media":0,"parent":257,"menu_order":0,"comment_status":"closed","ping_status":"closed","template":"","meta":{"_breakdance_hide_in_design_set":false,"_breakdance_tags":"","footnotes":""},"class_list":["post-218","page","type-page","status-publish","hentry"],"yoast_head":"<!-- This site is optimized with the Yoast SEO plugin v26.5 - https:\/\/yoast.com\/wordpress\/plugins\/seo\/ -->\n<title>German Shepherd Matings \u2013 Planned and Past Pairings<\/title>\n<meta name=\"description\" content=\"Discover our German Shepherd matings: carefully selected pairings from top bloodlines, health-tested parents, and strong working.\" \/>\n<meta name=\"robots\" content=\"index, follow, max-snippet:-1, max-image-preview:large, max-video-preview:-1\" \/>\n<link rel=\"canonical\" href=\"https:\/\/hlm.ro\/en\/german-shepherd\/matings\/\" \/>\n<meta property=\"og:locale\" content=\"en_US\" \/>\n<meta property=\"og:type\" content=\"article\" \/>\n<meta property=\"og:title\" content=\"German Shepherd Matings \u2013 Planned and Past Pairings\" \/>\n<meta property=\"og:description\" content=\"Discover our German Shepherd matings: carefully selected pairings from top bloodlines, health-tested parents, and strong working.\" \/>\n<meta property=\"og:url\" content=\"https:\/\/hlm.ro\/en\/german-shepherd\/matings\/\" \/>\n<meta property=\"og:site_name\" content=\"German Shepherd Puppies with Pedigree \u2013 Certified Breeder in Romania\" \/>\n<meta property=\"article:publisher\" content=\"https:\/\/www.facebook.com\/canisaciobanescgerman\" \/>\n<meta property=\"article:modified_time\" content=\"2025-06-04T16:49:04+00:00\" \/>\n<meta property=\"og:image\" content=\"https:\/\/hlm.ro\/en\/wp-content\/uploads\/2025\/04\/pui-ciobanesc-german-pe-covor.webp\" \/>\n\t<meta property=\"og:image:width\" content=\"1600\" \/>\n\t<meta property=\"og:image:height\" content=\"1066\" \/>\n\t<meta property=\"og:image:type\" content=\"image\/webp\" \/>\n<meta name=\"twitter:card\" content=\"summary_large_image\" \/>\n<meta name=\"twitter:label1\" content=\"Est. reading time\" \/>\n\t<meta name=\"twitter:data1\" content=\"3 minutes\" \/>\n<script type=\"application\/ld+json\" class=\"yoast-schema-graph\">{\"@context\":\"https:\/\/schema.org\",\"@graph\":[{\"@type\":\"WebPage\",\"@id\":\"https:\/\/hlm.ro\/en\/german-shepherd\/matings\/\",\"url\":\"https:\/\/hlm.ro\/en\/german-shepherd\/matings\/\",\"name\":\"German Shepherd Matings \u2013 Planned and Past Pairings\",\"isPartOf\":{\"@id\":\"https:\/\/hlm.ro\/en\/#website\"},\"datePublished\":\"2025-04-24T08:24:39+00:00\",\"dateModified\":\"2025-06-04T16:49:04+00:00\",\"description\":\"Discover our German Shepherd matings: carefully selected pairings from top bloodlines, health-tested parents, and strong working.\",\"breadcrumb\":{\"@id\":\"https:\/\/hlm.ro\/en\/german-shepherd\/matings\/#breadcrumb\"},\"inLanguage\":\"en-US\",\"potentialAction\":[{\"@type\":\"ReadAction\",\"target\":[\"https:\/\/hlm.ro\/en\/german-shepherd\/matings\/\"]}]},{\"@type\":\"BreadcrumbList\",\"@id\":\"https:\/\/hlm.ro\/en\/german-shepherd\/matings\/#breadcrumb\",\"itemListElement\":[{\"@type\":\"ListItem\",\"position\":1,\"name\":\"Home\",\"item\":\"https:\/\/hlm.ro\/en\/\"},{\"@type\":\"ListItem\",\"position\":2,\"name\":\"German Shepherd\",\"item\":\"https:\/\/hlm.ro\/en\/german-shepherd\/\"},{\"@type\":\"ListItem\",\"position\":3,\"name\":\"German Shepherd > Matings\"}]},{\"@type\":\"WebSite\",\"@id\":\"https:\/\/hlm.ro\/en\/#website\",\"url\":\"https:\/\/hlm.ro\/en\/\",\"name\":\"HLM.ro - Canisa Ciob\u0103nesc German Bucure\u0219ti\",\"description\":\" Purebred German Shepherd Puppies \u2013 Responsible Breeding, Guaranteed Pedigree\",\"publisher\":{\"@id\":\"https:\/\/hlm.ro\/en\/#organization\"},\"alternateName\":\"Casa di Arancina - Pui Ciob\u0103nesc German de Ras\u0103 Pur\u0103\",\"potentialAction\":[{\"@type\":\"SearchAction\",\"target\":{\"@type\":\"EntryPoint\",\"urlTemplate\":\"https:\/\/hlm.ro\/en\/?s={search_term_string}\"},\"query-input\":{\"@type\":\"PropertyValueSpecification\",\"valueRequired\":true,\"valueName\":\"search_term_string\"}}],\"inLanguage\":\"en-US\"},{\"@type\":\"Organization\",\"@id\":\"https:\/\/hlm.ro\/en\/#organization\",\"name\":\"Casa di Arancina\",\"alternateName\":\"HLM\",\"url\":\"https:\/\/hlm.ro\/en\/\",\"logo\":{\"@type\":\"ImageObject\",\"inLanguage\":\"en-US\",\"@id\":\"https:\/\/hlm.ro\/en\/#\/schema\/logo\/image\/\",\"url\":\"https:\/\/hlm.ro\/en\/wp-content\/uploads\/2025\/04\/golden_final-e1745963534137.png\",\"contentUrl\":\"https:\/\/hlm.ro\/en\/wp-content\/uploads\/2025\/04\/golden_final-e1745963534137.png\",\"width\":180,\"height\":101,\"caption\":\"Casa di Arancina\"},\"image\":{\"@id\":\"https:\/\/hlm.ro\/en\/#\/schema\/logo\/image\/\"},\"sameAs\":[\"https:\/\/www.facebook.com\/canisaciobanescgerman\",\"https:\/\/www.instagram.com\/casa_di_arancina\/\"]}]}<\/script>\n<!-- \/ Yoast SEO plugin. -->","yoast_head_json":{"title":"German Shepherd Matings \u2013 Planned and Past Pairings","description":"Discover our German Shepherd matings: carefully selected pairings from top bloodlines, health-tested parents, and strong working.","robots":{"index":"index","follow":"follow","max-snippet":"max-snippet:-1","max-image-preview":"max-image-preview:large","max-video-preview":"max-video-preview:-1"},"canonical":"https:\/\/hlm.ro\/en\/german-shepherd\/matings\/","og_locale":"en_US","og_type":"article","og_title":"German Shepherd Matings \u2013 Planned and Past Pairings","og_description":"Discover our German Shepherd matings: carefully selected pairings from top bloodlines, health-tested parents, and strong working.","og_url":"https:\/\/hlm.ro\/en\/german-shepherd\/matings\/","og_site_name":"German Shepherd Puppies with Pedigree \u2013 Certified Breeder in Romania","article_publisher":"https:\/\/www.facebook.com\/canisaciobanescgerman","article_modified_time":"2025-06-04T16:49:04+00:00","og_image":[{"width":1600,"height":1066,"url":"https:\/\/hlm.ro\/en\/wp-content\/uploads\/2025\/04\/pui-ciobanesc-german-pe-covor.webp","type":"image\/webp"}],"twitter_card":"summary_large_image","twitter_misc":{"Est. reading time":"3 minutes"},"schema":{"@context":"https:\/\/schema.org","@graph":[{"@type":"WebPage","@id":"https:\/\/hlm.ro\/en\/german-shepherd\/matings\/","url":"https:\/\/hlm.ro\/en\/german-shepherd\/matings\/","name":"German Shepherd Matings \u2013 Planned and Past Pairings","isPartOf":{"@id":"https:\/\/hlm.ro\/en\/#website"},"datePublished":"2025-04-24T08:24:39+00:00","dateModified":"2025-06-04T16:49:04+00:00","description":"Discover our German Shepherd matings: carefully selected pairings from top bloodlines, health-tested parents, and strong working.","breadcrumb":{"@id":"https:\/\/hlm.ro\/en\/german-shepherd\/matings\/#breadcrumb"},"inLanguage":"en-US","potentialAction":[{"@type":"ReadAction","target":["https:\/\/hlm.ro\/en\/german-shepherd\/matings\/"]}]},{"@type":"BreadcrumbList","@id":"https:\/\/hlm.ro\/en\/german-shepherd\/matings\/#breadcrumb","itemListElement":[{"@type":"ListItem","position":1,"name":"Home","item":"https:\/\/hlm.ro\/en\/"},{"@type":"ListItem","position":2,"name":"German Shepherd","item":"https:\/\/hlm.ro\/en\/german-shepherd\/"},{"@type":"ListItem","position":3,"name":"German Shepherd > Matings"}]},{"@type":"WebSite","@id":"https:\/\/hlm.ro\/en\/#website","url":"https:\/\/hlm.ro\/en\/","name":"HLM.ro - Canisa Ciob\u0103nesc German Bucure\u0219ti","description":" Purebred German Shepherd Puppies \u2013 Responsible Breeding, Guaranteed Pedigree","publisher":{"@id":"https:\/\/hlm.ro\/en\/#organization"},"alternateName":"Casa di Arancina - Pui Ciob\u0103nesc German de Ras\u0103 Pur\u0103","potentialAction":[{"@type":"SearchAction","target":{"@type":"EntryPoint","urlTemplate":"https:\/\/hlm.ro\/en\/?s={search_term_string}"},"query-input":{"@type":"PropertyValueSpecification","valueRequired":true,"valueName":"search_term_string"}}],"inLanguage":"en-US"},{"@type":"Organization","@id":"https:\/\/hlm.ro\/en\/#organization","name":"Casa di Arancina","alternateName":"HLM","url":"https:\/\/hlm.ro\/en\/","logo":{"@type":"ImageObject","inLanguage":"en-US","@id":"https:\/\/hlm.ro\/en\/#\/schema\/logo\/image\/","url":"https:\/\/hlm.ro\/en\/wp-content\/uploads\/2025\/04\/golden_final-e1745963534137.png","contentUrl":"https:\/\/hlm.ro\/en\/wp-content\/uploads\/2025\/04\/golden_final-e1745963534137.png","width":180,"height":101,"caption":"Casa di Arancina"},"image":{"@id":"https:\/\/hlm.ro\/en\/#\/schema\/logo\/image\/"},"sameAs":["https:\/\/www.facebook.com\/canisaciobanescgerman","https:\/\/www.instagram.com\/casa_di_arancina\/"]}]}},"_links":{"self":[{"href":"https:\/\/hlm.ro\/en\/wp-json\/wp\/v2\/pages\/218","targetHints":{"allow":["GET"]}}],"collection":[{"href":"https:\/\/hlm.ro\/en\/wp-json\/wp\/v2\/pages"}],"about":[{"href":"https:\/\/hlm.ro\/en\/wp-json\/wp\/v2\/types\/page"}],"author":[{"embeddable":true,"href":"https:\/\/hlm.ro\/en\/wp-json\/wp\/v2\/users\/1"}],"replies":[{"embeddable":true,"href":"https:\/\/hlm.ro\/en\/wp-json\/wp\/v2\/comments?post=218"}],"version-history":[{"count":27,"href":"https:\/\/hlm.ro\/en\/wp-json\/wp\/v2\/pages\/218\/revisions"}],"predecessor-version":[{"id":865,"href":"https:\/\/hlm.ro\/en\/wp-json\/wp\/v2\/pages\/218\/revisions\/865"}],"up":[{"embeddable":true,"href":"https:\/\/hlm.ro\/en\/wp-json\/wp\/v2\/pages\/257"}],"wp:attachment":[{"href":"https:\/\/hlm.ro\/en\/wp-json\/wp\/v2\/media?parent=218"}],"curies":[{"name":"wp","href":"https:\/\/api.w.org\/{rel}","templated":true}]}}