{"id":184,"date":"2025-04-24T06:06:35","date_gmt":"2025-04-24T06:06:35","guid":{"rendered":"https:\/\/hlm.ro\/en\/?page_id=184"},"modified":"2025-06-06T09:57:49","modified_gmt":"2025-06-06T09:57:49","slug":"contact","status":"publish","type":"page","link":"https:\/\/hlm.ro\/en\/contact\/","title":{"rendered":"Contact"},"content":{"rendered":"<section class=\"bde-section-184-100 bde-section\">\n              \n  \n  \n\t\n\n  <div class=\"section-background-overlay\"><\/div>\n\n\n<div class=\"section-container\"><div class=\"bde-fancy-divider-184-102 bde-fancy-divider\">\n\n\n<div class=\"bde-fancy-divider__wrapper\">\n  <div class=\"bde-fancy-divider__separator   \">\n  \t  <\/div>\n<\/div>\n\n<\/div><h1 class=\"bde-heading-184-103 bde-heading\">\nGerman Shepherd Breeder<br>Contact<br>\n<\/h1><div class=\"bde-columns-184-313 bde-columns\"><div class=\"bde-column-184-314 bde-column\">\n  \n  \n\t\n\n\n\n<div class=\"bde-button-184-312 bde-button\">\n    \n                                    \n    \n    \n    \n    \n            \n                    \n            \n            \n\n    \n    \n    \n    \n    \n    <a class=\"breakdance-link button-atom button-atom--secondary bde-button__button\" href=\"tel:+40756403323\" target=\"_self\" data-type=\"url\"  >\n\n    \n        <span class=\"button-atom__text\">call <\/span>\n\n        \n        \n                <\/a>\n\n    \n\n\n<\/div>\n<\/div><div class=\"bde-column-184-315 bde-column\">\n  \n  \n\t\n\n\n\n<div class=\"bde-button-184-310 bde-button\">\n    \n                                    \n    \n    \n    \n    \n            \n                    \n            \n            \n\n    \n    \n    \n    \n    \n    <a class=\"breakdance-link button-atom button-atom--secondary bde-button__button\" href=\"https:\/\/wa.me\/40756403323?text=Hello,%20I%20need%20info%20about%20your%20puppies!\" target=\"_self\" data-type=\"url\"  >\n\n    \n        <span class=\"button-atom__text\">Whatsapp<\/span>\n\n        \n        \n                <\/a>\n\n    \n\n\n<\/div>\n<\/div><\/div><\/div>\n<\/section><section class=\"bde-section-184-105 bde-section\">\n  \n  \n\t\n\n\n\n<div class=\"section-container\"><div class=\"bde-columns-184-261 bde-columns\"><div class=\"bde-column-184-264 bde-column\">\n  \n  \n\t\n\n\n\n<h2 class=\"bde-heading-184-266 bde-heading\">\nGet in Touch for Puppy Availability\n<\/h2><h2 class=\"bde-heading-184-268 bde-heading\">\nSend Us a Message \u2013 We Respond Quickly\n<\/h2><div class=\"bde-text-184-267 bde-text\">\nWe have the answers and support you need for the German Shepherd breed in Bucharest. Contact us at Casa di Arancina Kennel and find out more!<br>\n<\/div><div class=\"bde-fancy-divider-184-288 bde-fancy-divider\">\n\n\n<div class=\"bde-fancy-divider__wrapper\">\n  <div class=\"bde-fancy-divider__separator   \">\n  \t  <\/div>\n<\/div>\n\n<\/div><div class=\"bde-rich-text-184-287 bde-rich-text breakdance-rich-text-styles\">\n<div class=\"elementor-element elementor-element-fd22e04 elementor-widget elementor-widget-text-editor\" data-id=\"fd22e04\" data-element_type=\"widget\" data-widget_type=\"text-editor.default\"><p>We\u2019re here to answer your questions and provide the support you need.Whether you\u2019re looking for a new family member or have questions about training, care, or any other aspect related to the German Shepherd, we\u2019re here to help.<\/p><p>We\u2019re excited to connect with you! If you have any questions, concerns, or want to learn more about Casa di Arancina Kennel in Bucharest and our exceptional German Shepherd puppies, please contact us using the information below.<\/p><p>Rest assured, we\u2019ll respond to your message as soon as possible and make every effort to provide the support you need. We care about every visitor and customer and aim to ensure a pleasant experience in dealing with us.Discover passion and excellence in raising German Shepherds.<\/p><p>For further details and information about availability, we recommend contacting Casa di Arancina Kennel directly using the details below.German Shepherd Bucharest Contact<\/p><\/div>\n<\/div><div class=\"bde-columns-184-293 bde-columns\"><div class=\"bde-column-184-294 bde-column\">\n  \n  \n\t\n\n\n\n<h3 class=\"bde-heading-184-297 bde-heading\">\nContact German Shepherd Breeder in Bucharest<br>\n<\/h3><div class=\"bde-rich-text-184-298 bde-rich-text breakdance-rich-text-styles\">\n<p><strong>Location:<\/strong><\/p><p>Bucharest<br \/>Drumul Taberei<br \/>Sector 6<\/p><p><strong>Phone Contact:<\/strong><br \/>+40 (756) 403 323<\/p><p><strong>Email:<\/strong><br \/>contact@hlm.ro<br \/>info@hlm.ro<\/p>\n<\/div>\n<\/div><div class=\"bde-column-184-295 bde-column\">\n  \n  \n\t\n\n\n\n<h3 class=\"bde-heading-184-299 bde-heading\">\nContact Form\n<\/h3><div class=\"bde-shortcode-184-296 bde-shortcode\">\n<div class=\"forminator-ui forminator-custom-form forminator-custom-form-837 forminator-design--default  forminator_ajax\" data-forminator-render=\"0\" data-form=\"forminator-module-837\" data-uid=\"69d44abf8e9b2\"><br\/><\/div><form\n\t\t\t\tid=\"forminator-module-837\"\n\t\t\t\tclass=\"forminator-ui forminator-custom-form forminator-custom-form-837 forminator-design--default  forminator_ajax\"\n\t\t\t\tmethod=\"post\"\n\t\t\t\tdata-forminator-render=\"0\"\n\t\t\t\tdata-form-id=\"837\"\n\t\t\t\t data-color-option=\"default\" data-design=\"default\" data-grid=\"open\" style=\"display: none;\"\n\t\t\t\tdata-uid=\"69d44abf8e9b2\"\n\t\t\t><div role=\"alert\" aria-live=\"polite\" class=\"forminator-response-message forminator-error\" aria-hidden=\"true\"><\/div><div class=\"forminator-row\"><div id=\"name-1\" class=\"forminator-field-name forminator-col forminator-col-12 \"><div class=\"forminator-field\"><label for=\"forminator-field-name-1_69d44abf8e9b2\" id=\"forminator-field-name-1_69d44abf8e9b2-label\" class=\"forminator-label\">Name <span class=\"forminator-required\">*<\/span><\/label><input type=\"text\" name=\"name-1\" value=\"\" placeholder=\"John Doe\" id=\"forminator-field-name-1_69d44abf8e9b2\" class=\"forminator-input forminator-name--field\" aria-required=\"true\" autocomplete=\"name\" \/><\/div><\/div><\/div><div class=\"forminator-row\"><div id=\"phone-1\" class=\"forminator-field-phone forminator-col forminator-col-12 \"><div class=\"forminator-field\"><label for=\"forminator-field-phone-1_69d44abf8e9b2\" id=\"forminator-field-phone-1_69d44abf8e9b2-label\" class=\"forminator-label\">Phone Contact <span class=\"forminator-required\">*<\/span><\/label><input type=\"text\" name=\"phone-1\" value=\"\" placeholder=\"+1 312-867-0455\" id=\"forminator-field-phone-1_69d44abf8e9b2\" class=\"forminator-input forminator-field--phone\" data-required=\"1\" aria-required=\"true\" autocomplete=\"off\" \/><\/div><\/div><\/div><div class=\"forminator-row\"><div id=\"textarea-1\" class=\"forminator-field-textarea forminator-col forminator-col-12 \"><div class=\"forminator-field\"><label for=\"forminator-field-textarea-1_69d44abf8e9b2\" id=\"forminator-field-textarea-1_69d44abf8e9b2-label\" class=\"forminator-label\">Message<\/label><textarea name=\"textarea-1\" placeholder=\"\" id=\"forminator-field-textarea-1_69d44abf8e9b2\" class=\"forminator-textarea\" rows=\"6\" style=\"min-height:140px;\" ><\/textarea><\/div><\/div><\/div><div class=\"forminator-row\"><div id=\"email-1\" class=\"forminator-field-email forminator-col forminator-col-12 \"><div class=\"forminator-field\"><label for=\"forminator-field-email-1_69d44abf8e9b2\" id=\"forminator-field-email-1_69d44abf8e9b2-label\" class=\"forminator-label\">E-mail Address <span class=\"forminator-required\">*<\/span><\/label><input type=\"email\" name=\"email-1\" value=\"\" placeholder=\"john@doe.com\" id=\"forminator-field-email-1_69d44abf8e9b2\" class=\"forminator-input forminator-email--field\" data-required=\"1\" aria-required=\"true\" autocomplete=\"email\" \/><\/div><\/div><\/div><div class=\"forminator-row\"><div id=\"captcha-1\" class=\"forminator-field-captcha forminator-col forminator-col-12 \"><div class=\"forminator-captcha-left forminator-g-recaptcha\" data-theme=\"light\"  data-sitekey=\"6LfCepIpAAAAAAWvJIneLbwLL34jSrZH0-8UGcNH\" data-size=\"normal\"><\/div> <\/div><\/div><div class=\"forminator-row forminator-hidden\"><input type=\"hidden\" id=\"hidden-1_69d44abf8e9b2\" name=\"hidden-1\" value=\"216.73.216.146\" \/><\/div><input type=\"hidden\" name=\"referer_url\" value=\"\" \/><div class=\"forminator-row forminator-row-last\"><div class=\"forminator-col\"><div class=\"forminator-field\"><button class=\"forminator-button forminator-button-submit\">Send<\/button><\/div><\/div><\/div><input type=\"hidden\" id=\"forminator_nonce\" name=\"forminator_nonce\" value=\"222696a5f3\" \/><input type=\"hidden\" name=\"_wp_http_referer\" value=\"\/en\/wp-json\/wp\/v2\/pages\/184\" \/><input type=\"hidden\" name=\"form_id\" value=\"837\"><input type=\"hidden\" name=\"page_id\" value=\"184\"><input type=\"hidden\" name=\"form_type\" value=\"default\"><input type=\"hidden\" name=\"current_url\" value=\"https:\/\/hlm.ro\/en\/contact\/\"><input type=\"hidden\" name=\"render_id\" value=\"0\"><input type=\"hidden\" name=\"action\" value=\"forminator_submit_form_custom-forms\"><\/form>\n<\/div>\n<\/div><\/div><div class=\"bde-google-map-184-292 bde-google-map\">\n\r\n<iframe width=\"100%\" height=\"100%\" style=\"border:0\" loading=\"lazy\" title=\"Map\" src=\"https:\/\/maps.google.com\/maps?q=Canisa+Casa+Ara&t=m&z=16&output=embed&iwloc=near\" allowfullscreen><\/iframe>\n\n<\/div><div class=\"bde-columns-184-300 bde-columns\"><div class=\"bde-column-184-301 bde-column\">\n  \n  \n\t\n\n\n\n<h3 class=\"bde-heading-184-302 bde-heading\">\nGerman Shepherd Kennel - Casa di Arancina\n<\/h3><div class=\"bde-fancy-divider-184-303 bde-fancy-divider\">\n\n\n<div class=\"bde-fancy-divider__wrapper\">\n  <div class=\"bde-fancy-divider__separator   \">\n  \t  <\/div>\n<\/div>\n\n<\/div><div class=\"bde-fancy-divider-184-304 bde-fancy-divider\">\n\n\n<div class=\"bde-fancy-divider__wrapper\">\n  <div class=\"bde-fancy-divider__separator   \">\n  \t  <\/div>\n<\/div>\n\n<\/div><div class=\"bde-rich-text-184-305 bde-rich-text breakdance-rich-text-styles\">\n<p>Casa di Arancina, a kennel specialized in breeding <a href=\"https:\/\/hlm.ro\/en\/german-shepherd\/\">German Shepherds<\/a>, was founded in 2015 in Bucharest. Ara was the source of inspiration for our passion and the development of this kennel. We collaborate with other exceptional kennels to obtain remarkable specimens and to select individuals with excellent genetics.<\/p><p>\u00a0<\/p>\n<\/div>\n<\/div><div class=\"bde-column-184-306 bde-column\">\n  \n  \n\t\n\n\n\n<h3 class=\"bde-heading-184-307 bde-heading\">\nVideo Gallery\n<\/h3><div class=\"bde-fancy-divider-184-308 bde-fancy-divider\">\n\n\n<div class=\"bde-fancy-divider__wrapper\">\n  <div class=\"bde-fancy-divider__separator   \">\n  \t  <\/div>\n<\/div>\n\n<\/div><div class=\"bde-image-hover-card-184-309 bde-image-hover-card galerie-video\">\n           \n            \n            \n\n    \n    \n    \n    \n    \n    <a class=\"breakdance-link\" href=\"https:\/\/hlm.ro\/en\/german-shepherd\/gallery\/\" target=\"_self\" data-type=\"url\"  >\n\n<figure class=\"ee-imagehover c4-izmir c4-border-bottom c4-image-pan-down\">\n    <img decoding=\"async\" class=\"breakdance-image-object\" src=\"https:\/\/hlm.ro\/wp-content\/uploads\/2025\/04\/ciobanesc-german-padure.webp\" width=\"500\" height=\"313\" srcset=\"https:\/\/hlm.ro\/wp-content\/uploads\/2025\/04\/ciobanesc-german-padure.webp 500w, https:\/\/hlm.ro\/wp-content\/uploads\/2025\/04\/ciobanesc-german-padure-300x188.webp 300w\" sizes=\"auto, (max-width: 500px) 100vw, 500px\" alt=\"femela ciobanesc german din canisa noastra in padure\" loading=\"lazy\">\n  <figcaption class=\"c4-layout-top-right\">\n                <div class=\"c4-rotate-down-right c4-delay-200\">\n              <h4 class=\"ee-imagehover-title\">Gallery<\/h4>\n      <\/div>\n                <div class=\"c4-rotate-down-left c4-delay-400\">\n              <h4 class=\"ee-imagehover-title\">Arancina<\/h4>\n      <\/div>\n      <\/figcaption>\n<\/figure>\n      <\/a>\n\n<\/div>\n<\/div><\/div>\n<\/div><\/div><\/div>\n<\/section>","protected":false},"excerpt":{"rendered":"<p>German Shepherd BreederContact call Whatsapp Get in Touch for Puppy Availability Send Us a Message \u2013 We Respond Quickly We have the answers and support you need for the German Shepherd breed in Bucharest. Contact us at Casa di Arancina Kennel and find out more! We\u2019re here to answer your questions and provide the support [&hellip;]<\/p>\n","protected":false},"author":1,"featured_media":0,"parent":0,"menu_order":0,"comment_status":"closed","ping_status":"closed","template":"","meta":{"_breakdance_hide_in_design_set":false,"_breakdance_tags":"","footnotes":""},"class_list":["post-184","page","type-page","status-publish","hentry"],"yoast_head":"<!-- This site is optimized with the Yoast SEO plugin v26.5 - https:\/\/yoast.com\/wordpress\/plugins\/seo\/ -->\n<title>Contact Our German Shepherd Kennel | HLM Romania<\/title>\n<meta name=\"description\" content=\"Get in touch with HLM Kennel \u2013 trusted German Shepherd breeders in Romania. Visit our dogs, ask about available puppies, or schedule a call\" \/>\n<meta name=\"robots\" content=\"index, follow, max-snippet:-1, max-image-preview:large, max-video-preview:-1\" \/>\n<link rel=\"canonical\" href=\"https:\/\/hlm.ro\/en\/contact\/\" \/>\n<meta property=\"og:locale\" content=\"en_US\" \/>\n<meta property=\"og:type\" content=\"article\" \/>\n<meta property=\"og:title\" content=\"Contact Our German Shepherd Kennel | HLM Romania\" \/>\n<meta property=\"og:description\" content=\"Get in touch with HLM Kennel \u2013 trusted German Shepherd breeders in Romania. Visit our dogs, ask about available puppies, or schedule a call\" \/>\n<meta property=\"og:url\" content=\"https:\/\/hlm.ro\/en\/contact\/\" \/>\n<meta property=\"og:site_name\" content=\"German Shepherd Puppies with Pedigree \u2013 Certified Breeder in Romania\" \/>\n<meta property=\"article:publisher\" content=\"https:\/\/www.facebook.com\/canisaciobanescgerman\" \/>\n<meta property=\"article:modified_time\" content=\"2025-06-06T09:57:49+00:00\" \/>\n<meta property=\"og:image\" content=\"https:\/\/hlm.ro\/en\/wp-content\/uploads\/2025\/04\/pui-ciobanesc-german-pe-covor.webp\" \/>\n\t<meta property=\"og:image:width\" content=\"1600\" \/>\n\t<meta property=\"og:image:height\" content=\"1066\" \/>\n\t<meta property=\"og:image:type\" content=\"image\/webp\" \/>\n<meta name=\"twitter:card\" content=\"summary_large_image\" \/>\n<meta name=\"twitter:label1\" content=\"Est. reading time\" \/>\n\t<meta name=\"twitter:data1\" content=\"2 minutes\" \/>\n<script type=\"application\/ld+json\" class=\"yoast-schema-graph\">{\"@context\":\"https:\/\/schema.org\",\"@graph\":[{\"@type\":\"WebPage\",\"@id\":\"https:\/\/hlm.ro\/en\/contact\/\",\"url\":\"https:\/\/hlm.ro\/en\/contact\/\",\"name\":\"Contact Our German Shepherd Kennel | HLM Romania\",\"isPartOf\":{\"@id\":\"https:\/\/hlm.ro\/en\/#website\"},\"datePublished\":\"2025-04-24T06:06:35+00:00\",\"dateModified\":\"2025-06-06T09:57:49+00:00\",\"description\":\"Get in touch with HLM Kennel \u2013 trusted German Shepherd breeders in Romania. Visit our dogs, ask about available puppies, or schedule a call\",\"breadcrumb\":{\"@id\":\"https:\/\/hlm.ro\/en\/contact\/#breadcrumb\"},\"inLanguage\":\"en-US\",\"potentialAction\":[{\"@type\":\"ReadAction\",\"target\":[\"https:\/\/hlm.ro\/en\/contact\/\"]}]},{\"@type\":\"BreadcrumbList\",\"@id\":\"https:\/\/hlm.ro\/en\/contact\/#breadcrumb\",\"itemListElement\":[{\"@type\":\"ListItem\",\"position\":1,\"name\":\"Home\",\"item\":\"https:\/\/hlm.ro\/en\/\"},{\"@type\":\"ListItem\",\"position\":2,\"name\":\"Contact\"}]},{\"@type\":\"WebSite\",\"@id\":\"https:\/\/hlm.ro\/en\/#website\",\"url\":\"https:\/\/hlm.ro\/en\/\",\"name\":\"HLM.ro - Canisa Ciob\u0103nesc German Bucure\u0219ti\",\"description\":\" Purebred German Shepherd Puppies \u2013 Responsible Breeding, Guaranteed Pedigree\",\"publisher\":{\"@id\":\"https:\/\/hlm.ro\/en\/#organization\"},\"alternateName\":\"Casa di Arancina - Pui Ciob\u0103nesc German de Ras\u0103 Pur\u0103\",\"potentialAction\":[{\"@type\":\"SearchAction\",\"target\":{\"@type\":\"EntryPoint\",\"urlTemplate\":\"https:\/\/hlm.ro\/en\/?s={search_term_string}\"},\"query-input\":{\"@type\":\"PropertyValueSpecification\",\"valueRequired\":true,\"valueName\":\"search_term_string\"}}],\"inLanguage\":\"en-US\"},{\"@type\":\"Organization\",\"@id\":\"https:\/\/hlm.ro\/en\/#organization\",\"name\":\"Casa di Arancina\",\"alternateName\":\"HLM\",\"url\":\"https:\/\/hlm.ro\/en\/\",\"logo\":{\"@type\":\"ImageObject\",\"inLanguage\":\"en-US\",\"@id\":\"https:\/\/hlm.ro\/en\/#\/schema\/logo\/image\/\",\"url\":\"https:\/\/hlm.ro\/en\/wp-content\/uploads\/2025\/04\/golden_final-e1745963534137.png\",\"contentUrl\":\"https:\/\/hlm.ro\/en\/wp-content\/uploads\/2025\/04\/golden_final-e1745963534137.png\",\"width\":180,\"height\":101,\"caption\":\"Casa di Arancina\"},\"image\":{\"@id\":\"https:\/\/hlm.ro\/en\/#\/schema\/logo\/image\/\"},\"sameAs\":[\"https:\/\/www.facebook.com\/canisaciobanescgerman\",\"https:\/\/www.instagram.com\/casa_di_arancina\/\"]}]}<\/script>\n<!-- \/ Yoast SEO plugin. -->","yoast_head_json":{"title":"Contact Our German Shepherd Kennel | HLM Romania","description":"Get in touch with HLM Kennel \u2013 trusted German Shepherd breeders in Romania. Visit our dogs, ask about available puppies, or schedule a call","robots":{"index":"index","follow":"follow","max-snippet":"max-snippet:-1","max-image-preview":"max-image-preview:large","max-video-preview":"max-video-preview:-1"},"canonical":"https:\/\/hlm.ro\/en\/contact\/","og_locale":"en_US","og_type":"article","og_title":"Contact Our German Shepherd Kennel | HLM Romania","og_description":"Get in touch with HLM Kennel \u2013 trusted German Shepherd breeders in Romania. Visit our dogs, ask about available puppies, or schedule a call","og_url":"https:\/\/hlm.ro\/en\/contact\/","og_site_name":"German Shepherd Puppies with Pedigree \u2013 Certified Breeder in Romania","article_publisher":"https:\/\/www.facebook.com\/canisaciobanescgerman","article_modified_time":"2025-06-06T09:57:49+00:00","og_image":[{"width":1600,"height":1066,"url":"https:\/\/hlm.ro\/en\/wp-content\/uploads\/2025\/04\/pui-ciobanesc-german-pe-covor.webp","type":"image\/webp"}],"twitter_card":"summary_large_image","twitter_misc":{"Est. reading time":"2 minutes"},"schema":{"@context":"https:\/\/schema.org","@graph":[{"@type":"WebPage","@id":"https:\/\/hlm.ro\/en\/contact\/","url":"https:\/\/hlm.ro\/en\/contact\/","name":"Contact Our German Shepherd Kennel | HLM Romania","isPartOf":{"@id":"https:\/\/hlm.ro\/en\/#website"},"datePublished":"2025-04-24T06:06:35+00:00","dateModified":"2025-06-06T09:57:49+00:00","description":"Get in touch with HLM Kennel \u2013 trusted German Shepherd breeders in Romania. Visit our dogs, ask about available puppies, or schedule a call","breadcrumb":{"@id":"https:\/\/hlm.ro\/en\/contact\/#breadcrumb"},"inLanguage":"en-US","potentialAction":[{"@type":"ReadAction","target":["https:\/\/hlm.ro\/en\/contact\/"]}]},{"@type":"BreadcrumbList","@id":"https:\/\/hlm.ro\/en\/contact\/#breadcrumb","itemListElement":[{"@type":"ListItem","position":1,"name":"Home","item":"https:\/\/hlm.ro\/en\/"},{"@type":"ListItem","position":2,"name":"Contact"}]},{"@type":"WebSite","@id":"https:\/\/hlm.ro\/en\/#website","url":"https:\/\/hlm.ro\/en\/","name":"HLM.ro - Canisa Ciob\u0103nesc German Bucure\u0219ti","description":" Purebred German Shepherd Puppies \u2013 Responsible Breeding, Guaranteed Pedigree","publisher":{"@id":"https:\/\/hlm.ro\/en\/#organization"},"alternateName":"Casa di Arancina - Pui Ciob\u0103nesc German de Ras\u0103 Pur\u0103","potentialAction":[{"@type":"SearchAction","target":{"@type":"EntryPoint","urlTemplate":"https:\/\/hlm.ro\/en\/?s={search_term_string}"},"query-input":{"@type":"PropertyValueSpecification","valueRequired":true,"valueName":"search_term_string"}}],"inLanguage":"en-US"},{"@type":"Organization","@id":"https:\/\/hlm.ro\/en\/#organization","name":"Casa di Arancina","alternateName":"HLM","url":"https:\/\/hlm.ro\/en\/","logo":{"@type":"ImageObject","inLanguage":"en-US","@id":"https:\/\/hlm.ro\/en\/#\/schema\/logo\/image\/","url":"https:\/\/hlm.ro\/en\/wp-content\/uploads\/2025\/04\/golden_final-e1745963534137.png","contentUrl":"https:\/\/hlm.ro\/en\/wp-content\/uploads\/2025\/04\/golden_final-e1745963534137.png","width":180,"height":101,"caption":"Casa di Arancina"},"image":{"@id":"https:\/\/hlm.ro\/en\/#\/schema\/logo\/image\/"},"sameAs":["https:\/\/www.facebook.com\/canisaciobanescgerman","https:\/\/www.instagram.com\/casa_di_arancina\/"]}]}},"_links":{"self":[{"href":"https:\/\/hlm.ro\/en\/wp-json\/wp\/v2\/pages\/184","targetHints":{"allow":["GET"]}}],"collection":[{"href":"https:\/\/hlm.ro\/en\/wp-json\/wp\/v2\/pages"}],"about":[{"href":"https:\/\/hlm.ro\/en\/wp-json\/wp\/v2\/types\/page"}],"author":[{"embeddable":true,"href":"https:\/\/hlm.ro\/en\/wp-json\/wp\/v2\/users\/1"}],"replies":[{"embeddable":true,"href":"https:\/\/hlm.ro\/en\/wp-json\/wp\/v2\/comments?post=184"}],"version-history":[{"count":43,"href":"https:\/\/hlm.ro\/en\/wp-json\/wp\/v2\/pages\/184\/revisions"}],"predecessor-version":[{"id":935,"href":"https:\/\/hlm.ro\/en\/wp-json\/wp\/v2\/pages\/184\/revisions\/935"}],"wp:attachment":[{"href":"https:\/\/hlm.ro\/en\/wp-json\/wp\/v2\/media?parent=184"}],"curies":[{"name":"wp","href":"https:\/\/api.w.org\/{rel}","templated":true}]}}